 {"id":455,"date":"2024-04-08T17:26:35","date_gmt":"2024-04-08T15:26:35","guid":{"rendered":"https:\/\/blogs.univ-tlse2.fr\/enfantsetanimaux\/?page_id=455"},"modified":"2024-04-08T17:26:35","modified_gmt":"2024-04-08T15:26:35","slug":"si-jetais-un-animal","status":"publish","type":"page","link":"https:\/\/blogs.univ-tlse2.fr\/enfantsetanimaux\/si-jetais-un-animal\/","title":{"rendered":"Si j&rsquo;\u00e9tais un animal&#8230;"},"content":{"rendered":"\n<p>Les \u00e9l\u00e8ves ont r\u00e9fl\u00e9chi \u00e0 quel animal ils aimeraient \u00eatre et pourquoi. Voici leurs r\u00e9ponses sous forme de diagramme en secteurs.<\/p>\n\n\n\n<figure class=\"wp-block-image size-large\"><img loading=\"lazy\" decoding=\"async\" width=\"1024\" height=\"487\" src=\"https:\/\/blogs.univ-tlse2.fr\/enfantsetanimaux\/files\/2024\/04\/animal-aime-1024x487.jpg\" alt=\"\" class=\"wp-image-456\" srcset=\"https:\/\/blogs.univ-tlse2.fr\/enfantsetanimaux\/files\/2024\/04\/animal-aime-1024x487.jpg 1024w, https:\/\/blogs.univ-tlse2.fr\/enfantsetanimaux\/files\/2024\/04\/animal-aime-300x143.jpg 300w, https:\/\/blogs.univ-tlse2.fr\/enfantsetanimaux\/files\/2024\/04\/animal-aime-768x365.jpg 768w, https:\/\/blogs.univ-tlse2.fr\/enfantsetanimaux\/files\/2024\/04\/animal-aime.jpg 1364w\" sizes=\"auto, (max-width: 1024px) 100vw, 1024px\" \/><figcaption class=\"wp-element-caption\">R\u00e9ponse \u00e0 la question : si tu \u00e9tais un animal, lequel aimerais-tu \u00eatre ?<\/figcaption><\/figure>\n\n\n\n<p>La grande majorit\u00e9 pr\u00e9f\u00e8rerait \u00eatre un mammif\u00e8re (81% des \u00e9l\u00e8ves) et parmi ces mammif\u00e8res, ce sont les f\u00e9lins et canid\u00e9s qui sont les plus choisis. Quelques uns ont choisi un reptile (13%) et encore moins choisissent un oiseau (6%). Il faut aussi noter que la majorit\u00e9 a choisi d&rsquo;\u00eatre un animal sauvage (87%), alors que les animaux domestiques (chiens et chats) ne repr\u00e9sentent que 13% des choix.<\/p>\n\n\n\n<p>En observant les raisons de ces choix, les \u00e9l\u00e8ves r\u00e9pondent sur diff\u00e9rentes caract\u00e9ristiques des animaux. Celles-ci sont regroup\u00e9es ci-dessous.<\/p>\n\n\n\n<figure class=\"wp-block-image size-large\"><img loading=\"lazy\" decoding=\"async\" width=\"1024\" height=\"487\" src=\"https:\/\/blogs.univ-tlse2.fr\/enfantsetanimaux\/files\/2024\/04\/pourquoi-jaimerai-etre-celui-ci-1024x487.jpg\" alt=\"\" class=\"wp-image-457\" srcset=\"https:\/\/blogs.univ-tlse2.fr\/enfantsetanimaux\/files\/2024\/04\/pourquoi-jaimerai-etre-celui-ci-1024x487.jpg 1024w, https:\/\/blogs.univ-tlse2.fr\/enfantsetanimaux\/files\/2024\/04\/pourquoi-jaimerai-etre-celui-ci-300x143.jpg 300w, https:\/\/blogs.univ-tlse2.fr\/enfantsetanimaux\/files\/2024\/04\/pourquoi-jaimerai-etre-celui-ci-768x365.jpg 768w, https:\/\/blogs.univ-tlse2.fr\/enfantsetanimaux\/files\/2024\/04\/pourquoi-jaimerai-etre-celui-ci.jpg 1079w\" sizes=\"auto, (max-width: 1024px) 100vw, 1024px\" \/><\/figure>\n\n\n\n<p>Nous avons aussi demand\u00e9 aux \u00e9l\u00e8ves quel animal ils n&rsquo;aimeraient surtout pas \u00eatre. Voici leur r\u00e9ponse.<\/p>\n\n\n\n<p> <\/p>\n\n\n\n<figure class=\"wp-block-image size-large\"><img loading=\"lazy\" decoding=\"async\" width=\"1024\" height=\"489\" src=\"https:\/\/blogs.univ-tlse2.fr\/enfantsetanimaux\/files\/2024\/04\/naimerai-pas-etre-1024x489.jpg\" alt=\"\" class=\"wp-image-458\" srcset=\"https:\/\/blogs.univ-tlse2.fr\/enfantsetanimaux\/files\/2024\/04\/naimerai-pas-etre-1024x489.jpg 1024w, https:\/\/blogs.univ-tlse2.fr\/enfantsetanimaux\/files\/2024\/04\/naimerai-pas-etre-300x143.jpg 300w, https:\/\/blogs.univ-tlse2.fr\/enfantsetanimaux\/files\/2024\/04\/naimerai-pas-etre-768x367.jpg 768w, https:\/\/blogs.univ-tlse2.fr\/enfantsetanimaux\/files\/2024\/04\/naimerai-pas-etre.jpg 1335w\" sizes=\"auto, (max-width: 1024px) 100vw, 1024px\" \/><figcaption class=\"wp-element-caption\">R\u00e9ponse \u00e0 la question : Si tu \u00e9tais un animal, lequel n&rsquo;aimerais-tu pas \u00eatre ?<\/figcaption><\/figure>\n\n\n\n<p>On peut voir que les \u00ab\u00a0petites b\u00eates\u00a0\u00bb comme les insectes, araign\u00e9es, vers de terre sont majoritaires, alors que personne ne les cite comme animal qu&rsquo;il aimerait \u00eatre&#8230; Les arguments sont le plus souvent parce qu&rsquo;on n&rsquo;aime pas leur apparence, parce que leur vie est courte, ou encore parce qu&rsquo;on en a peur&#8230;<\/p>\n\n\n\n<figure class=\"wp-block-image size-large\"><img loading=\"lazy\" decoding=\"async\" width=\"1024\" height=\"440\" src=\"https:\/\/blogs.univ-tlse2.fr\/enfantsetanimaux\/files\/2024\/04\/pourquoi-jaimerai-pas-1024x440.jpg\" alt=\"\" class=\"wp-image-459\" srcset=\"https:\/\/blogs.univ-tlse2.fr\/enfantsetanimaux\/files\/2024\/04\/pourquoi-jaimerai-pas-1024x440.jpg 1024w, https:\/\/blogs.univ-tlse2.fr\/enfantsetanimaux\/files\/2024\/04\/pourquoi-jaimerai-pas-300x129.jpg 300w, https:\/\/blogs.univ-tlse2.fr\/enfantsetanimaux\/files\/2024\/04\/pourquoi-jaimerai-pas-768x330.jpg 768w, https:\/\/blogs.univ-tlse2.fr\/enfantsetanimaux\/files\/2024\/04\/pourquoi-jaimerai-pas.jpg 1340w\" sizes=\"auto, (max-width: 1024px) 100vw, 1024px\" \/><\/figure>\n\n\n\n<p>Nous avons termin\u00e9 dans chaque classe par une discussion pour essayer de se mettre \u00e0 la place de l&rsquo;animal et pour \u00e9changer nos id\u00e9es sur la question.<\/p>\n","protected":false},"excerpt":{"rendered":"<p>Les \u00e9l\u00e8ves ont r\u00e9fl\u00e9chi \u00e0 quel animal ils aimeraient \u00eatre et pourquoi. Voici leurs r\u00e9ponses sous forme de diagramme en secteurs. La grande majorit\u00e9 pr\u00e9f\u00e8rerait \u00eatre un mammif\u00e8re (81% des \u00e9l\u00e8ves) et parmi ces mammif\u00e8res, ce sont les f\u00e9lins et &hellip; <a href=\"https:\/\/blogs.univ-tlse2.fr\/enfantsetanimaux\/si-jetais-un-animal\/\">Continuer la lecture <span class=\"meta-nav\">&rarr;<\/span><\/a><\/p>\n","protected":false},"author":1376,"featured_media":0,"parent":0,"menu_order":0,"comment_status":"closed","ping_status":"closed","template":"","meta":{"footnotes":""},"class_list":["post-455","page","type-page","status-publish","hentry"],"_links":{"self":[{"href":"https:\/\/blogs.univ-tlse2.fr\/enfantsetanimaux\/wp-json\/wp\/v2\/pages\/455","targetHints":{"allow":["GET"]}}],"collection":[{"href":"https:\/\/blogs.univ-tlse2.fr\/enfantsetanimaux\/wp-json\/wp\/v2\/pages"}],"about":[{"href":"https:\/\/blogs.univ-tlse2.fr\/enfantsetanimaux\/wp-json\/wp\/v2\/types\/page"}],"author":[{"embeddable":true,"href":"https:\/\/blogs.univ-tlse2.fr\/enfantsetanimaux\/wp-json\/wp\/v2\/users\/1376"}],"replies":[{"embeddable":true,"href":"https:\/\/blogs.univ-tlse2.fr\/enfantsetanimaux\/wp-json\/wp\/v2\/comments?post=455"}],"version-history":[{"count":1,"href":"https:\/\/blogs.univ-tlse2.fr\/enfantsetanimaux\/wp-json\/wp\/v2\/pages\/455\/revisions"}],"predecessor-version":[{"id":461,"href":"https:\/\/blogs.univ-tlse2.fr\/enfantsetanimaux\/wp-json\/wp\/v2\/pages\/455\/revisions\/461"}],"wp:attachment":[{"href":"https:\/\/blogs.univ-tlse2.fr\/enfantsetanimaux\/wp-json\/wp\/v2\/media?parent=455"}],"curies":[{"name":"wp","href":"https:\/\/api.w.org\/{rel}","templated":true}]}}