 {"id":462,"date":"2024-04-11T06:45:39","date_gmt":"2024-04-11T04:45:39","guid":{"rendered":"https:\/\/blogs.univ-tlse2.fr\/enfantsetanimaux\/?page_id=462"},"modified":"2025-09-26T15:47:03","modified_gmt":"2025-09-26T13:47:03","slug":"les-enfants-acteurs-du-projet","status":"publish","type":"page","link":"https:\/\/blogs.univ-tlse2.fr\/enfantsetanimaux\/les-enfants-acteurs-du-projet\/","title":{"rendered":"Les enfants acteurs du projet"},"content":{"rendered":"\n<p>Le sujet du projet Biodiv&rsquo;Ecole est celui des animaux sauvages et des relations entre les humains et les animaux et entre les animaux et les humains !<\/p>\n\n\n\n<p>Les premiers acteurs de ce projet sont les \u00e9l\u00e8ves de deux classes de CM1-CM2 de l&rsquo;\u00e9cole publique Pierre Mend\u00e8s France de Ramonville Saint Agne. Cette ville de 15 000 habitants est limitrophe de Toulouse, situ\u00e9e au Sud de la m\u00e9tropole.<\/p>\n\n\n\n<figure class=\"wp-block-image size-full\"><img loading=\"lazy\" decoding=\"async\" width=\"649\" height=\"501\" src=\"https:\/\/blogs.univ-tlse2.fr\/enfantsetanimaux\/files\/2024\/04\/carte-ramonville.jpg\" alt=\"\" class=\"wp-image-463\" srcset=\"https:\/\/blogs.univ-tlse2.fr\/enfantsetanimaux\/files\/2024\/04\/carte-ramonville.jpg 649w, https:\/\/blogs.univ-tlse2.fr\/enfantsetanimaux\/files\/2024\/04\/carte-ramonville-300x232.jpg 300w\" sizes=\"auto, (max-width: 649px) 100vw, 649px\" \/><\/figure>\n\n\n\n<p>L&rsquo;\u00e9cole compte 172 \u00e9l\u00e8ves, elle est compos\u00e9e de 7 classes et un dispositif ULIS Troubles des fonctions motrices. Sa directrice est Mme Aur\u00e9lia Arzuffi. L&rsquo;\u00e9cole est situ\u00e9e au sud de la ville, non loin du canal du midi.<\/p>\n\n\n\n<figure class=\"wp-block-image size-full\"><img loading=\"lazy\" decoding=\"async\" width=\"645\" height=\"501\" src=\"https:\/\/blogs.univ-tlse2.fr\/enfantsetanimaux\/files\/2024\/04\/ecole.jpg\" alt=\"\" class=\"wp-image-464\" srcset=\"https:\/\/blogs.univ-tlse2.fr\/enfantsetanimaux\/files\/2024\/04\/ecole.jpg 645w, https:\/\/blogs.univ-tlse2.fr\/enfantsetanimaux\/files\/2024\/04\/ecole-300x233.jpg 300w\" sizes=\"auto, (max-width: 645px) 100vw, 645px\" \/><\/figure>\n\n\n\n<figure class=\"wp-block-image size-full\"><img loading=\"lazy\" decoding=\"async\" width=\"947\" height=\"605\" src=\"https:\/\/blogs.univ-tlse2.fr\/enfantsetanimaux\/files\/2024\/04\/ecole-maps.jpg\" alt=\"\" class=\"wp-image-465\" srcset=\"https:\/\/blogs.univ-tlse2.fr\/enfantsetanimaux\/files\/2024\/04\/ecole-maps.jpg 947w, https:\/\/blogs.univ-tlse2.fr\/enfantsetanimaux\/files\/2024\/04\/ecole-maps-300x192.jpg 300w, https:\/\/blogs.univ-tlse2.fr\/enfantsetanimaux\/files\/2024\/04\/ecole-maps-768x491.jpg 768w\" sizes=\"auto, (max-width: 947px) 100vw, 947px\" \/><\/figure>\n\n\n\n<p><\/p>\n","protected":false},"excerpt":{"rendered":"<p>Le sujet du projet Biodiv&rsquo;Ecole est celui des animaux sauvages et des relations entre les humains et les animaux et entre les animaux et les humains ! Les premiers acteurs de ce projet sont les \u00e9l\u00e8ves de deux classes de &hellip; <a href=\"https:\/\/blogs.univ-tlse2.fr\/enfantsetanimaux\/les-enfants-acteurs-du-projet\/\">Continuer la lecture <span class=\"meta-nav\">&rarr;<\/span><\/a><\/p>\n","protected":false},"author":1376,"featured_media":0,"parent":0,"menu_order":0,"comment_status":"closed","ping_status":"closed","template":"","meta":{"footnotes":""},"class_list":["post-462","page","type-page","status-publish","hentry"],"_links":{"self":[{"href":"https:\/\/blogs.univ-tlse2.fr\/enfantsetanimaux\/wp-json\/wp\/v2\/pages\/462","targetHints":{"allow":["GET"]}}],"collection":[{"href":"https:\/\/blogs.univ-tlse2.fr\/enfantsetanimaux\/wp-json\/wp\/v2\/pages"}],"about":[{"href":"https:\/\/blogs.univ-tlse2.fr\/enfantsetanimaux\/wp-json\/wp\/v2\/types\/page"}],"author":[{"embeddable":true,"href":"https:\/\/blogs.univ-tlse2.fr\/enfantsetanimaux\/wp-json\/wp\/v2\/users\/1376"}],"replies":[{"embeddable":true,"href":"https:\/\/blogs.univ-tlse2.fr\/enfantsetanimaux\/wp-json\/wp\/v2\/comments?post=462"}],"version-history":[{"count":4,"href":"https:\/\/blogs.univ-tlse2.fr\/enfantsetanimaux\/wp-json\/wp\/v2\/pages\/462\/revisions"}],"predecessor-version":[{"id":708,"href":"https:\/\/blogs.univ-tlse2.fr\/enfantsetanimaux\/wp-json\/wp\/v2\/pages\/462\/revisions\/708"}],"wp:attachment":[{"href":"https:\/\/blogs.univ-tlse2.fr\/enfantsetanimaux\/wp-json\/wp\/v2\/media?parent=462"}],"curies":[{"name":"wp","href":"https:\/\/api.w.org\/{rel}","templated":true}]}}