 {"id":468,"date":"2024-04-11T07:24:22","date_gmt":"2024-04-11T05:24:22","guid":{"rendered":"https:\/\/blogs.univ-tlse2.fr\/enfantsetanimaux\/?page_id=468"},"modified":"2024-11-25T19:02:32","modified_gmt":"2024-11-25T18:02:32","slug":"les-chercheurs-et-les-enseignantes-dans-le-projet","status":"publish","type":"page","link":"https:\/\/blogs.univ-tlse2.fr\/enfantsetanimaux\/les-chercheurs-et-les-enseignantes-dans-le-projet\/","title":{"rendered":"Les chercheurs et les enseignantes dans le projet"},"content":{"rendered":"\n<p>Quatre personnes sont \u00e0 l&rsquo;origine de ce projet Biodiv&rsquo;Ecole : deux enseignantes de CM1-CM2 de l&rsquo;\u00e9cole primaire Pierre Mend\u00e8s France et deux enseignants chercheurs de deux universit\u00e9s toulousaines. Ils ont souhait\u00e9 faire travailler les \u00e9l\u00e8ves en sciences sur la biodiversit\u00e9 en \u00e9tudiant les animaux sauvages qui nous entourent et les relations entre les humains et les animaux.<\/p>\n\n\n\n<p>Les enseignantes des classes de CM1-CM2 sont Aur\u00e9lia Arzuffi et Agn\u00e8s Cristina. Mme Arzuffi est \u00e9galement la directrice de l&rsquo;\u00e9cole primaire Pierre Mend\u00e8s France.<\/p>\n\n\n\n<figure class=\"wp-block-image size-large is-resized\"><img loading=\"lazy\" decoding=\"async\" width=\"1024\" height=\"519\" src=\"https:\/\/blogs.univ-tlse2.fr\/enfantsetanimaux\/files\/2024\/04\/aurelia-et-agnes-1024x519.jpg\" alt=\"\" class=\"wp-image-497\" style=\"width:294px;height:auto\" srcset=\"https:\/\/blogs.univ-tlse2.fr\/enfantsetanimaux\/files\/2024\/04\/aurelia-et-agnes-1024x519.jpg 1024w, https:\/\/blogs.univ-tlse2.fr\/enfantsetanimaux\/files\/2024\/04\/aurelia-et-agnes-300x152.jpg 300w, https:\/\/blogs.univ-tlse2.fr\/enfantsetanimaux\/files\/2024\/04\/aurelia-et-agnes-768x389.jpg 768w, https:\/\/blogs.univ-tlse2.fr\/enfantsetanimaux\/files\/2024\/04\/aurelia-et-agnes-1536x779.jpg 1536w, https:\/\/blogs.univ-tlse2.fr\/enfantsetanimaux\/files\/2024\/04\/aurelia-et-agnes-2048x1038.jpg 2048w\" sizes=\"auto, (max-width: 1024px) 100vw, 1024px\" \/><\/figure>\n\n\n\n<p><\/p>\n\n\n\n<p><\/p>\n\n\n\n<p>Fr\u00e9d\u00e9ric Santoul, ma\u00eetre de conf\u00e9rences en \u00e9cologie, est un des enseignants-chercheurs de ce projet. Il enseigne \u00e0 l&rsquo;universit\u00e9 Paul Sabatier de Toulouse et effectue ses recherches au Centre de Recherche sur la Biodiversit\u00e9 et l\u2019Environnement (CRBE, UMR CNRS 5300). Dans ses recherches, il est sp\u00e9cialis\u00e9 en \u00e9cologie aquatique, et s&rsquo;int\u00e9resse aux effets de l\u2019introduction de poissons top-pr\u00e9dateurs non-natifs, comme les silures, sur la structure des communaut\u00e9s et l\u2019organisation des r\u00e9seaux trophiques.<\/p>\n\n\n\n<p><a href=\"https:\/\/crbe.cnrs.fr\/annuaire\/santoul\/\">https:\/\/crbe.cnrs.fr\/annuaire\/santoul\/<\/a><\/p>\n\n\n\n<figure class=\"wp-block-image size-full is-resized\"><img loading=\"lazy\" decoding=\"async\" width=\"512\" height=\"512\" src=\"https:\/\/blogs.univ-tlse2.fr\/enfantsetanimaux\/files\/2024\/04\/Frederic-Santoul.jpg\" alt=\"\" class=\"wp-image-490\" style=\"width:135px;height:auto\" srcset=\"https:\/\/blogs.univ-tlse2.fr\/enfantsetanimaux\/files\/2024\/04\/Frederic-Santoul.jpg 512w, https:\/\/blogs.univ-tlse2.fr\/enfantsetanimaux\/files\/2024\/04\/Frederic-Santoul-300x300.jpg 300w, https:\/\/blogs.univ-tlse2.fr\/enfantsetanimaux\/files\/2024\/04\/Frederic-Santoul-150x150.jpg 150w\" sizes=\"auto, (max-width: 512px) 100vw, 512px\" \/><\/figure>\n\n\n\n<p><\/p>\n\n\n\n<p><\/p>\n\n\n\n<p>Rapha\u00ebl Chalmeau, ma\u00eetre de conf\u00e9rences en sciences de l&rsquo;\u00e9ducation, est l&rsquo;autre enseignant chercheur de ce projet. Il enseigne \u00e0 l&rsquo;universit\u00e9 Toulouse Jean Jaur\u00e8s \u00e0 l&rsquo;Institut National Sup\u00e9rieur du Professorat et de l&rsquo;Education (INSPE) et effectue ses recherches au sein de la Structure F\u00e9d\u00e9rative de Recherche \u00ab\u00a0Apprentissage-Education-Formation\u00a0\u00bb (SFR-AEF) et du laboratoire Geode (G\u00e9ographie de l&rsquo;environnement, UMR CNRS 5602). Dans ses recherches, il s&rsquo;int\u00e9resse aux apprentissages des \u00e9l\u00e8ves en sciences du vivant et en \u00e9ducation \u00e0 l&rsquo;environnement et au d\u00e9veloppement durable. Il travaille notamment sur l&rsquo;int\u00e9r\u00eat des sorties dans la nature, la r\u00e9flexion des \u00e9l\u00e8ves lors de d\u00e9bats et de jeux de r\u00f4les, ou encore la relation entre \u00e9l\u00e8ves et animaux lors d&rsquo;un \u00e9levage dans la classe.<\/p>\n\n\n\n<p><a href=\"https:\/\/geode.univ-tlse2.fr\/accueil\/personnel\/raphael-chalmeau#\/\">https:\/\/geode.univ-tlse2.fr\/accueil\/personnel\/raphael-chalmeau#\/<\/a><\/p>\n\n\n\n<figure class=\"wp-block-image size-full is-resized\"><img loading=\"lazy\" decoding=\"async\" width=\"474\" height=\"474\" src=\"https:\/\/blogs.univ-tlse2.fr\/enfantsetanimaux\/files\/2024\/04\/raph-photo.jpg\" alt=\"\" class=\"wp-image-469\" style=\"width:133px;height:auto\" srcset=\"https:\/\/blogs.univ-tlse2.fr\/enfantsetanimaux\/files\/2024\/04\/raph-photo.jpg 474w, https:\/\/blogs.univ-tlse2.fr\/enfantsetanimaux\/files\/2024\/04\/raph-photo-300x300.jpg 300w, https:\/\/blogs.univ-tlse2.fr\/enfantsetanimaux\/files\/2024\/04\/raph-photo-150x150.jpg 150w\" sizes=\"auto, (max-width: 474px) 100vw, 474px\" \/><\/figure>\n\n\n\n<p><\/p>\n","protected":false},"excerpt":{"rendered":"<p>Quatre personnes sont \u00e0 l&rsquo;origine de ce projet Biodiv&rsquo;Ecole : deux enseignantes de CM1-CM2 de l&rsquo;\u00e9cole primaire Pierre Mend\u00e8s France et deux enseignants chercheurs de deux universit\u00e9s toulousaines. Ils ont souhait\u00e9 faire travailler les \u00e9l\u00e8ves en sciences sur la biodiversit\u00e9 &hellip; <a href=\"https:\/\/blogs.univ-tlse2.fr\/enfantsetanimaux\/les-chercheurs-et-les-enseignantes-dans-le-projet\/\">Continuer la lecture <span class=\"meta-nav\">&rarr;<\/span><\/a><\/p>\n","protected":false},"author":1376,"featured_media":0,"parent":0,"menu_order":0,"comment_status":"closed","ping_status":"closed","template":"","meta":{"footnotes":""},"class_list":["post-468","page","type-page","status-publish","hentry"],"_links":{"self":[{"href":"https:\/\/blogs.univ-tlse2.fr\/enfantsetanimaux\/wp-json\/wp\/v2\/pages\/468","targetHints":{"allow":["GET"]}}],"collection":[{"href":"https:\/\/blogs.univ-tlse2.fr\/enfantsetanimaux\/wp-json\/wp\/v2\/pages"}],"about":[{"href":"https:\/\/blogs.univ-tlse2.fr\/enfantsetanimaux\/wp-json\/wp\/v2\/types\/page"}],"author":[{"embeddable":true,"href":"https:\/\/blogs.univ-tlse2.fr\/enfantsetanimaux\/wp-json\/wp\/v2\/users\/1376"}],"replies":[{"embeddable":true,"href":"https:\/\/blogs.univ-tlse2.fr\/enfantsetanimaux\/wp-json\/wp\/v2\/comments?post=468"}],"version-history":[{"count":7,"href":"https:\/\/blogs.univ-tlse2.fr\/enfantsetanimaux\/wp-json\/wp\/v2\/pages\/468\/revisions"}],"predecessor-version":[{"id":650,"href":"https:\/\/blogs.univ-tlse2.fr\/enfantsetanimaux\/wp-json\/wp\/v2\/pages\/468\/revisions\/650"}],"wp:attachment":[{"href":"https:\/\/blogs.univ-tlse2.fr\/enfantsetanimaux\/wp-json\/wp\/v2\/media?parent=468"}],"curies":[{"name":"wp","href":"https:\/\/api.w.org\/{rel}","templated":true}]}}