 {"id":472,"date":"2024-04-11T07:30:50","date_gmt":"2024-04-11T05:30:50","guid":{"rendered":"https:\/\/blogs.univ-tlse2.fr\/enfantsetanimaux\/?page_id=472"},"modified":"2024-04-11T07:30:50","modified_gmt":"2024-04-11T05:30:50","slug":"notre-sejour-au-camparo","status":"publish","type":"page","link":"https:\/\/blogs.univ-tlse2.fr\/enfantsetanimaux\/notre-sejour-au-camparo\/","title":{"rendered":"Notre s\u00e9jour au Camparo"},"content":{"rendered":"\n<p>Nous avons pass\u00e9 une semaine dans les Pyr\u00e9n\u00e9es au mois de septembre 2023.<\/p>\n\n\n\n<figure class=\"wp-block-image size-large\"><img loading=\"lazy\" decoding=\"async\" width=\"1024\" height=\"635\" src=\"https:\/\/blogs.univ-tlse2.fr\/enfantsetanimaux\/files\/2024\/04\/artigue-campan-1024x635.jpg\" alt=\"\" class=\"wp-image-473\" srcset=\"https:\/\/blogs.univ-tlse2.fr\/enfantsetanimaux\/files\/2024\/04\/artigue-campan-1024x635.jpg 1024w, https:\/\/blogs.univ-tlse2.fr\/enfantsetanimaux\/files\/2024\/04\/artigue-campan-300x186.jpg 300w, https:\/\/blogs.univ-tlse2.fr\/enfantsetanimaux\/files\/2024\/04\/artigue-campan-768x477.jpg 768w, https:\/\/blogs.univ-tlse2.fr\/enfantsetanimaux\/files\/2024\/04\/artigue-campan.jpg 1049w\" sizes=\"auto, (max-width: 1024px) 100vw, 1024px\" \/><\/figure>\n","protected":false},"excerpt":{"rendered":"<p>Nous avons pass\u00e9 une semaine dans les Pyr\u00e9n\u00e9es au mois de septembre 2023.<\/p>\n","protected":false},"author":1376,"featured_media":0,"parent":0,"menu_order":0,"comment_status":"closed","ping_status":"closed","template":"","meta":{"footnotes":""},"class_list":["post-472","page","type-page","status-publish","hentry"],"_links":{"self":[{"href":"https:\/\/blogs.univ-tlse2.fr\/enfantsetanimaux\/wp-json\/wp\/v2\/pages\/472","targetHints":{"allow":["GET"]}}],"collection":[{"href":"https:\/\/blogs.univ-tlse2.fr\/enfantsetanimaux\/wp-json\/wp\/v2\/pages"}],"about":[{"href":"https:\/\/blogs.univ-tlse2.fr\/enfantsetanimaux\/wp-json\/wp\/v2\/types\/page"}],"author":[{"embeddable":true,"href":"https:\/\/blogs.univ-tlse2.fr\/enfantsetanimaux\/wp-json\/wp\/v2\/users\/1376"}],"replies":[{"embeddable":true,"href":"https:\/\/blogs.univ-tlse2.fr\/enfantsetanimaux\/wp-json\/wp\/v2\/comments?post=472"}],"version-history":[{"count":1,"href":"https:\/\/blogs.univ-tlse2.fr\/enfantsetanimaux\/wp-json\/wp\/v2\/pages\/472\/revisions"}],"predecessor-version":[{"id":475,"href":"https:\/\/blogs.univ-tlse2.fr\/enfantsetanimaux\/wp-json\/wp\/v2\/pages\/472\/revisions\/475"}],"wp:attachment":[{"href":"https:\/\/blogs.univ-tlse2.fr\/enfantsetanimaux\/wp-json\/wp\/v2\/media?parent=472"}],"curies":[{"name":"wp","href":"https:\/\/api.w.org\/{rel}","templated":true}]}}