 {"id":477,"date":"2024-04-11T07:44:57","date_gmt":"2024-04-11T05:44:57","guid":{"rendered":"https:\/\/blogs.univ-tlse2.fr\/enfantsetanimaux\/?page_id=477"},"modified":"2024-05-02T21:11:04","modified_gmt":"2024-05-02T19:11:04","slug":"ce-que-lon-pense-de-la-classe-decouverte-avant-de-partir","status":"publish","type":"page","link":"https:\/\/blogs.univ-tlse2.fr\/enfantsetanimaux\/ce-que-lon-pense-de-la-classe-decouverte-avant-de-partir\/","title":{"rendered":"Ce que l&rsquo;on pense de la classe d\u00e9couverte avant de partir"},"content":{"rendered":"\n<p>Avant de partir, nous avons questionn\u00e9 les \u00e9l\u00e8ves sur ce qu&rsquo;ils pensait sur le fait de partir une semaine en classe d\u00e9couverte dans les Pyr\u00e9n\u00e9es. Voici quelques r\u00e9ponses pour illustrer leur point de vue.<\/p>\n\n\n\n<p>Elisa &#8211; Une classe transplant\u00e9e pour moi c&rsquo;est une m\u00e9thode de travail diff\u00e9rente du mode de travail habituel. J&rsquo;apprends \u00e0 connaitre les animaux, et les randonn\u00e9es de la montagne. C&rsquo;est aussi un moment pour passer du temps avec les copains et copines, c&rsquo;est un endroit o\u00f9 on ne dort pas \u00e0 la maison. C&rsquo;est un endroit rempli de plaisir et de bonheur, c&rsquo;est une classe qui est dans la nature. Je d\u00e9couvre des paysages que je ne peux pas voir en ville. Je pourrai observer les animaux. Je suis heureuse de passer du temps avec mes copines. Il y a un lac merveilleux qui s&rsquo;appelle le lac de Payrolle. Je suis triste de quitter mes parents mais je suis heureuse de partir avec mes copines.<\/p>\n\n\n\n<p>Malik &#8211; Une classe transplant\u00e9e pour moi, c&rsquo;est une grande aventure o\u00f9 je me s\u00e9pare des \u00e9crans, on peut aussi voir des \u00e9cureuils, des vaches et de tr\u00e8s beaux l\u00e9zards. \u00catre dans un environnement rempli de nature, cr\u00e9er des bons moments, s&rsquo;amuser, rigoler avec les amis. Travailler, faire des exp\u00e9riences super cool.<\/p>\n\n\n\n<p>Clara &#8211; Une classe transplant\u00e9e pour moi c&rsquo;est\u2026 un endroit o\u00f9 je vais aller avec ma classe et mes amis. Je vais apprendre des choses merveilleuses et faire des activit\u00e9s comme : fabriquer des fus\u00e9es et les envoyer (bon \u00e7a sera une fus\u00e9e \u00e0 eau mais bon) et c&rsquo;est aussi une semaine sans les parents (Youpi !!!). Je vais aussi faire une randonn\u00e9e o\u00f9 je vais voir plein d&rsquo;animaux.<\/p>\n\n\n\n<p>Alyssa &#8211; Une classe transplant\u00e9e pour moi c&rsquo;est\u2026 Visiter un nouvel endroit diff\u00e9rent avec des paysages vari\u00e9s. J&rsquo;apprendrai \u00e0 p\u00eacher des poissons et \u00e0 les remettre \u00e0 l&rsquo;eau, ce n&rsquo;est pas ce qu&rsquo;on apprend \u00e0 l&rsquo;\u00e9cole. Ensuite je ferai une randonn\u00e9e magique sur la mer de nuages alors que d&rsquo;habitude la cour de r\u00e9cr\u00e9ation est d\u00e9limit\u00e9e. Je tisserai des liens avec mes amis et j&rsquo;aurai l&rsquo;impression d&rsquo;avoir des s\u0153urs \u00e0 la fin de la semaine. Je vais aussi essayer de battre le record de la hauteur des fus\u00e9es. Enfin, \u00e0 la Boum, je n&rsquo;aurai pas de cavalier \u00e0 part si je suis oblig\u00e9e, je danserai et rirai toute la nuit !<\/p>\n\n\n\n<p>Abderrahmane &#8211; Pour moi, une classe transplant\u00e9e c&rsquo;est un endroit o\u00f9 on peut s&rsquo;amuser, et o\u00f9 on peut apprendre des choses sur la nature et pour \u00eatre heureux et sans les l\u00e9gumes, youpi, et ne plus avoir de la ratatouille youpi et on peut apprendre des choses sur la montagne.<\/p>\n\n\n\n<p>Hugo &#8211; Une classe transplant\u00e9e, pour moi, c&rsquo;est une occasion de partir quelque part avec d&rsquo;autres \u00e9l\u00e8ves. C&rsquo;est aussi un endroit o\u00f9 je travaille autrement et o\u00f9 j&rsquo;apprends des choses comme p\u00eacher. C&rsquo;est aussi une occasion de voir des animaux que je n&rsquo;ai jamais vus, de partager un super moment avec mes copains et d&rsquo;apprendre des choses sp\u00e9ciales comme faire de l&rsquo;astronomie. J&rsquo;avoue que je suis stress\u00e9 car c&rsquo;est la premi\u00e8re fois mais je suis aussi press\u00e9.<\/p>\n","protected":false},"excerpt":{"rendered":"<p>Avant de partir, nous avons questionn\u00e9 les \u00e9l\u00e8ves sur ce qu&rsquo;ils pensait sur le fait de partir une semaine en classe d\u00e9couverte dans les Pyr\u00e9n\u00e9es. Voici quelques r\u00e9ponses pour illustrer leur point de vue. Elisa &#8211; Une classe transplant\u00e9e pour &hellip; <a href=\"https:\/\/blogs.univ-tlse2.fr\/enfantsetanimaux\/ce-que-lon-pense-de-la-classe-decouverte-avant-de-partir\/\">Continuer la lecture <span class=\"meta-nav\">&rarr;<\/span><\/a><\/p>\n","protected":false},"author":1376,"featured_media":0,"parent":0,"menu_order":0,"comment_status":"closed","ping_status":"closed","template":"","meta":{"footnotes":""},"class_list":["post-477","page","type-page","status-publish","hentry"],"_links":{"self":[{"href":"https:\/\/blogs.univ-tlse2.fr\/enfantsetanimaux\/wp-json\/wp\/v2\/pages\/477","targetHints":{"allow":["GET"]}}],"collection":[{"href":"https:\/\/blogs.univ-tlse2.fr\/enfantsetanimaux\/wp-json\/wp\/v2\/pages"}],"about":[{"href":"https:\/\/blogs.univ-tlse2.fr\/enfantsetanimaux\/wp-json\/wp\/v2\/types\/page"}],"author":[{"embeddable":true,"href":"https:\/\/blogs.univ-tlse2.fr\/enfantsetanimaux\/wp-json\/wp\/v2\/users\/1376"}],"replies":[{"embeddable":true,"href":"https:\/\/blogs.univ-tlse2.fr\/enfantsetanimaux\/wp-json\/wp\/v2\/comments?post=477"}],"version-history":[{"count":2,"href":"https:\/\/blogs.univ-tlse2.fr\/enfantsetanimaux\/wp-json\/wp\/v2\/pages\/477\/revisions"}],"predecessor-version":[{"id":522,"href":"https:\/\/blogs.univ-tlse2.fr\/enfantsetanimaux\/wp-json\/wp\/v2\/pages\/477\/revisions\/522"}],"wp:attachment":[{"href":"https:\/\/blogs.univ-tlse2.fr\/enfantsetanimaux\/wp-json\/wp\/v2\/media?parent=477"}],"curies":[{"name":"wp","href":"https:\/\/api.w.org\/{rel}","templated":true}]}}