 {"id":481,"date":"2024-04-11T08:32:07","date_gmt":"2024-04-11T06:32:07","guid":{"rendered":"https:\/\/blogs.univ-tlse2.fr\/enfantsetanimaux\/?page_id=481"},"modified":"2024-04-13T11:48:45","modified_gmt":"2024-04-13T09:48:45","slug":"ou-placer-les-cameras","status":"publish","type":"page","link":"https:\/\/blogs.univ-tlse2.fr\/enfantsetanimaux\/ou-placer-les-cameras\/","title":{"rendered":"O\u00f9 placer les cam\u00e9ras ?"},"content":{"rendered":"\n<p>Nous avons demand\u00e9 aux \u00e9l\u00e8ves o\u00f9 placer les cam\u00e9ras autour du Camparo et d&rsquo;imaginer ce qui pourrait \u00eatre film\u00e9. Voici les questions pos\u00e9es : \u00ab\u00a0Imagine comment nous allons accrocher et placer les pi\u00e8ges photographiques ? Que va-t-on observer ?\u00a0\u00bb Voici quelques r\u00e9ponses des \u00e9l\u00e8ves. <\/p>\n\n\n\n<p>Agathe &#8211; Nous allons poser nos cam\u00e9ras gr\u00e2ce \u00e0 une sangle attach\u00e9e \u00e0 la cam\u00e9ra. Nous allons poser les cam\u00e9ras dans un arbre, un rocher. Nous allons la poser pr\u00e8s d&rsquo;un point d&rsquo;eau, une for\u00eat, un champ. J&rsquo;esp\u00e8re voir beaucoup d&rsquo;animaux sauvages comme : un oiseau, un lapin, un loup, un ours, un hibou ou chouette, et un \u00e9cureuil, un cerf, un sanglier et un renard.<\/p>\n\n\n\n<p>Hadrien &#8211; On va les mettre dans les buissons et dans les arbres. Je pense qu&rsquo;on va observer des marmottes ou peut-\u00eatre rien, ou peut \u00eatre des oiseaux.<\/p>\n\n\n\n<p>Zo\u00e9 &#8211; Moi si j&rsquo;\u00e9tais une cam\u00e9ra, je serai dans un endroit paisible o\u00f9 il n&rsquo;y aurait personne, j&rsquo;esp\u00e8re que je pourrai observer des animaux. Je m&rsquo;installerai pr\u00e8s d&rsquo;un lac en regardant les arbres bouger. J&rsquo;aimerai bien observer des louveteaux et des oursons parce que c&rsquo;est trop mignon, puis des vaches, des ours et des loups.<\/p>\n\n\n\n<p>Titouan &#8211; Pour moi je pense qu&rsquo;il faut les mettre pr\u00e8s de l&rsquo;eau parce que les animaux viennent y boire, peut-\u00eatre qu&rsquo;on va voir des animaux qu&rsquo;on a jamais vu. Mais je pense qu&rsquo;on va voir plein d&rsquo;animaux.<\/p>\n\n\n\n<p>Romane &#8211; Nous allons poser des pi\u00e8ges photographiques, il faut les poser dans la for\u00eat. Heureusement, pas de risque de vol (personne ne passe). Au dos de la cam\u00e9ra il y a une sangle pour l&rsquo;attacher. Je pense que l&rsquo;on va observer des oiseaux, des lapins, des renards, peut-\u00eatre des ours et des loups. Les animaux passeront plut\u00f4t la nuit.<\/p>\n\n\n\n<p>Abel &#8211; On va installer les pi\u00e8ges photographiques proches des points d&rsquo;eau pour d\u00e9couvrir des traces d&rsquo;animaux. J&rsquo;esp\u00e8re voir des li\u00e8vres sauter comme moi quand je saute parce que je me suis fait mal, ou des chevreuils ou des cerfs brouter de l&rsquo;herbe fraiche et peut-\u00eatre quelques renards.<\/p>\n\n\n\n<p>Sarah &#8211; Tout d&rsquo;abord nous allons trouver un endroit o\u00f9 mettre les pi\u00e8ges. Puis nous allons le mettre en haut de l&rsquo;arbre pas trop haut ni trop bas car la vache risque de manger le pi\u00e8ge et nous n&rsquo;allons voir que ses pattes. Je pense que nous allons voir des renards, des cerfs, des ours, des sangliers et peut \u00eatre des loups.<\/p>\n\n\n\n<p>Alexandre &#8211; Je pense qu&rsquo;on va les accrocher sur des arbres au milieu ou dans les creux des arbres (dans un endroit o\u00f9 il y a beaucoup de v\u00e9g\u00e9tation). Je pense qu&rsquo;on va voir un loup ou des herbivores si on met l\u00e0 o\u00f9 il y a de la v\u00e9g\u00e9tation.<\/p>\n\n\n\n<p>Mayssa &#8211; J&rsquo;imagine que nous allons les poser sur un arbre en hauteur pas parce que nous ferons attention aux voleurs. Mais c&rsquo;est juste que nous n e voulons pas que les vaches la grignotent comme dit la maitresse. On va s\u00fbrement voir des vaches, des oiseaux, des chevaux, des ch\u00e8vres, des hiboux (si on a de la chance), des chiens.<\/p>\n","protected":false},"excerpt":{"rendered":"<p>Nous avons demand\u00e9 aux \u00e9l\u00e8ves o\u00f9 placer les cam\u00e9ras autour du Camparo et d&rsquo;imaginer ce qui pourrait \u00eatre film\u00e9. Voici les questions pos\u00e9es : \u00ab\u00a0Imagine comment nous allons accrocher et placer les pi\u00e8ges photographiques ? Que va-t-on observer ?\u00a0\u00bb Voici &hellip; <a href=\"https:\/\/blogs.univ-tlse2.fr\/enfantsetanimaux\/ou-placer-les-cameras\/\">Continuer la lecture <span class=\"meta-nav\">&rarr;<\/span><\/a><\/p>\n","protected":false},"author":1376,"featured_media":0,"parent":0,"menu_order":0,"comment_status":"closed","ping_status":"closed","template":"","meta":{"footnotes":""},"class_list":["post-481","page","type-page","status-publish","hentry"],"_links":{"self":[{"href":"https:\/\/blogs.univ-tlse2.fr\/enfantsetanimaux\/wp-json\/wp\/v2\/pages\/481","targetHints":{"allow":["GET"]}}],"collection":[{"href":"https:\/\/blogs.univ-tlse2.fr\/enfantsetanimaux\/wp-json\/wp\/v2\/pages"}],"about":[{"href":"https:\/\/blogs.univ-tlse2.fr\/enfantsetanimaux\/wp-json\/wp\/v2\/types\/page"}],"author":[{"embeddable":true,"href":"https:\/\/blogs.univ-tlse2.fr\/enfantsetanimaux\/wp-json\/wp\/v2\/users\/1376"}],"replies":[{"embeddable":true,"href":"https:\/\/blogs.univ-tlse2.fr\/enfantsetanimaux\/wp-json\/wp\/v2\/comments?post=481"}],"version-history":[{"count":2,"href":"https:\/\/blogs.univ-tlse2.fr\/enfantsetanimaux\/wp-json\/wp\/v2\/pages\/481\/revisions"}],"predecessor-version":[{"id":487,"href":"https:\/\/blogs.univ-tlse2.fr\/enfantsetanimaux\/wp-json\/wp\/v2\/pages\/481\/revisions\/487"}],"wp:attachment":[{"href":"https:\/\/blogs.univ-tlse2.fr\/enfantsetanimaux\/wp-json\/wp\/v2\/media?parent=481"}],"curies":[{"name":"wp","href":"https:\/\/api.w.org\/{rel}","templated":true}]}}