 {"id":510,"date":"2024-05-02T11:14:22","date_gmt":"2024-05-02T09:14:22","guid":{"rendered":"https:\/\/blogs.univ-tlse2.fr\/enfantsetanimaux\/?page_id=510"},"modified":"2024-05-02T13:43:24","modified_gmt":"2024-05-02T11:43:24","slug":"nos-videos-preferees","status":"publish","type":"page","link":"https:\/\/blogs.univ-tlse2.fr\/enfantsetanimaux\/nos-videos-preferees\/","title":{"rendered":"Nos vid\u00e9os pr\u00e9f\u00e9r\u00e9es"},"content":{"rendered":"\n<p><strong>Blaireaux<\/strong><\/p>\n\n\n\n<figure class=\"wp-block-video\"><video controls src=\"https:\/\/prismes.univ-toulouse.fr\/video.php?code=bRnQ2FtY&amp;width=100%&amp;height=100%\"><\/video><\/figure>\n\n\n\n<figure class=\"wp-block-video\"><video controls src=\"https:\/\/prismes.univ-toulouse.fr\/video.php?code=pGPGXZ1B&amp;width=100%&amp;height=100%\"><\/video><\/figure>\n\n\n\n<p><strong>Chevreuils<\/strong><\/p>\n\n\n\n<figure class=\"wp-block-video\"><video controls src=\"https:\/\/prismes.univ-toulouse.fr\/video.php?code=9918EhV1&amp;width=100%&amp;height=100%\"><\/video><\/figure>\n\n\n\n<figure class=\"wp-block-video\"><video controls src=\"https:\/\/prismes.univ-toulouse.fr\/video.php?code=xJwu1uOt&amp;width=100%&amp;height=100%\"><\/video><\/figure>\n\n\n\n<p><strong>Ecureuil<\/strong><\/p>\n\n\n\n<figure class=\"wp-block-video\"><video controls src=\"https:\/\/prismes.univ-toulouse.fr\/video.php?code=3o704N0j&amp;width=100%&amp;height=100%\"><\/video><\/figure>\n\n\n\n<p><strong>Li\u00e8vre<\/strong><\/p>\n\n\n\n<figure class=\"wp-block-video\"><video controls src=\"https:\/\/prismes.univ-toulouse.fr\/video.php?code=938i536X&amp;width=100%&amp;height=100%\"><\/video><\/figure>\n\n\n\n<p><strong>Renard<\/strong><\/p>\n\n\n\n<figure class=\"wp-block-video\"><video controls src=\"https:\/\/prismes.univ-toulouse.fr\/video.php?code=q466J955&amp;width=100%&amp;height=100%\"><\/video><\/figure>\n\n\n\n<p><strong>Sangliers<\/strong><\/p>\n\n\n\n<figure class=\"wp-block-video\"><video controls src=\"https:\/\/prismes.univ-toulouse.fr\/video.php?code=220Ru023&amp;width=100%&amp;height=100%\"><\/video><\/figure>\n\n\n\n<figure class=\"wp-block-video\"><video controls src=\"https:\/\/prismes.univ-toulouse.fr\/video.php?code=87P7r2t0&amp;width=100%&amp;height=100%\"><\/video><\/figure>\n","protected":false},"excerpt":{"rendered":"<p>Blaireaux Chevreuils Ecureuil Li\u00e8vre Renard Sangliers<\/p>\n","protected":false},"author":1376,"featured_media":0,"parent":0,"menu_order":0,"comment_status":"closed","ping_status":"closed","template":"","meta":{"footnotes":""},"class_list":["post-510","page","type-page","status-publish","hentry"],"_links":{"self":[{"href":"https:\/\/blogs.univ-tlse2.fr\/enfantsetanimaux\/wp-json\/wp\/v2\/pages\/510","targetHints":{"allow":["GET"]}}],"collection":[{"href":"https:\/\/blogs.univ-tlse2.fr\/enfantsetanimaux\/wp-json\/wp\/v2\/pages"}],"about":[{"href":"https:\/\/blogs.univ-tlse2.fr\/enfantsetanimaux\/wp-json\/wp\/v2\/types\/page"}],"author":[{"embeddable":true,"href":"https:\/\/blogs.univ-tlse2.fr\/enfantsetanimaux\/wp-json\/wp\/v2\/users\/1376"}],"replies":[{"embeddable":true,"href":"https:\/\/blogs.univ-tlse2.fr\/enfantsetanimaux\/wp-json\/wp\/v2\/comments?post=510"}],"version-history":[{"count":8,"href":"https:\/\/blogs.univ-tlse2.fr\/enfantsetanimaux\/wp-json\/wp\/v2\/pages\/510\/revisions"}],"predecessor-version":[{"id":521,"href":"https:\/\/blogs.univ-tlse2.fr\/enfantsetanimaux\/wp-json\/wp\/v2\/pages\/510\/revisions\/521"}],"wp:attachment":[{"href":"https:\/\/blogs.univ-tlse2.fr\/enfantsetanimaux\/wp-json\/wp\/v2\/media?parent=510"}],"curies":[{"name":"wp","href":"https:\/\/api.w.org\/{rel}","templated":true}]}}