 {"id":535,"date":"2024-05-31T17:51:50","date_gmt":"2024-05-31T15:51:50","guid":{"rendered":"https:\/\/blogs.univ-tlse2.fr\/enfantsetanimaux\/?page_id=535"},"modified":"2024-05-31T17:51:50","modified_gmt":"2024-05-31T15:51:50","slug":"acro-nimaux","status":"publish","type":"page","link":"https:\/\/blogs.univ-tlse2.fr\/enfantsetanimaux\/nos-articles\/acro-nimaux\/","title":{"rendered":"Acro-nimaux : )"},"content":{"rendered":"\n<p>Pour en savoir plus sur les animaux observ\u00e9s, quelques acrostiches&#8230;<\/p>\n\n\n\n<p><strong>C<\/strong>hevrillard est son petit<\/p>\n\n\n\n<p><strong>H<\/strong>erbivore, il est<\/p>\n\n\n\n<p><strong>E<\/strong>t m\u00e9fiant d\u00e8s les premiers \u00e2ges<\/p>\n\n\n\n<p><strong>V<\/strong>itesse qui ne d\u00e9passe pas les 75km\/h<\/p>\n\n\n\n<p><strong>R<\/strong>egardez comme ses bois sont longs<\/p>\n\n\n\n<p><strong>E<\/strong>t ses velours s\u2019effacer \u00e0 la fin du printemps<\/p>\n\n\n\n<p><strong>U<\/strong>n mammif\u00e8re sauvage<\/p>\n\n\n\n<p><strong>I<\/strong>noffensif, comme il est difficile \u00e0 observer&nbsp;!<\/p>\n\n\n\n<p><strong>L<\/strong>ongueur des empreintes 4,5 cm de long et 3 cm de large.<\/p>\n\n\n\n<figure class=\"wp-block-image size-large\"><img loading=\"lazy\" decoding=\"async\" width=\"1024\" height=\"603\" src=\"https:\/\/blogs.univ-tlse2.fr\/enfantsetanimaux\/files\/2024\/05\/Empreinte-chevreuil-1024x603.png\" alt=\"\" class=\"wp-image-539\" srcset=\"https:\/\/blogs.univ-tlse2.fr\/enfantsetanimaux\/files\/2024\/05\/Empreinte-chevreuil-1024x603.png 1024w, https:\/\/blogs.univ-tlse2.fr\/enfantsetanimaux\/files\/2024\/05\/Empreinte-chevreuil-300x177.png 300w, https:\/\/blogs.univ-tlse2.fr\/enfantsetanimaux\/files\/2024\/05\/Empreinte-chevreuil-768x452.png 768w, https:\/\/blogs.univ-tlse2.fr\/enfantsetanimaux\/files\/2024\/05\/Empreinte-chevreuil-1536x904.png 1536w, https:\/\/blogs.univ-tlse2.fr\/enfantsetanimaux\/files\/2024\/05\/Empreinte-chevreuil-2048x1205.png 2048w\" sizes=\"auto, (max-width: 1024px) 100vw, 1024px\" \/><\/figure>\n\n\n\n<p><\/p>\n\n\n\n<p><strong>C<\/strong>reuser pour me coucher.<\/p>\n\n\n\n<p><strong>H<\/strong>\u00eatre, ch\u00eane, j\u2019aime frotter mes bois contre.<\/p>\n\n\n\n<p><strong>E<\/strong>t manger les feuilles, c\u2019est tout d\u2019un vrai chevreuil.<\/p>\n\n\n\n<p><strong>V<\/strong>raiment, l\u2019hiver est rude, j\u2019ai faim&nbsp;!<\/p>\n\n\n\n<p><strong>R<\/strong>at\u00e9, vous n\u2019allez pas me trouver&nbsp;!<\/p>\n\n\n\n<p><strong>E<\/strong>t non des moquettes, j\u2019ai perdu mes bois&nbsp;:<\/p>\n\n\n\n<p><strong>U<\/strong>ne fois de plus, t\u2019as fait deux petits chevrillards\u2026<\/p>\n\n\n\n<p><strong>I<\/strong>l est toujours vrai de rester sur ses gardes&nbsp;!<\/p>\n\n\n\n<p><strong>L<\/strong>e soir, c\u2019est glands \u00e0 volont\u00e9&nbsp;!<\/p>\n\n\n\n<figure class=\"wp-block-image size-large\"><img loading=\"lazy\" decoding=\"async\" width=\"1024\" height=\"568\" src=\"https:\/\/blogs.univ-tlse2.fr\/enfantsetanimaux\/files\/2024\/05\/Chene-1024x568.png\" alt=\"\" class=\"wp-image-541\" srcset=\"https:\/\/blogs.univ-tlse2.fr\/enfantsetanimaux\/files\/2024\/05\/Chene-1024x568.png 1024w, https:\/\/blogs.univ-tlse2.fr\/enfantsetanimaux\/files\/2024\/05\/Chene-300x166.png 300w, https:\/\/blogs.univ-tlse2.fr\/enfantsetanimaux\/files\/2024\/05\/Chene-768x426.png 768w, https:\/\/blogs.univ-tlse2.fr\/enfantsetanimaux\/files\/2024\/05\/Chene-1536x852.png 1536w, https:\/\/blogs.univ-tlse2.fr\/enfantsetanimaux\/files\/2024\/05\/Chene-2048x1136.png 2048w\" sizes=\"auto, (max-width: 1024px) 100vw, 1024px\" \/><\/figure>\n\n\n\n<p><strong>R<\/strong>echerchez un animal vu dans les for\u00eats.<\/p>\n\n\n\n<p><strong>E<\/strong>n g\u00e9n\u00e9ral, il vit dans un terrier.<\/p>\n\n\n\n<p><strong>N<\/strong>ouveau-n\u00e9, il vit avec sa m\u00e8re.<\/p>\n\n\n\n<p><strong>A<\/strong>u bout d\u2019un mois, il peut la quitter.<\/p>\n\n\n\n<p><strong>R<\/strong>apide, il sait bien chasser.<\/p>\n\n\n\n<p><strong>D<\/strong>ifficile de le rep\u00e9rer, il est tr\u00e8s discret.<\/p>\n\n\n\n<figure class=\"wp-block-image size-large\"><img loading=\"lazy\" decoding=\"async\" width=\"1024\" height=\"669\" src=\"https:\/\/blogs.univ-tlse2.fr\/enfantsetanimaux\/files\/2024\/05\/Renardeaux-1024x669.png\" alt=\"\" class=\"wp-image-542\" srcset=\"https:\/\/blogs.univ-tlse2.fr\/enfantsetanimaux\/files\/2024\/05\/Renardeaux-1024x669.png 1024w, https:\/\/blogs.univ-tlse2.fr\/enfantsetanimaux\/files\/2024\/05\/Renardeaux-300x196.png 300w, https:\/\/blogs.univ-tlse2.fr\/enfantsetanimaux\/files\/2024\/05\/Renardeaux-768x502.png 768w, https:\/\/blogs.univ-tlse2.fr\/enfantsetanimaux\/files\/2024\/05\/Renardeaux-1536x1004.png 1536w, https:\/\/blogs.univ-tlse2.fr\/enfantsetanimaux\/files\/2024\/05\/Renardeaux.png 1860w\" sizes=\"auto, (max-width: 1024px) 100vw, 1024px\" \/><\/figure>\n\n\n\n<p><strong>R<\/strong>enardeau, c\u2019est le petit du renard<\/p>\n\n\n\n<p><strong>E<\/strong>nvergure de 1 m\u00e8tre<\/p>\n\n\n\n<p><strong>N<\/strong>ombre de petits 1 \u00e0 8<\/p>\n\n\n\n<p><strong>A<\/strong>nimal carnivore<\/p>\n\n\n\n<p><strong>R<\/strong>enarde, c\u2019est la femelle<\/p>\n\n\n\n<p><strong>D<\/strong>ur\u00e9e de vie de 5 \u00e0 8 ans.<\/p>\n\n\n\n<figure class=\"wp-block-image size-large\"><img loading=\"lazy\" decoding=\"async\" width=\"1024\" height=\"708\" src=\"https:\/\/blogs.univ-tlse2.fr\/enfantsetanimaux\/files\/2024\/05\/Renard-1024x708.png\" alt=\"\" class=\"wp-image-543\" srcset=\"https:\/\/blogs.univ-tlse2.fr\/enfantsetanimaux\/files\/2024\/05\/Renard-1024x708.png 1024w, https:\/\/blogs.univ-tlse2.fr\/enfantsetanimaux\/files\/2024\/05\/Renard-300x208.png 300w, https:\/\/blogs.univ-tlse2.fr\/enfantsetanimaux\/files\/2024\/05\/Renard-768x531.png 768w, https:\/\/blogs.univ-tlse2.fr\/enfantsetanimaux\/files\/2024\/05\/Renard.png 1480w\" sizes=\"auto, (max-width: 1024px) 100vw, 1024px\" \/><\/figure>\n\n\n\n<p><strong>R<\/strong>us\u00e9, le renard est capable d\u2019ouvrir un poulailler<\/p>\n\n\n\n<p><strong>E<\/strong>nviron 40 cm de hauteur<\/p>\n\n\n\n<p><strong>N<\/strong>\u2019attendez pas la vitesse d\u2019un gu\u00e9pard mais court \u00e0 50km\/h<\/p>\n\n\n\n<p><strong>A<\/strong>nimal qui p\u00e8se entre 6 et 12kg<\/p>\n\n\n\n<p><strong>R<\/strong>enard est carnivore, il peut manger aussi ce qu\u2019il trouve dans les poubelles<\/p>\n\n\n\n<p><strong>D<\/strong>onne naissance \u00e0 des renardeaux, sa femelle s\u2019appelle la renarde.<\/p>\n\n\n\n<figure class=\"wp-block-video\"><video controls src=\"https:\/\/prismes.univ-toulouse.fr\/video.php?code=jvYgS8hb&amp;width=100%&amp;height=100%\"><\/video><\/figure>\n\n\n\n<p><strong>B<\/strong>laireau est le nom du m\u00e2le, blairelle est le nom de la femelle.<\/p>\n\n\n\n<p><strong>L<\/strong>e blaireau creuse d\u2019excellents terriers tr\u00e8s confortables.<\/p>\n\n\n\n<p><strong>A<\/strong>vec ses bandes noires et blanches sur le museau, il est tr\u00e8s reconnaissable.<\/p>\n\n\n\n<p><strong>I<\/strong>l mange principalement limaces et lombrics.<\/p>\n\n\n\n<p><strong>R<\/strong>onronnements, aboiements, voil\u00e0 quels sons fait le blaireau.<\/p>\n\n\n\n<p><strong>E<\/strong>SOD* est le classement qui le menace.<\/p>\n\n\n\n<p><strong>A<\/strong>u mois de janvier jusqu\u2019au mois de mars, il se reproduit.<\/p>\n\n\n\n<p><strong>U<\/strong>n must\u00e9lid\u00e9 nocturne.<\/p>\n\n\n\n<p>*ESOD\u00a0: esp\u00e8ces susceptibles d\u2019occasionner des d\u00e9g\u00e2ts<\/p>\n\n\n\n<figure class=\"wp-block-image size-large\"><img loading=\"lazy\" decoding=\"async\" width=\"1024\" height=\"778\" src=\"https:\/\/blogs.univ-tlse2.fr\/enfantsetanimaux\/files\/2024\/05\/Blaireau-1024x778.png\" alt=\"\" class=\"wp-image-544\" srcset=\"https:\/\/blogs.univ-tlse2.fr\/enfantsetanimaux\/files\/2024\/05\/Blaireau-1024x778.png 1024w, https:\/\/blogs.univ-tlse2.fr\/enfantsetanimaux\/files\/2024\/05\/Blaireau-300x228.png 300w, https:\/\/blogs.univ-tlse2.fr\/enfantsetanimaux\/files\/2024\/05\/Blaireau-768x583.png 768w, https:\/\/blogs.univ-tlse2.fr\/enfantsetanimaux\/files\/2024\/05\/Blaireau.png 1530w\" sizes=\"auto, (max-width: 1024px) 100vw, 1024px\" \/><\/figure>\n","protected":false},"excerpt":{"rendered":"<p>Pour en savoir plus sur les animaux observ\u00e9s, quelques acrostiches&#8230; Chevrillard est son petit Herbivore, il est Et m\u00e9fiant d\u00e8s les premiers \u00e2ges Vitesse qui ne d\u00e9passe pas les 75km\/h Regardez comme ses bois sont longs Et ses velours s\u2019effacer &hellip; <a href=\"https:\/\/blogs.univ-tlse2.fr\/enfantsetanimaux\/nos-articles\/acro-nimaux\/\">Continuer la lecture <span class=\"meta-nav\">&rarr;<\/span><\/a><\/p>\n","protected":false},"author":1386,"featured_media":0,"parent":314,"menu_order":0,"comment_status":"closed","ping_status":"closed","template":"","meta":{"footnotes":""},"class_list":["post-535","page","type-page","status-publish","hentry"],"_links":{"self":[{"href":"https:\/\/blogs.univ-tlse2.fr\/enfantsetanimaux\/wp-json\/wp\/v2\/pages\/535","targetHints":{"allow":["GET"]}}],"collection":[{"href":"https:\/\/blogs.univ-tlse2.fr\/enfantsetanimaux\/wp-json\/wp\/v2\/pages"}],"about":[{"href":"https:\/\/blogs.univ-tlse2.fr\/enfantsetanimaux\/wp-json\/wp\/v2\/types\/page"}],"author":[{"embeddable":true,"href":"https:\/\/blogs.univ-tlse2.fr\/enfantsetanimaux\/wp-json\/wp\/v2\/users\/1386"}],"replies":[{"embeddable":true,"href":"https:\/\/blogs.univ-tlse2.fr\/enfantsetanimaux\/wp-json\/wp\/v2\/comments?post=535"}],"version-history":[{"count":2,"href":"https:\/\/blogs.univ-tlse2.fr\/enfantsetanimaux\/wp-json\/wp\/v2\/pages\/535\/revisions"}],"predecessor-version":[{"id":545,"href":"https:\/\/blogs.univ-tlse2.fr\/enfantsetanimaux\/wp-json\/wp\/v2\/pages\/535\/revisions\/545"}],"up":[{"embeddable":true,"href":"https:\/\/blogs.univ-tlse2.fr\/enfantsetanimaux\/wp-json\/wp\/v2\/pages\/314"}],"wp:attachment":[{"href":"https:\/\/blogs.univ-tlse2.fr\/enfantsetanimaux\/wp-json\/wp\/v2\/media?parent=535"}],"curies":[{"name":"wp","href":"https:\/\/api.w.org\/{rel}","templated":true}]}}