 {"id":579,"date":"2024-09-27T08:36:04","date_gmt":"2024-09-27T06:36:04","guid":{"rendered":"https:\/\/blogs.univ-tlse2.fr\/enfantsetanimaux\/?page_id=579"},"modified":"2024-11-25T18:35:31","modified_gmt":"2024-11-25T17:35:31","slug":"debut-du-projet-evidan","status":"publish","type":"page","link":"https:\/\/blogs.univ-tlse2.fr\/enfantsetanimaux\/debut-du-projet-evidan\/","title":{"rendered":"D\u00e9but du projet Biodiv&rsquo;Ecole"},"content":{"rendered":"\n<p>Nous avons commenc\u00e9 ce projet \u00e0 Artigues-Campan dans les Pyr\u00e9n\u00e9es le 18 septembre 2023, pour une dur\u00e9e de 3 jours. Nous avons camoufl\u00e9 les cam\u00e9ras \u00e0 des endroits strat\u00e9giques, en lisi\u00e8re de for\u00eat (car les animaux vont y boire et y manger), sur des endroits stables, accroch\u00e9es sur des arbres \u00e0 mi-hauteur, en faisant attention \u00e0 ne pas trop laisser notre odeur.<\/p>\n\n\n\n<p>Quand les cam\u00e9ras ont \u00e9t\u00e9 retir\u00e9es, nous avons pu observer des animaux nocturnes et diurnes\u00a0: 4 cerfs diff\u00e9rents, un chevreuil, une biche, un mulot, une chauve-souris ainsi qu\u2019un renard.\u00a0<\/p>\n\n\n\n<figure class=\"wp-block-video\"><video controls src=\"https:\/\/prismes.univ-toulouse.fr\/video.php?code=45S8234h&amp;width=100%&amp;height=100%\"><\/video><figcaption class=\"wp-element-caption\"><strong>Une biche et son faon nous rendent visite<\/strong>&#8230;<\/figcaption><\/figure>\n\n\n\n<figure class=\"wp-block-video\"><video controls src=\"https:\/\/prismes.univ-toulouse.fr\/video.php?code=47Af9U31&amp;width=100%&amp;height=100%\"><\/video><figcaption class=\"wp-element-caption\"><strong>suivis d&rsquo;un cerf !<\/strong><\/figcaption><\/figure>\n\n\n\n<p>Nous avons h\u00e2te d\u2019enrichir nos recherches et de savoir comment les animaux se d\u00e9placent, comment ils vivent, qui ils chassent, comment ils se nourrissent\u2026\u00a0Dans nos classes avec nos enseignantes et les chercheurs nous en apprenons chaque jour davantage sur la vie de ces animaux et nous apprenons aussi \u00e0 r\u00e9fl\u00e9chir sur la relation entre les humains et les animaux.<\/p>\n","protected":false},"excerpt":{"rendered":"<p>Nous avons commenc\u00e9 ce projet \u00e0 Artigues-Campan dans les Pyr\u00e9n\u00e9es le 18 septembre 2023, pour une dur\u00e9e de 3 jours. Nous avons camoufl\u00e9 les cam\u00e9ras \u00e0 des endroits strat\u00e9giques, en lisi\u00e8re de for\u00eat (car les animaux vont y boire et &hellip; <a href=\"https:\/\/blogs.univ-tlse2.fr\/enfantsetanimaux\/debut-du-projet-evidan\/\">Continuer la lecture <span class=\"meta-nav\">&rarr;<\/span><\/a><\/p>\n","protected":false},"author":1376,"featured_media":0,"parent":0,"menu_order":0,"comment_status":"closed","ping_status":"closed","template":"","meta":{"footnotes":""},"class_list":["post-579","page","type-page","status-publish","hentry"],"_links":{"self":[{"href":"https:\/\/blogs.univ-tlse2.fr\/enfantsetanimaux\/wp-json\/wp\/v2\/pages\/579","targetHints":{"allow":["GET"]}}],"collection":[{"href":"https:\/\/blogs.univ-tlse2.fr\/enfantsetanimaux\/wp-json\/wp\/v2\/pages"}],"about":[{"href":"https:\/\/blogs.univ-tlse2.fr\/enfantsetanimaux\/wp-json\/wp\/v2\/types\/page"}],"author":[{"embeddable":true,"href":"https:\/\/blogs.univ-tlse2.fr\/enfantsetanimaux\/wp-json\/wp\/v2\/users\/1376"}],"replies":[{"embeddable":true,"href":"https:\/\/blogs.univ-tlse2.fr\/enfantsetanimaux\/wp-json\/wp\/v2\/comments?post=579"}],"version-history":[{"count":4,"href":"https:\/\/blogs.univ-tlse2.fr\/enfantsetanimaux\/wp-json\/wp\/v2\/pages\/579\/revisions"}],"predecessor-version":[{"id":648,"href":"https:\/\/blogs.univ-tlse2.fr\/enfantsetanimaux\/wp-json\/wp\/v2\/pages\/579\/revisions\/648"}],"wp:attachment":[{"href":"https:\/\/blogs.univ-tlse2.fr\/enfantsetanimaux\/wp-json\/wp\/v2\/media?parent=579"}],"curies":[{"name":"wp","href":"https:\/\/api.w.org\/{rel}","templated":true}]}}