 {"id":596,"date":"2024-09-30T15:59:20","date_gmt":"2024-09-30T13:59:20","guid":{"rendered":"https:\/\/blogs.univ-tlse2.fr\/enfantsetanimaux\/?page_id=596"},"modified":"2024-10-20T08:28:18","modified_gmt":"2024-10-20T06:28:18","slug":"projet-2024-2025","status":"publish","type":"page","link":"https:\/\/blogs.univ-tlse2.fr\/enfantsetanimaux\/projet-2024-2025\/","title":{"rendered":"Projet 2024\/2025"},"content":{"rendered":"\n<p>Cette ann\u00e9e nous allons observer et \u00e9tudier les animaux du canal du midi \u00e0 proximit\u00e9 de notre \u00e9cole. Nous allons tout particuli\u00e8rement travailler sur les oiseaux.<\/p>\n\n\n\n<p>Nous avons d\u00e9j\u00e0 travaill\u00e9 en classe pour apprendre \u00e0 les identifier. A l&rsquo;occasion d&rsquo;une journ\u00e9e de classe dehors, nous avons d\u00e9j\u00e0 fait une premi\u00e8re sortie \u00e0 proximit\u00e9 de l&rsquo;\u00e9cole et du canal du midi. Tu trouveras le compte-rendu de nos observations dans l&rsquo;article \u00ab\u00a0Bilan de la sortie au bord du canal\u00a0\u00bb.<\/p>\n","protected":false},"excerpt":{"rendered":"<p>Cette ann\u00e9e nous allons observer et \u00e9tudier les animaux du canal du midi \u00e0 proximit\u00e9 de notre \u00e9cole. Nous allons tout particuli\u00e8rement travailler sur les oiseaux. Nous avons d\u00e9j\u00e0 travaill\u00e9 en classe pour apprendre \u00e0 les identifier. A l&rsquo;occasion d&rsquo;une &hellip; <a href=\"https:\/\/blogs.univ-tlse2.fr\/enfantsetanimaux\/projet-2024-2025\/\">Continuer la lecture <span class=\"meta-nav\">&rarr;<\/span><\/a><\/p>\n","protected":false},"author":1376,"featured_media":0,"parent":0,"menu_order":0,"comment_status":"closed","ping_status":"closed","template":"","meta":{"footnotes":""},"class_list":["post-596","page","type-page","status-publish","hentry"],"_links":{"self":[{"href":"https:\/\/blogs.univ-tlse2.fr\/enfantsetanimaux\/wp-json\/wp\/v2\/pages\/596","targetHints":{"allow":["GET"]}}],"collection":[{"href":"https:\/\/blogs.univ-tlse2.fr\/enfantsetanimaux\/wp-json\/wp\/v2\/pages"}],"about":[{"href":"https:\/\/blogs.univ-tlse2.fr\/enfantsetanimaux\/wp-json\/wp\/v2\/types\/page"}],"author":[{"embeddable":true,"href":"https:\/\/blogs.univ-tlse2.fr\/enfantsetanimaux\/wp-json\/wp\/v2\/users\/1376"}],"replies":[{"embeddable":true,"href":"https:\/\/blogs.univ-tlse2.fr\/enfantsetanimaux\/wp-json\/wp\/v2\/comments?post=596"}],"version-history":[{"count":4,"href":"https:\/\/blogs.univ-tlse2.fr\/enfantsetanimaux\/wp-json\/wp\/v2\/pages\/596\/revisions"}],"predecessor-version":[{"id":623,"href":"https:\/\/blogs.univ-tlse2.fr\/enfantsetanimaux\/wp-json\/wp\/v2\/pages\/596\/revisions\/623"}],"wp:attachment":[{"href":"https:\/\/blogs.univ-tlse2.fr\/enfantsetanimaux\/wp-json\/wp\/v2\/media?parent=596"}],"curies":[{"name":"wp","href":"https:\/\/api.w.org\/{rel}","templated":true}]}}