 {"id":669,"date":"2024-11-27T18:47:30","date_gmt":"2024-11-27T17:47:30","guid":{"rendered":"https:\/\/blogs.univ-tlse2.fr\/enfantsetanimaux\/?page_id=669"},"modified":"2024-11-27T18:47:30","modified_gmt":"2024-11-27T17:47:30","slug":"preparation-du-poste-de-nourrissage","status":"publish","type":"page","link":"https:\/\/blogs.univ-tlse2.fr\/enfantsetanimaux\/preparation-du-poste-de-nourrissage\/","title":{"rendered":"Pr\u00e9paration du poste de nourrissage"},"content":{"rendered":"\n<p>Le 18 novembre, nous avons fabriqu\u00e9 des \u00ab\u00a0boules de graisses\u00a0\u00bb pour nourrir les oiseaux en hiver. En m\u00e9langeant de la mati\u00e8re grasse avec des graines, nous avons combl\u00e9 des pommes de pins avec ce m\u00e9lange. Ensuite, une mangeoire \u00ab\u00a0plateau\u00a0\u00bb a \u00e9t\u00e9 install\u00e9e dans la cour.<\/p>\n\n\n\n<figure class=\"wp-block-image size-large\"><img loading=\"lazy\" decoding=\"async\" width=\"2560\" height=\"1440\" src=\"https:\/\/blogs.univ-tlse2.fr\/enfantsetanimaux\/files\/2024\/11\/1732728728382-edited-scaled.jpg\" alt=\"\" class=\"wp-image-673\" srcset=\"https:\/\/blogs.univ-tlse2.fr\/enfantsetanimaux\/files\/2024\/11\/1732728728382-edited-scaled.jpg 2560w, https:\/\/blogs.univ-tlse2.fr\/enfantsetanimaux\/files\/2024\/11\/1732728728382-edited-300x169.jpg 300w, https:\/\/blogs.univ-tlse2.fr\/enfantsetanimaux\/files\/2024\/11\/1732728728382-edited-1024x576.jpg 1024w, https:\/\/blogs.univ-tlse2.fr\/enfantsetanimaux\/files\/2024\/11\/1732728728382-edited-768x432.jpg 768w, https:\/\/blogs.univ-tlse2.fr\/enfantsetanimaux\/files\/2024\/11\/1732728728382-edited-1536x864.jpg 1536w, https:\/\/blogs.univ-tlse2.fr\/enfantsetanimaux\/files\/2024\/11\/1732728728382-edited-2048x1152.jpg 2048w\" sizes=\"auto, (max-width: 2560px) 100vw, 2560px\" \/><\/figure>\n\n\n\n<figure class=\"wp-block-image size-large\"><img loading=\"lazy\" decoding=\"async\" width=\"2560\" height=\"1440\" src=\"https:\/\/blogs.univ-tlse2.fr\/enfantsetanimaux\/files\/2024\/11\/boules-edited-scaled.jpg\" alt=\"\" class=\"wp-image-672\" srcset=\"https:\/\/blogs.univ-tlse2.fr\/enfantsetanimaux\/files\/2024\/11\/boules-edited-scaled.jpg 2560w, https:\/\/blogs.univ-tlse2.fr\/enfantsetanimaux\/files\/2024\/11\/boules-edited-300x169.jpg 300w, https:\/\/blogs.univ-tlse2.fr\/enfantsetanimaux\/files\/2024\/11\/boules-edited-1024x576.jpg 1024w, https:\/\/blogs.univ-tlse2.fr\/enfantsetanimaux\/files\/2024\/11\/boules-edited-768x432.jpg 768w, https:\/\/blogs.univ-tlse2.fr\/enfantsetanimaux\/files\/2024\/11\/boules-edited-1536x864.jpg 1536w, https:\/\/blogs.univ-tlse2.fr\/enfantsetanimaux\/files\/2024\/11\/boules-edited-2048x1152.jpg 2048w\" sizes=\"auto, (max-width: 2560px) 100vw, 2560px\" \/><\/figure>\n\n\n\n<p>Depuis la salle de chaque classe, nous avons un poste d&rsquo;observation avec des fiches d&rsquo;identit\u00e9 et des affiches pour identifier les oiseaux qui viendront \u00e0 la mangeoire. <\/p>\n\n\n\n<p>Ensuite, nous allons partager nos observations dans le cadre de l&rsquo;op\u00e9ration \u00ab\u00a0Oiseaux des jardins\u00a0\u00bb avec le site de sciences participative \u00ab\u00a0Vigie-Nature \u00c9cole\u00a0\u00bb. Nos observations seront alors disponibles pour les scientifiques du mus\u00e9um d&rsquo;histoire naturelle de Paris.<\/p>\n\n\n\n<p>Pour cela, nous avons cr\u00e9\u00e9 notre jardin \u00ab\u00a0Biodiv-\u00e9cole\u00a0\u00bb sur le site des oiseaux des jardins.<\/p>\n\n\n\n<figure class=\"wp-block-image size-large\"><img loading=\"lazy\" decoding=\"async\" width=\"1024\" height=\"597\" src=\"https:\/\/blogs.univ-tlse2.fr\/enfantsetanimaux\/files\/2024\/11\/oiseaux-des-jardins-1024x597.jpg\" alt=\"\" class=\"wp-image-674\" srcset=\"https:\/\/blogs.univ-tlse2.fr\/enfantsetanimaux\/files\/2024\/11\/oiseaux-des-jardins-1024x597.jpg 1024w, https:\/\/blogs.univ-tlse2.fr\/enfantsetanimaux\/files\/2024\/11\/oiseaux-des-jardins-300x175.jpg 300w, https:\/\/blogs.univ-tlse2.fr\/enfantsetanimaux\/files\/2024\/11\/oiseaux-des-jardins-768x448.jpg 768w, https:\/\/blogs.univ-tlse2.fr\/enfantsetanimaux\/files\/2024\/11\/oiseaux-des-jardins.jpg 1220w\" sizes=\"auto, (max-width: 1024px) 100vw, 1024px\" \/><\/figure>\n\n\n\n<p>A bient\u00f4t pour le r\u00e9sultat de nos premi\u00e8res observations&#8230;<\/p>\n","protected":false},"excerpt":{"rendered":"<p>Le 18 novembre, nous avons fabriqu\u00e9 des \u00ab\u00a0boules de graisses\u00a0\u00bb pour nourrir les oiseaux en hiver. En m\u00e9langeant de la mati\u00e8re grasse avec des graines, nous avons combl\u00e9 des pommes de pins avec ce m\u00e9lange. Ensuite, une mangeoire \u00ab\u00a0plateau\u00a0\u00bb a &hellip; <a href=\"https:\/\/blogs.univ-tlse2.fr\/enfantsetanimaux\/preparation-du-poste-de-nourrissage\/\">Continuer la lecture <span class=\"meta-nav\">&rarr;<\/span><\/a><\/p>\n","protected":false},"author":1376,"featured_media":0,"parent":0,"menu_order":0,"comment_status":"closed","ping_status":"closed","template":"","meta":{"footnotes":""},"class_list":["post-669","page","type-page","status-publish","hentry"],"_links":{"self":[{"href":"https:\/\/blogs.univ-tlse2.fr\/enfantsetanimaux\/wp-json\/wp\/v2\/pages\/669","targetHints":{"allow":["GET"]}}],"collection":[{"href":"https:\/\/blogs.univ-tlse2.fr\/enfantsetanimaux\/wp-json\/wp\/v2\/pages"}],"about":[{"href":"https:\/\/blogs.univ-tlse2.fr\/enfantsetanimaux\/wp-json\/wp\/v2\/types\/page"}],"author":[{"embeddable":true,"href":"https:\/\/blogs.univ-tlse2.fr\/enfantsetanimaux\/wp-json\/wp\/v2\/users\/1376"}],"replies":[{"embeddable":true,"href":"https:\/\/blogs.univ-tlse2.fr\/enfantsetanimaux\/wp-json\/wp\/v2\/comments?post=669"}],"version-history":[{"count":2,"href":"https:\/\/blogs.univ-tlse2.fr\/enfantsetanimaux\/wp-json\/wp\/v2\/pages\/669\/revisions"}],"predecessor-version":[{"id":676,"href":"https:\/\/blogs.univ-tlse2.fr\/enfantsetanimaux\/wp-json\/wp\/v2\/pages\/669\/revisions\/676"}],"wp:attachment":[{"href":"https:\/\/blogs.univ-tlse2.fr\/enfantsetanimaux\/wp-json\/wp\/v2\/media?parent=669"}],"curies":[{"name":"wp","href":"https:\/\/api.w.org\/{rel}","templated":true}]}}