 {"id":709,"date":"2025-09-26T15:57:18","date_gmt":"2025-09-26T13:57:18","guid":{"rendered":"https:\/\/blogs.univ-tlse2.fr\/enfantsetanimaux\/?page_id=709"},"modified":"2025-09-26T15:57:18","modified_gmt":"2025-09-26T13:57:18","slug":"presentation-du-projet-biodivecole-a-la-radio","status":"publish","type":"page","link":"https:\/\/blogs.univ-tlse2.fr\/enfantsetanimaux\/presentation-du-projet-biodivecole-a-la-radio\/","title":{"rendered":"Pr\u00e9sentation du projet Biodiv&rsquo;Ecole \u00e0 la radio"},"content":{"rendered":"\n<p>Voici un lien pour \u00e9couter la pr\u00e9sentation du projet Biodiv&rsquo;Ecole par les enfants dans le cadre de l&rsquo;Exposciences organis\u00e9e \u00e0 l&rsquo;Universit\u00e9 de Toulouse les 21 et 22 mai 2025.<\/p>\n\n\n\n<p><a href=\"https:\/\/audioblog.arteradio.com\/blog\/258369\/podcast\/258385\/projet-bio-div-ecole\">https:\/\/audioblog.arteradio.com\/blog\/258369\/podcast\/258385\/projet-bio-div-ecole<\/a> <\/p>\n","protected":false},"excerpt":{"rendered":"<p>Voici un lien pour \u00e9couter la pr\u00e9sentation du projet Biodiv&rsquo;Ecole par les enfants dans le cadre de l&rsquo;Exposciences organis\u00e9e \u00e0 l&rsquo;Universit\u00e9 de Toulouse les 21 et 22 mai 2025. https:\/\/audioblog.arteradio.com\/blog\/258369\/podcast\/258385\/projet-bio-div-ecole<\/p>\n","protected":false},"author":1376,"featured_media":0,"parent":0,"menu_order":0,"comment_status":"closed","ping_status":"closed","template":"","meta":{"footnotes":""},"class_list":["post-709","page","type-page","status-publish","hentry"],"_links":{"self":[{"href":"https:\/\/blogs.univ-tlse2.fr\/enfantsetanimaux\/wp-json\/wp\/v2\/pages\/709","targetHints":{"allow":["GET"]}}],"collection":[{"href":"https:\/\/blogs.univ-tlse2.fr\/enfantsetanimaux\/wp-json\/wp\/v2\/pages"}],"about":[{"href":"https:\/\/blogs.univ-tlse2.fr\/enfantsetanimaux\/wp-json\/wp\/v2\/types\/page"}],"author":[{"embeddable":true,"href":"https:\/\/blogs.univ-tlse2.fr\/enfantsetanimaux\/wp-json\/wp\/v2\/users\/1376"}],"replies":[{"embeddable":true,"href":"https:\/\/blogs.univ-tlse2.fr\/enfantsetanimaux\/wp-json\/wp\/v2\/comments?post=709"}],"version-history":[{"count":1,"href":"https:\/\/blogs.univ-tlse2.fr\/enfantsetanimaux\/wp-json\/wp\/v2\/pages\/709\/revisions"}],"predecessor-version":[{"id":711,"href":"https:\/\/blogs.univ-tlse2.fr\/enfantsetanimaux\/wp-json\/wp\/v2\/pages\/709\/revisions\/711"}],"wp:attachment":[{"href":"https:\/\/blogs.univ-tlse2.fr\/enfantsetanimaux\/wp-json\/wp\/v2\/media?parent=709"}],"curies":[{"name":"wp","href":"https:\/\/api.w.org\/{rel}","templated":true}]}}