 {"id":121,"date":"2017-09-12T14:11:36","date_gmt":"2017-09-12T12:11:36","guid":{"rendered":"https:\/\/blogs.univ-tlse2.fr\/esof\/?page_id=121"},"modified":"2017-09-12T14:43:17","modified_gmt":"2017-09-12T12:43:17","slug":"lappel-pour-la-session-careers-est-maintenant-accessible","status":"publish","type":"page","link":"https:\/\/blogs.univ-tlse2.fr\/esof\/appels-a-participation\/lappel-pour-la-session-careers-est-maintenant-accessible\/","title":{"rendered":"L&rsquo;appel pour la session \u00ab\u00a0Careers\u00a0\u00bb est maintenant accessible !"},"content":{"rendered":"<p><img loading=\"lazy\" decoding=\"async\" class=\"size-medium wp-image-132\" src=\"https:\/\/blogs.univ-tlse2.fr\/esof\/files\/2017\/09\/Careers-ESOF2018-300x101.jpg\" alt=\"\" width=\"300\" height=\"101\" srcset=\"https:\/\/blogs.univ-tlse2.fr\/esof\/files\/2017\/09\/Careers-ESOF2018-300x101.jpg 300w, https:\/\/blogs.univ-tlse2.fr\/esof\/files\/2017\/09\/Careers-ESOF2018-768x259.jpg 768w, https:\/\/blogs.univ-tlse2.fr\/esof\/files\/2017\/09\/Careers-ESOF2018.jpg 940w\" sizes=\"auto, (max-width: 300px) 100vw, 300px\" \/><\/p>\n<p>Le programme \u00ab\u00a0Careers\u00a0\u00bb sera un exceptionnel forum de l&#8217;emploi, qui permettra \u00e0 de jeunes chercheurs, aux instituts \u00e9ducatifs et aux acteurs industriels d&rsquo;aborder les questions li\u00e9es aux d\u00e9fis et aux opportunit\u00e9s de carri\u00e8re en Europe.<\/p>\n<p>La <a href=\"https:\/\/escmp.euroscience.org\/login\">plate-forme de soumissions en ligne<\/a> est maintenant ouverte. D\u00e8s maintenant, vous pouvez commencer \u00e0 pr\u00e9parer vos propositions de session.<\/p>\n<p>Pour plus d&rsquo;informations sur le programme \u00ab\u00a0Careers\u00a0\u00bb, ses th\u00e8mes, le format de session et les directives sp\u00e9cifiques, <a href=\"https:\/\/blogs.univ-tlse2.fr\/esof\/files\/2017\/09\/ESOF2018_CALL_FOR-_CAREERS_PROPOSALS_Version_1.pdf\">vous pouvez consulter ce document.<\/a><\/p>\n<p>L&rsquo;appel \u00e0 propositions de session pour ce programme est ouvert jusqu&rsquo;au <strong>dimanche 31 octobre 2017, 17h00.<\/strong><\/p>\n<p><strong>Tous les acteurs, prenant part \u00e0 la formation de carri\u00e8re scientifique, sont invit\u00e9s \u00e0 participer.<\/strong><\/p>\n","protected":false},"excerpt":{"rendered":"<p>Le programme \u00ab\u00a0Careers\u00a0\u00bb sera un exceptionnel forum de l&#8217;emploi, qui permettra \u00e0 de jeunes chercheurs, aux instituts \u00e9ducatifs et aux acteurs industriels d&rsquo;aborder les questions li\u00e9es aux d\u00e9fis et aux opportunit\u00e9s de carri\u00e8re en Europe. La plate-forme de soumissions en ligne est maintenant ouverte. D\u00e8s maintenant, vous pouvez commencer \u00e0 pr\u00e9parer vos propositions de session. &hellip; <a href=\"https:\/\/blogs.univ-tlse2.fr\/esof\/appels-a-participation\/lappel-pour-la-session-careers-est-maintenant-accessible\/\" class=\"more-link\">Continuer la lecture de <span class=\"screen-reader-text\">L&rsquo;appel pour la session \u00ab\u00a0Careers\u00a0\u00bb est maintenant accessible !<\/span> <span class=\"meta-nav\">&rarr;<\/span><\/a><\/p>\n","protected":false},"author":404,"featured_media":0,"parent":18,"menu_order":3,"comment_status":"closed","ping_status":"closed","template":"","meta":{"footnotes":""},"class_list":["post-121","page","type-page","status-publish","hentry"],"_links":{"self":[{"href":"https:\/\/blogs.univ-tlse2.fr\/esof\/wp-json\/wp\/v2\/pages\/121","targetHints":{"allow":["GET"]}}],"collection":[{"href":"https:\/\/blogs.univ-tlse2.fr\/esof\/wp-json\/wp\/v2\/pages"}],"about":[{"href":"https:\/\/blogs.univ-tlse2.fr\/esof\/wp-json\/wp\/v2\/types\/page"}],"author":[{"embeddable":true,"href":"https:\/\/blogs.univ-tlse2.fr\/esof\/wp-json\/wp\/v2\/users\/404"}],"replies":[{"embeddable":true,"href":"https:\/\/blogs.univ-tlse2.fr\/esof\/wp-json\/wp\/v2\/comments?post=121"}],"version-history":[{"count":7,"href":"https:\/\/blogs.univ-tlse2.fr\/esof\/wp-json\/wp\/v2\/pages\/121\/revisions"}],"predecessor-version":[{"id":136,"href":"https:\/\/blogs.univ-tlse2.fr\/esof\/wp-json\/wp\/v2\/pages\/121\/revisions\/136"}],"up":[{"embeddable":true,"href":"https:\/\/blogs.univ-tlse2.fr\/esof\/wp-json\/wp\/v2\/pages\/18"}],"wp:attachment":[{"href":"https:\/\/blogs.univ-tlse2.fr\/esof\/wp-json\/wp\/v2\/media?parent=121"}],"curies":[{"name":"wp","href":"https:\/\/api.w.org\/{rel}","templated":true}]}}