 {"id":127,"date":"2017-09-12T14:38:34","date_gmt":"2017-09-12T12:38:34","guid":{"rendered":"https:\/\/blogs.univ-tlse2.fr\/esof\/?page_id=127"},"modified":"2017-09-12T14:45:04","modified_gmt":"2017-09-12T12:45:04","slug":"appel-a-session-pour-science-to-business","status":"publish","type":"page","link":"https:\/\/blogs.univ-tlse2.fr\/esof\/appels-a-participation\/appel-a-session-pour-science-to-business\/","title":{"rendered":"Appel \u00e0 session pour \u00ab\u00a0Science to Business\u00a0\u00bb"},"content":{"rendered":"<p><img loading=\"lazy\" decoding=\"async\" class=\"size-medium wp-image-137\" src=\"https:\/\/blogs.univ-tlse2.fr\/esof\/files\/2017\/09\/S2B-ESOF2018-square-300x200.jpg\" alt=\"\" width=\"300\" height=\"200\" srcset=\"https:\/\/blogs.univ-tlse2.fr\/esof\/files\/2017\/09\/S2B-ESOF2018-square-300x200.jpg 300w, https:\/\/blogs.univ-tlse2.fr\/esof\/files\/2017\/09\/S2B-ESOF2018-square.jpg 400w\" sizes=\"auto, (max-width: 300px) 100vw, 300px\" \/><\/p>\n<p>Le programme <strong>Science-to-Business<\/strong> sera une plate-forme unique en Europe pour \u00e9changer id\u00e9es et bonnes pratiques du monde entier sur les mod\u00e8les \u00e9conomiques ax\u00e9s recherche et sur les d\u00e9veloppements \u00e9conomiques r\u00e9sultant de l&rsquo;innovation technologique.<\/p>\n<p>La <a href=\"https:\/\/escmp.euroscience.org\/login\">plate-forme de soumissions en ligne<\/a> est maintenant ouverte. Vous pouvez d\u00e8s \u00e0 pr\u00e9sent commencer \u00e0 pr\u00e9parer vos propositions de session. Pour plus d&rsquo;informations sur le programme \u00ab\u00a0Science to Business\u00a0\u00bb, ses th\u00e8mes, le format de session et les directives sp\u00e9cifiques, <a href=\"https:\/\/blogs.univ-tlse2.fr\/esof\/files\/2017\/09\/CALL-FOR-SCIENCE-TO-BUSINESS-PROPOSALS-version-1.pdf\">vous pouvez consulter ce document.<\/a><\/p>\n<p>L&rsquo;appel \u00e0 propositions de session pour \u00ab\u00a0Science to Business\u00a0\u00bb ouvert <strong>jusqu&rsquo;au dimanche 31 octobre 2017, 17h00<\/strong>.<\/p>\n<p>Les communaut\u00e9s scientifiques et d&rsquo;affaires sont invit\u00e9s \u00e0 participer.<\/p>\n","protected":false},"excerpt":{"rendered":"<p>Le programme Science-to-Business sera une plate-forme unique en Europe pour \u00e9changer id\u00e9es et bonnes pratiques du monde entier sur les mod\u00e8les \u00e9conomiques ax\u00e9s recherche et sur les d\u00e9veloppements \u00e9conomiques r\u00e9sultant de l&rsquo;innovation technologique. La plate-forme de soumissions en ligne est maintenant ouverte. Vous pouvez d\u00e8s \u00e0 pr\u00e9sent commencer \u00e0 pr\u00e9parer vos propositions de session. Pour &hellip; <a href=\"https:\/\/blogs.univ-tlse2.fr\/esof\/appels-a-participation\/appel-a-session-pour-science-to-business\/\" class=\"more-link\">Continuer la lecture de <span class=\"screen-reader-text\">Appel \u00e0 session pour \u00ab\u00a0Science to Business\u00a0\u00bb<\/span> <span class=\"meta-nav\">&rarr;<\/span><\/a><\/p>\n","protected":false},"author":404,"featured_media":0,"parent":18,"menu_order":4,"comment_status":"closed","ping_status":"closed","template":"","meta":{"footnotes":""},"class_list":["post-127","page","type-page","status-publish","hentry"],"_links":{"self":[{"href":"https:\/\/blogs.univ-tlse2.fr\/esof\/wp-json\/wp\/v2\/pages\/127","targetHints":{"allow":["GET"]}}],"collection":[{"href":"https:\/\/blogs.univ-tlse2.fr\/esof\/wp-json\/wp\/v2\/pages"}],"about":[{"href":"https:\/\/blogs.univ-tlse2.fr\/esof\/wp-json\/wp\/v2\/types\/page"}],"author":[{"embeddable":true,"href":"https:\/\/blogs.univ-tlse2.fr\/esof\/wp-json\/wp\/v2\/users\/404"}],"replies":[{"embeddable":true,"href":"https:\/\/blogs.univ-tlse2.fr\/esof\/wp-json\/wp\/v2\/comments?post=127"}],"version-history":[{"count":5,"href":"https:\/\/blogs.univ-tlse2.fr\/esof\/wp-json\/wp\/v2\/pages\/127\/revisions"}],"predecessor-version":[{"id":140,"href":"https:\/\/blogs.univ-tlse2.fr\/esof\/wp-json\/wp\/v2\/pages\/127\/revisions\/140"}],"up":[{"embeddable":true,"href":"https:\/\/blogs.univ-tlse2.fr\/esof\/wp-json\/wp\/v2\/pages\/18"}],"wp:attachment":[{"href":"https:\/\/blogs.univ-tlse2.fr\/esof\/wp-json\/wp\/v2\/media?parent=127"}],"curies":[{"name":"wp","href":"https:\/\/api.w.org\/{rel}","templated":true}]}}