 {"id":160,"date":"2017-12-05T14:26:31","date_gmt":"2017-12-05T13:26:31","guid":{"rendered":"https:\/\/blogs.univ-tlse2.fr\/esof\/?page_id=160"},"modified":"2017-12-05T14:26:31","modified_gmt":"2017-12-05T13:26:31","slug":"ouverture-de-lappel-a-propositions-posters","status":"publish","type":"page","link":"https:\/\/blogs.univ-tlse2.fr\/esof\/appels-a-participation\/ouverture-de-lappel-a-propositions-posters\/","title":{"rendered":"Ouverture de l&rsquo;appel \u00e0 propositions posters"},"content":{"rendered":"<p>La plateforme en ligne d\u00e9di\u00e9e aux propositions de posters est ouverte !<br \/>\nLes participants ont <strong>jusqu&rsquo;au 20 d\u00e9cembre 2017<\/strong> pour se d\u00e9clarer.<\/p>\n<p><img loading=\"lazy\" decoding=\"async\" class=\"alignnone size-medium wp-image-161\" src=\"https:\/\/blogs.univ-tlse2.fr\/esof\/files\/2017\/12\/poster-300x205.jpg\" alt=\"\" width=\"300\" height=\"205\" srcset=\"https:\/\/blogs.univ-tlse2.fr\/esof\/files\/2017\/12\/poster-300x205.jpg 300w, https:\/\/blogs.univ-tlse2.fr\/esof\/files\/2017\/12\/poster.jpg 316w\" sizes=\"auto, (max-width: 300px) 100vw, 300px\" \/><\/p>\n<p>L&rsquo;ann\u00e9e 2018 approche \u00e0 grands pas, cet appel est une des derni\u00e8res occasions de participer \u00e0 ESOF 2018 en s&rsquo;impliquant dans la session g\u00e9n\u00e9rale de pr\u00e9sentation de posters, avec la possibilit\u00e9 de courtes pr\u00e9sentations \u00e0 l&rsquo;oral.<\/p>\n<p>Des sessions posters seront pr\u00e9sent\u00e9es et valoris\u00e9es dans tout ESOF 2018, en ayant lieu dans diff\u00e9rents lieux du forum et en assurant une haute visibilit\u00e9 aux travaux.<br \/>\nCe format sera \u00e9galement une belle mani\u00e8re de se mettre en r\u00e9seau avec toutes les communaut\u00e9s d&rsquo;ESOF (des scientifiques aux journalistes, en passant par les d\u00e9cideurs politiques, les acteurs de la science etc.).<\/p>\n<p>Les propositions de tous les acteurs sont encourag\u00e9es, notamment celles des \u00e9tudiants et jeunes chercheurs, dont la participation sera particuli\u00e8rement bienvenue en cette \u00e9dition 2018 d&rsquo;ESOF Toulouse.<\/p>\n<p><a href=\"https:\/\/www.esof.eu\/en\/programme-calls\/call-for-posters.html\">Cliquez ici pour t\u00e9l\u00e9charger l&rsquo;appel et pour soumettre votre proposition.<\/a><\/p>\n","protected":false},"excerpt":{"rendered":"<p>La plateforme en ligne d\u00e9di\u00e9e aux propositions de posters est ouverte ! Les participants ont jusqu&rsquo;au 20 d\u00e9cembre 2017 pour se d\u00e9clarer. L&rsquo;ann\u00e9e 2018 approche \u00e0 grands pas, cet appel est une des derni\u00e8res occasions de participer \u00e0 ESOF 2018 en s&rsquo;impliquant dans la session g\u00e9n\u00e9rale de pr\u00e9sentation de posters, avec la possibilit\u00e9 de courtes &hellip; <a href=\"https:\/\/blogs.univ-tlse2.fr\/esof\/appels-a-participation\/ouverture-de-lappel-a-propositions-posters\/\" class=\"more-link\">Continuer la lecture de <span class=\"screen-reader-text\">Ouverture de l&rsquo;appel \u00e0 propositions posters<\/span> <span class=\"meta-nav\">&rarr;<\/span><\/a><\/p>\n","protected":false},"author":404,"featured_media":0,"parent":18,"menu_order":5,"comment_status":"closed","ping_status":"closed","template":"","meta":{"footnotes":""},"class_list":["post-160","page","type-page","status-publish","hentry"],"_links":{"self":[{"href":"https:\/\/blogs.univ-tlse2.fr\/esof\/wp-json\/wp\/v2\/pages\/160","targetHints":{"allow":["GET"]}}],"collection":[{"href":"https:\/\/blogs.univ-tlse2.fr\/esof\/wp-json\/wp\/v2\/pages"}],"about":[{"href":"https:\/\/blogs.univ-tlse2.fr\/esof\/wp-json\/wp\/v2\/types\/page"}],"author":[{"embeddable":true,"href":"https:\/\/blogs.univ-tlse2.fr\/esof\/wp-json\/wp\/v2\/users\/404"}],"replies":[{"embeddable":true,"href":"https:\/\/blogs.univ-tlse2.fr\/esof\/wp-json\/wp\/v2\/comments?post=160"}],"version-history":[{"count":1,"href":"https:\/\/blogs.univ-tlse2.fr\/esof\/wp-json\/wp\/v2\/pages\/160\/revisions"}],"predecessor-version":[{"id":162,"href":"https:\/\/blogs.univ-tlse2.fr\/esof\/wp-json\/wp\/v2\/pages\/160\/revisions\/162"}],"up":[{"embeddable":true,"href":"https:\/\/blogs.univ-tlse2.fr\/esof\/wp-json\/wp\/v2\/pages\/18"}],"wp:attachment":[{"href":"https:\/\/blogs.univ-tlse2.fr\/esof\/wp-json\/wp\/v2\/media?parent=160"}],"curies":[{"name":"wp","href":"https:\/\/api.w.org\/{rel}","templated":true}]}}