 {"id":20,"date":"2017-05-30T11:51:52","date_gmt":"2017-05-30T09:51:52","guid":{"rendered":"https:\/\/blogs.univ-tlse2.fr\/esof\/?page_id=20"},"modified":"2017-06-13T16:31:38","modified_gmt":"2017-06-13T14:31:38","slug":"evenements-labellises","status":"publish","type":"page","link":"https:\/\/blogs.univ-tlse2.fr\/esof\/evenements-labellises\/","title":{"rendered":"Ev\u00e8nements labellis\u00e9s"},"content":{"rendered":"<p><strong>Par ann\u00e9e :<\/strong><\/p>\n<ul>\n<li><a href=\"https:\/\/blogs.univ-tlse2.fr\/esof\/evenements-labellises\/2017-2\/\">en 2017<\/a><\/li>\n<\/ul>\n<p>&nbsp;<\/p>\n<ul>\n<li><a href=\"https:\/\/blogs.univ-tlse2.fr\/esof\/evenements-labellises\/2018-2\/\">en 2018<\/a><strong><br \/>\n<\/strong><\/li>\n<\/ul>\n","protected":false},"excerpt":{"rendered":"<p>Par ann\u00e9e : en 2017 &nbsp; en 2018<\/p>\n","protected":false},"author":404,"featured_media":0,"parent":0,"menu_order":4,"comment_status":"closed","ping_status":"closed","template":"","meta":{"footnotes":""},"class_list":["post-20","page","type-page","status-publish","hentry"],"_links":{"self":[{"href":"https:\/\/blogs.univ-tlse2.fr\/esof\/wp-json\/wp\/v2\/pages\/20","targetHints":{"allow":["GET"]}}],"collection":[{"href":"https:\/\/blogs.univ-tlse2.fr\/esof\/wp-json\/wp\/v2\/pages"}],"about":[{"href":"https:\/\/blogs.univ-tlse2.fr\/esof\/wp-json\/wp\/v2\/types\/page"}],"author":[{"embeddable":true,"href":"https:\/\/blogs.univ-tlse2.fr\/esof\/wp-json\/wp\/v2\/users\/404"}],"replies":[{"embeddable":true,"href":"https:\/\/blogs.univ-tlse2.fr\/esof\/wp-json\/wp\/v2\/comments?post=20"}],"version-history":[{"count":4,"href":"https:\/\/blogs.univ-tlse2.fr\/esof\/wp-json\/wp\/v2\/pages\/20\/revisions"}],"predecessor-version":[{"id":75,"href":"https:\/\/blogs.univ-tlse2.fr\/esof\/wp-json\/wp\/v2\/pages\/20\/revisions\/75"}],"wp:attachment":[{"href":"https:\/\/blogs.univ-tlse2.fr\/esof\/wp-json\/wp\/v2\/media?parent=20"}],"curies":[{"name":"wp","href":"https:\/\/api.w.org\/{rel}","templated":true}]}}