 {"id":4,"date":"2017-05-30T11:23:14","date_gmt":"2017-05-30T09:23:14","guid":{"rendered":"https:\/\/blogs.univ-tlse2.fr\/esof\/?page_id=4"},"modified":"2017-06-13T16:43:22","modified_gmt":"2017-06-13T14:43:22","slug":"esof-2018-a-toulouse","status":"publish","type":"page","link":"https:\/\/blogs.univ-tlse2.fr\/esof\/","title":{"rendered":"ESOF 2018 \u00e0 Toulouse"},"content":{"rendered":"<div>\n<p><img loading=\"lazy\" decoding=\"async\" class=\"wp-image-8 alignleft\" src=\"https:\/\/blogs.univ-tlse2.fr\/esof\/files\/2017\/05\/cropped-logotype-esof-global-web-ssfond_croped-300x300.png\" alt=\"\" width=\"77\" height=\"77\" srcset=\"https:\/\/blogs.univ-tlse2.fr\/esof\/files\/2017\/05\/cropped-logotype-esof-global-web-ssfond_croped-300x300.png 300w, https:\/\/blogs.univ-tlse2.fr\/esof\/files\/2017\/05\/cropped-logotype-esof-global-web-ssfond_croped-150x150.png 150w, https:\/\/blogs.univ-tlse2.fr\/esof\/files\/2017\/05\/cropped-logotype-esof-global-web-ssfond_croped-100x100.png 100w, https:\/\/blogs.univ-tlse2.fr\/esof\/files\/2017\/05\/cropped-logotype-esof-global-web-ssfond_croped-270x270.png 270w, https:\/\/blogs.univ-tlse2.fr\/esof\/files\/2017\/05\/cropped-logotype-esof-global-web-ssfond_croped-192x192.png 192w, https:\/\/blogs.univ-tlse2.fr\/esof\/files\/2017\/05\/cropped-logotype-esof-global-web-ssfond_croped-180x180.png 180w, https:\/\/blogs.univ-tlse2.fr\/esof\/files\/2017\/05\/cropped-logotype-esof-global-web-ssfond_croped-32x32.png 32w, https:\/\/blogs.univ-tlse2.fr\/esof\/files\/2017\/05\/cropped-logotype-esof-global-web-ssfond_croped.png 512w\" sizes=\"auto, (max-width: 77px) 100vw, 77px\" \/>Illustrant le succ\u00e8s d\u2019une dynamique collective, Toulouse est choisie pour accueillir la 8e \u00e9dition d&rsquo;ESOF (EuroScience Open Forum), la plus grande rencontre interdisciplinaire sur la science et l\u2019innovation en Europe.<\/p>\n<p>ESOF 2018 \u00e0 Toulouse, du 9 au 14 juillet, c\u2019est<\/p>\n<p>&#8211; <strong>plus de 4000 participant-e-s attendu-e-s<\/strong> venant de tous les horizons disciplinaires (toutes les sciences) et g\u00e9ographiques (plus de 80 pays repr\u00e9sent\u00e9s dans l\u2019\u00e9dition pr\u00e9c\u00e9dente \u00e0 Manchester)<\/p>\n<p>&#8211; de nombreux programmes :<\/p>\n<\/div>\n<p><strong>SCIENCE PROGRAMME<\/strong><br \/>\nLe volet scientifique comprendra de multiples s\u00e9minaires, ateliers et d\u00e9bats autour des derni\u00e8res avanc\u00e9es de la recherche<\/p>\n<p><strong>SCIENCE TO BUSINESS PROGRAMME<\/strong><br \/>\nLe volet Science &amp; Business offrira une plate-forme unique en Europe d\u2019\u00e9change d\u2019id\u00e9es et de bonnes pratiques \u00e0 travers le monde sur la cr\u00e9ation d\u2019entreprises \u00e0 partir de la recherche, ainsi que sur les d\u00e9veloppements \u00e9conomiques issus des innovations technologiques<\/p>\n<p><strong>CAREERS PROGRAMME<\/strong><br \/>\nV\u00e9ritable carrefour de l\u2019emploi, il r\u00e9unira les jeunes doctorants et chercheurs, les organismes de formation et les acteurs industriels autour des questions li\u00e9es aux enjeux et aux perspectives de carri\u00e8res scientifiques en Europe<\/p>\n<p><strong>SCIENCE POLICY PROGRAMME<\/strong><br \/>\nParticuli\u00e8rement strat\u00e9gique pour notre communaut\u00e9 et notre universit\u00e9, il permettra la communication sur nos recherches et leurs r\u00e9sultats, l\u2019\u00e9mergence de d\u00e9bats et de partenariats avec d\u2019autres chercheurs europ\u00e9ens, ainsi que la discussion d\u2019orientations strat\u00e9giques de recherche et d\u2019innovation pour l\u2019Europe post Horizon 2020.<\/p>\n<p><strong>MEDIA &amp; SCIENCE COMMUNICATION PROGRAMME<\/strong><br \/>\nIl offrira une vitrine scientifique europ\u00e9enne \u00e0 plus de 400 journalistes accr\u00e9dit\u00e9s<\/p>\n<p><strong>FESTIVAL \u00ab SCIENCE IN THE CITY \u00bb<\/strong><br \/>\nEn parall\u00e8le, une programmation riche et vari\u00e9e sera propos\u00e9e au grand public lors du festival \u00ab Science dans la ville \u00bb, compos\u00e9e d\u2019activit\u00e9s ludiques et de manifestations scientifiques, qui se d\u00e9rouleront dans les quartiers de la ville de Toulouse, en s\u2019appuyant sur les personnalit\u00e9s pr\u00e9sentes \u00e0 l\u2019occasion d\u2019ESOF.<\/p>\n<p><strong>EXHIBITION<\/strong><br \/>\nTout au long d\u2019ESOF se tiendra un salon professionnel avec les acteurs principaux de la recherche et de l\u2019innovation en Europe.<\/p>\n<div><\/div>\n<div><\/div>\n<h4><strong>UT2J se mobilise pour \u00eatre fortement pr\u00e9sente<\/strong><\/h4>\n<p><em>Comment ?<\/em><br \/>\n&#8211; nous rendre visibles au centre des Congr\u00e8s Pierre Baudis (un stand UT2J, une plaquette en anglais pr\u00e9sentant la recherche \u00e0 l\u2019UT2J)<br \/>\n&#8211; inciter les membres de notre communaut\u00e9 scientifique \u00e0 participer en proposant une session scientifique<br \/>\n&#8211; en demandant la labellisation \u00ab ESOF 2018 \u2013 Toulouse, Cit\u00e9 europ\u00e9enne de la Science \u00bb des manifestations scientifiques que vous organisez \u00e0 Toulouse ou en r\u00e9gion en 2017 ou 2018. Prochaines campagnes : juin, septembre, d\u00e9cembre 2017.<br \/>\n(Quatre crit\u00e8res de labellisation : qualit\u00e9 scientifique, lien \u00e0 la soci\u00e9t\u00e9, dimension<br \/>\neurop\u00e9enne et implication des jeunes)<br \/>\nNous avons pour projet d\u2019organiser une s\u00e9rie de manifestations sur le campus du Mirail pendant la semaine du forum pour y faire y venir les participants (sessions scientifiques, pr\u00e9sentation d\u2019expositions ou de posters, \u00e9v\u00e9nements festifs\u2026).<\/p>\n<p>Nous y r\u00e9fl\u00e9chissons. Si vous avez des id\u00e9es, n\u2019h\u00e9sitez pas \u00e0 nous les faire parvenir\u2026<\/p>\n<p><em>\u00c0 qui vous adresser ?<\/em><br \/>\nAux membres du groupe de travail charg\u00e9 d\u2019organiser la pr\u00e9sence d\u2019UT2J :<br \/>\nMarie-Christine Jaillet (VP recherche), Nathalie Dessens (VP \u00e0 la diffusion des savoirs), Vincent Simoulin (VP \u00e0 la valorisation), Michel Catlla (VP \u00e0 la culture), Sophie P\u00e9riard (DAR), Fabienne Denuc (CPRS), Am\u00e9lie Josselin Leray et Carole Filli\u00e8re (CETIM)<br \/>\net les 3 ambassadeurs (ambassadrices) ESOF : Olivier Guerrier, Isabelle Ser\u00e7a, \u00c9milie Roffidal.<\/p>\n<p><strong>Une condition : que le campus soit vivant et anim\u00e9 entre le 9 et le 14 juillet\u2026<\/strong><\/p>\n<p><strong>C\u2019est aussi votre affaire !<\/strong><\/p>\n","protected":false},"excerpt":{"rendered":"<p>Illustrant le succ\u00e8s d\u2019une dynamique collective, Toulouse est choisie pour accueillir la 8e \u00e9dition d&rsquo;ESOF (EuroScience Open Forum), la plus grande rencontre interdisciplinaire sur la science et l\u2019innovation en Europe. ESOF 2018 \u00e0 Toulouse, du 9 au 14 juillet, c\u2019est &#8211; plus de 4000 participant-e-s attendu-e-s venant de tous les horizons disciplinaires (toutes les sciences) &hellip; <a href=\"https:\/\/blogs.univ-tlse2.fr\/esof\/\" class=\"more-link\">Continuer la lecture de <span class=\"screen-reader-text\">ESOF 2018 \u00e0 Toulouse<\/span> <span class=\"meta-nav\">&rarr;<\/span><\/a><\/p>\n","protected":false},"author":404,"featured_media":0,"parent":0,"menu_order":1,"comment_status":"closed","ping_status":"closed","template":"","meta":{"footnotes":""},"class_list":["post-4","page","type-page","status-publish","hentry"],"_links":{"self":[{"href":"https:\/\/blogs.univ-tlse2.fr\/esof\/wp-json\/wp\/v2\/pages\/4","targetHints":{"allow":["GET"]}}],"collection":[{"href":"https:\/\/blogs.univ-tlse2.fr\/esof\/wp-json\/wp\/v2\/pages"}],"about":[{"href":"https:\/\/blogs.univ-tlse2.fr\/esof\/wp-json\/wp\/v2\/types\/page"}],"author":[{"embeddable":true,"href":"https:\/\/blogs.univ-tlse2.fr\/esof\/wp-json\/wp\/v2\/users\/404"}],"replies":[{"embeddable":true,"href":"https:\/\/blogs.univ-tlse2.fr\/esof\/wp-json\/wp\/v2\/comments?post=4"}],"version-history":[{"count":20,"href":"https:\/\/blogs.univ-tlse2.fr\/esof\/wp-json\/wp\/v2\/pages\/4\/revisions"}],"predecessor-version":[{"id":102,"href":"https:\/\/blogs.univ-tlse2.fr\/esof\/wp-json\/wp\/v2\/pages\/4\/revisions\/102"}],"wp:attachment":[{"href":"https:\/\/blogs.univ-tlse2.fr\/esof\/wp-json\/wp\/v2\/media?parent=4"}],"curies":[{"name":"wp","href":"https:\/\/api.w.org\/{rel}","templated":true}]}}