 {"id":49,"date":"2017-05-30T12:12:28","date_gmt":"2017-05-30T10:12:28","guid":{"rendered":"https:\/\/blogs.univ-tlse2.fr\/esof\/?page_id=49"},"modified":"2017-05-30T12:12:28","modified_gmt":"2017-05-30T10:12:28","slug":"ouverture-de-lappel-a-sessions-scientifiques","status":"publish","type":"page","link":"https:\/\/blogs.univ-tlse2.fr\/esof\/appels-a-participation\/ouverture-de-lappel-a-sessions-scientifiques\/","title":{"rendered":"Ouverture de l&rsquo;appel \u00e0 sessions scientifiques"},"content":{"rendered":"<p>La prochaine \u00e9dition de l\u2019EuroScience Open Forum (ESOF) se tiendra \u00e0 Toulouse du 9 au 14 Juillet 2018. ESOF est la plus grande rencontre interdisciplinaire sur la science, l\u2019innovation et leurs relations avec la soci\u00e9t\u00e9 en Europe, et un \u00e9v\u00e9nement majeur dans le calendrier scientifique europ\u00e9en.<\/p>\n<p>L\u2019appel \u00e0 sessions pour le programme scientifique est rendu public <a href=\"http:\/\/www.esof.eu\/en\/about\/programme\/call-for-proposals.html\">sur le site esof.eu<\/a><br \/>\n<strong>L&rsquo;appel est ouvert jusqu&rsquo;au 23 juin 2017.<\/strong><\/p>\n<p>Vos propositions pour ESOF 2018 sont bienvenues !<\/p>\n<p><a href=\"http:\/\/www.univ-toulouse.fr\/sites\/default\/files\/call-scientific-session-proposals-esof2018_0.pdf\">Appel \u00e0 sessions pour le programme Scientifique ESOF 2018 (document .pdf, en anglais)<\/a><\/p>\n<p>La plateforme de soumission de propositions a \u00e9t\u00e9 ouverte le vendredi 10 f\u00e9vrier 2017, \u00e0 l\u2019occasion de l\u2019\u00e9v\u00e9nement officiel de lancement de l\u2019appel, qui a eu lieu \u00e0 l\u2019amphith\u00e9\u00e2tre Poincar\u00e9 (MENESR, 1 rue Descartes \u2013 75005 Paris.<\/p>\n","protected":false},"excerpt":{"rendered":"<p>La prochaine \u00e9dition de l\u2019EuroScience Open Forum (ESOF) se tiendra \u00e0 Toulouse du 9 au 14 Juillet 2018. ESOF est la plus grande rencontre interdisciplinaire sur la science, l\u2019innovation et leurs relations avec la soci\u00e9t\u00e9 en Europe, et un \u00e9v\u00e9nement majeur dans le calendrier scientifique europ\u00e9en. L\u2019appel \u00e0 sessions pour le programme scientifique est rendu &hellip; <a href=\"https:\/\/blogs.univ-tlse2.fr\/esof\/appels-a-participation\/ouverture-de-lappel-a-sessions-scientifiques\/\" class=\"more-link\">Continuer la lecture de <span class=\"screen-reader-text\">Ouverture de l&rsquo;appel \u00e0 sessions scientifiques<\/span> <span class=\"meta-nav\">&rarr;<\/span><\/a><\/p>\n","protected":false},"author":404,"featured_media":0,"parent":18,"menu_order":1,"comment_status":"closed","ping_status":"closed","template":"","meta":{"footnotes":""},"class_list":["post-49","page","type-page","status-publish","hentry"],"_links":{"self":[{"href":"https:\/\/blogs.univ-tlse2.fr\/esof\/wp-json\/wp\/v2\/pages\/49","targetHints":{"allow":["GET"]}}],"collection":[{"href":"https:\/\/blogs.univ-tlse2.fr\/esof\/wp-json\/wp\/v2\/pages"}],"about":[{"href":"https:\/\/blogs.univ-tlse2.fr\/esof\/wp-json\/wp\/v2\/types\/page"}],"author":[{"embeddable":true,"href":"https:\/\/blogs.univ-tlse2.fr\/esof\/wp-json\/wp\/v2\/users\/404"}],"replies":[{"embeddable":true,"href":"https:\/\/blogs.univ-tlse2.fr\/esof\/wp-json\/wp\/v2\/comments?post=49"}],"version-history":[{"count":1,"href":"https:\/\/blogs.univ-tlse2.fr\/esof\/wp-json\/wp\/v2\/pages\/49\/revisions"}],"predecessor-version":[{"id":50,"href":"https:\/\/blogs.univ-tlse2.fr\/esof\/wp-json\/wp\/v2\/pages\/49\/revisions\/50"}],"up":[{"embeddable":true,"href":"https:\/\/blogs.univ-tlse2.fr\/esof\/wp-json\/wp\/v2\/pages\/18"}],"wp:attachment":[{"href":"https:\/\/blogs.univ-tlse2.fr\/esof\/wp-json\/wp\/v2\/media?parent=49"}],"curies":[{"name":"wp","href":"https:\/\/api.w.org\/{rel}","templated":true}]}}