 {"id":54,"date":"2017-05-30T12:16:39","date_gmt":"2017-05-30T10:16:39","guid":{"rendered":"https:\/\/blogs.univ-tlse2.fr\/esof\/?page_id=54"},"modified":"2017-06-13T16:31:51","modified_gmt":"2017-06-13T14:31:51","slug":"contact","status":"publish","type":"page","link":"https:\/\/blogs.univ-tlse2.fr\/esof\/contact\/","title":{"rendered":"Contact"},"content":{"rendered":"<p>Rosario S\u00e1nchez-Albor,<br \/>\nSecr\u00e9taire g\u00e9n\u00e9rale ESOF 2018<br \/>\n<a>&#x6f;&#102;f&#x69;&#x63;e&#64;&#x74;&#x6f;ul&#x6f;&#117;s&#x65;&#x32;&#48;1&#x38;&#x2e;es&#x6f;&#102;&#46;&#x65;&#x75;<\/a><br \/>\n+ 33 (0)5 61 00 91 17<\/p>\n<p><a class=\"lien_externe\" title=\"en savoir plus. (nouvelle fen\u00eatre)\" href=\"http:\/\/www.univ-toulouse.fr\/international\/esof-toulouse-2018\">En savoir plus.<\/a><br \/>\n<a class=\"lien_externe\" title=\"site esof (nouvelle fen\u00eatre)\" href=\"http:\/\/www.esof.eu\/en\/\">Site ESOF<\/a><\/p>\n","protected":false},"excerpt":{"rendered":"<p>Rosario S\u00e1nchez-Albor, Secr\u00e9taire g\u00e9n\u00e9rale ESOF 2018 o&#x66;&#x66;i&#x63;&#x65;&#64;&#x74;&#x6f;u&#x6c;&#x6f;u&#x73;&#x65;2&#x30;&#x31;8&#x2e;&#x65;s&#x6f;&#x66;&#46;&#x65;&#x75; + 33 (0)5 61 00 91 17 En savoir plus. Site ESOF<\/p>\n","protected":false},"author":404,"featured_media":0,"parent":0,"menu_order":6,"comment_status":"closed","ping_status":"closed","template":"","meta":{"footnotes":""},"class_list":["post-54","page","type-page","status-publish","hentry"],"_links":{"self":[{"href":"https:\/\/blogs.univ-tlse2.fr\/esof\/wp-json\/wp\/v2\/pages\/54","targetHints":{"allow":["GET"]}}],"collection":[{"href":"https:\/\/blogs.univ-tlse2.fr\/esof\/wp-json\/wp\/v2\/pages"}],"about":[{"href":"https:\/\/blogs.univ-tlse2.fr\/esof\/wp-json\/wp\/v2\/types\/page"}],"author":[{"embeddable":true,"href":"https:\/\/blogs.univ-tlse2.fr\/esof\/wp-json\/wp\/v2\/users\/404"}],"replies":[{"embeddable":true,"href":"https:\/\/blogs.univ-tlse2.fr\/esof\/wp-json\/wp\/v2\/comments?post=54"}],"version-history":[{"count":1,"href":"https:\/\/blogs.univ-tlse2.fr\/esof\/wp-json\/wp\/v2\/pages\/54\/revisions"}],"predecessor-version":[{"id":55,"href":"https:\/\/blogs.univ-tlse2.fr\/esof\/wp-json\/wp\/v2\/pages\/54\/revisions\/55"}],"wp:attachment":[{"href":"https:\/\/blogs.univ-tlse2.fr\/esof\/wp-json\/wp\/v2\/media?parent=54"}],"curies":[{"name":"wp","href":"https:\/\/api.w.org\/{rel}","templated":true}]}}