 {"id":66,"date":"2017-05-30T14:59:18","date_gmt":"2017-05-30T12:59:18","guid":{"rendered":"https:\/\/blogs.univ-tlse2.fr\/esof\/?page_id=66"},"modified":"2017-10-05T11:59:06","modified_gmt":"2017-10-05T09:59:06","slug":"2017-2","status":"publish","type":"page","link":"https:\/\/blogs.univ-tlse2.fr\/esof\/evenements-labellises\/2017-2\/","title":{"rendered":"En 2017"},"content":{"rendered":"<p><img loading=\"lazy\" decoding=\"async\" class=\"\" title=\"\" src=\"http:\/\/www.univ-tlse2.fr\/medias\/photo\/artwork-painting-on-a-stand_1488533834879-png\" alt=\"\" width=\"40\" height=\"40\" \/><strong> Exposition :<\/strong> <a href=\"http:\/\/www.univ-tlse2.fr\/accueil\/agenda\/incroyables-cartes--475044.kjsp?RH=UTM\">Incroyables cartes !<\/a> 17 d\u00e9cembre 2016 \u2013 21 mars 2017 \/ Laboratoire GEODE<\/p>\n<p><strong><img loading=\"lazy\" decoding=\"async\" class=\"\" title=\"\" src=\"http:\/\/www.univ-tlse2.fr\/medias\/photo\/meeting_1488534316043-png\" alt=\"\" width=\"40\" height=\"40\" \/> Colloque :<\/strong> <a href=\"http:\/\/www.univ-tlse2.fr\/accueil\/recherche\/actualites\/andreas-latzko-1876-1943-un-classique-de-la-litterature-de-guerre-oublie--445477.kjsp?RH=04Recherche\">Andreas Latzko (1876-1943) : un classique de la litt\u00e9rature de guerre oubli\u00e9 ?<\/a>. 27 au 28 avril 2017 \/ Laboratoire CREG<\/p>\n<p><strong><img loading=\"lazy\" decoding=\"async\" class=\"\" title=\"\" src=\"http:\/\/www.univ-tlse2.fr\/medias\/photo\/meeting_1488534316043-png\" alt=\"\" width=\"40\" height=\"40\" \/> Colloque : <\/strong><a href=\"http:\/\/www.univ-tlse2.fr\/accueil\/agenda\/les-agricultures-urbaines-durables-un-vecteur-de-la-transition-ecologique--447648.kjsp?RH=04Recherche\">Les agricultures urbaines durables : un vecteur de la transition \u00e9cologique<\/a>. 6 au 9 juin 2017 \/ Laboratoires CERTOP et LISST \u2013 DR<\/p>\n<p><strong><img loading=\"lazy\" decoding=\"async\" class=\"\" title=\"\" src=\"http:\/\/www.univ-tlse2.fr\/medias\/photo\/meeting_1488534316043-png\" alt=\"\" width=\"40\" height=\"40\" \/> Colloque : <\/strong><a href=\"http:\/\/www.univ-tlse2.fr\/accueil\/agenda\/bilingualism-vs-monolingualism-a-new-perspective-on-limitations-to-l2-acquisition-bomo2017--445179.kjsp?RH=04Recherche\">Bilingualism vs. monolingualism: a new perspective on limitations to L2 acquisition.<\/a> 19 au 20 juin 2017 \/ Laboratoire OCTOGONE-LORDAT<\/p>\n<p><img loading=\"lazy\" decoding=\"async\" class=\"\" title=\"\" src=\"http:\/\/www.univ-tlse2.fr\/medias\/photo\/artwork-painting-on-a-stand_1488533834879-png\" alt=\"\" width=\"40\" height=\"40\" \/> <strong>Exposition :<\/strong> <a href=\"http:\/\/www.univ-tlse2.fr\/accueil\/recherche\/actualites\/exposition-gestes-parlants-524326.kjsp?RH=04Recherche\">Gestes parlants. <\/a>16 septembre 2017 au 4 f\u00e9vrier 2018 \/ Laboratoire CLLE<\/p>\n<p><strong><img loading=\"lazy\" decoding=\"async\" class=\"\" title=\"\" src=\"http:\/\/www.univ-tlse2.fr\/medias\/photo\/meeting_1488534316043-png\" alt=\"\" width=\"40\" height=\"40\" \/> Colloque :<\/strong> <a href=\"http:\/\/www.univ-tlse2.fr\/accueil\/agenda\/melees-et-demeles-50-ans-de-recherches-en-sciences-de-l-education--447889.kjsp?RH=04Recherche\">M\u00eal\u00e9es et d\u00e9m\u00eal\u00e9s, 50 ans de recherches en Sciences de l\u2019Education. <\/a>20 au 22 septembre 2017 \/ Laboratoire EFTS<\/p>\n<p><strong><img loading=\"lazy\" decoding=\"async\" class=\"\" title=\"\" src=\"http:\/\/www.univ-tlse2.fr\/medias\/photo\/meeting_1488534316043-png\" alt=\"\" width=\"40\" height=\"40\" \/><\/strong> <strong>Colloque :<\/strong> <a href=\"http:\/\/www.univ-tlse2.fr\/accueil\/agenda\/la-presence-catalane-a-l-etranger-creation-et-circulation-des-dispositifs-identitaires-en-contexte-interculturel-446782.kjsp?RH=04Recherche\">La pr\u00e9sence catalane \u00e0 l&rsquo;\u00e9tranger : cr\u00e9ation et circulation des dispositifs identitaires en contexte interculturel.<\/a> 20 au 21 octobre 2017 \/ Laboratoire LLA CREATIS<\/p>\n<p><strong><img loading=\"lazy\" decoding=\"async\" class=\"\" title=\"\" src=\"http:\/\/www.univ-tlse2.fr\/medias\/photo\/meeting_1488534316043-png\" alt=\"\" width=\"40\" height=\"40\" \/> Colloque : <\/strong><a href=\"http:\/\/www.univ-tlse2.fr\/accueil\/agenda\/parresia-et-civilite-entre-france-et-italie-renaissance-xviie-siecle--445724.kjsp?RH=04Recherche\">Parresia et civilit\u00e9 entre France et Italie (renaissance \/ XVIIe si\u00e8cle).<\/a> 19 au 21 octobre 2017 \/ Laboratoire Il Laboratorio<\/p>\n<p><strong><img loading=\"lazy\" decoding=\"async\" class=\"alignnone wp-image-105\" src=\"https:\/\/blogs.univ-tlse2.fr\/esof\/files\/2017\/05\/open-book.png\" alt=\"\" width=\"40\" height=\"40\" \/> Programme :<\/strong> <a href=\"https:\/\/blogs.univ-tlse2.fr\/ambassadeurs\/\">Cr\u00e9er l\u2019entente : formes et agents de r\u00e9solution du conflit dans l\u2019Europe de Shakespeare. <\/a>27 octobre 2017 \/ Laboratoire CAS<\/p>\n<p><strong><img loading=\"lazy\" decoding=\"async\" class=\"\" title=\"\" src=\"http:\/\/www.univ-tlse2.fr\/medias\/photo\/meeting_1488534316043-png\" alt=\"\" width=\"40\" height=\"40\" \/> Colloque :<\/strong> <a href=\"http:\/\/www.univ-tlse2.fr\/accueil\/agenda\/changements-et-transitions-enjeux-pour-les-educations-a-l-environnement-et-au-developpement-durable--448200.kjsp\">Changements et transitions : enjeux pour les \u00e9ducations \u00e0 l\u2019environnement et au d\u00e9veloppement durable.<\/a> 7 au 9 novembre 2017 \/ Laboratoire GEODE<\/p>\n","protected":false},"excerpt":{"rendered":"<p>Exposition : Incroyables cartes ! 17 d\u00e9cembre 2016 \u2013 21 mars 2017 \/ Laboratoire GEODE Colloque : Andreas Latzko (1876-1943) : un classique de la litt\u00e9rature de guerre oubli\u00e9 ?. 27 au 28 avril 2017 \/ Laboratoire CREG Colloque : Les agricultures urbaines durables : un vecteur de la transition \u00e9cologique. 6 au 9 juin &hellip; <a href=\"https:\/\/blogs.univ-tlse2.fr\/esof\/evenements-labellises\/2017-2\/\" class=\"more-link\">Continuer la lecture de <span class=\"screen-reader-text\">En 2017<\/span> <span class=\"meta-nav\">&rarr;<\/span><\/a><\/p>\n","protected":false},"author":404,"featured_media":0,"parent":20,"menu_order":1,"comment_status":"closed","ping_status":"closed","template":"","meta":{"footnotes":""},"class_list":["post-66","page","type-page","status-publish","hentry"],"_links":{"self":[{"href":"https:\/\/blogs.univ-tlse2.fr\/esof\/wp-json\/wp\/v2\/pages\/66","targetHints":{"allow":["GET"]}}],"collection":[{"href":"https:\/\/blogs.univ-tlse2.fr\/esof\/wp-json\/wp\/v2\/pages"}],"about":[{"href":"https:\/\/blogs.univ-tlse2.fr\/esof\/wp-json\/wp\/v2\/types\/page"}],"author":[{"embeddable":true,"href":"https:\/\/blogs.univ-tlse2.fr\/esof\/wp-json\/wp\/v2\/users\/404"}],"replies":[{"embeddable":true,"href":"https:\/\/blogs.univ-tlse2.fr\/esof\/wp-json\/wp\/v2\/comments?post=66"}],"version-history":[{"count":6,"href":"https:\/\/blogs.univ-tlse2.fr\/esof\/wp-json\/wp\/v2\/pages\/66\/revisions"}],"predecessor-version":[{"id":154,"href":"https:\/\/blogs.univ-tlse2.fr\/esof\/wp-json\/wp\/v2\/pages\/66\/revisions\/154"}],"up":[{"embeddable":true,"href":"https:\/\/blogs.univ-tlse2.fr\/esof\/wp-json\/wp\/v2\/pages\/20"}],"wp:attachment":[{"href":"https:\/\/blogs.univ-tlse2.fr\/esof\/wp-json\/wp\/v2\/media?parent=66"}],"curies":[{"name":"wp","href":"https:\/\/api.w.org\/{rel}","templated":true}]}}