 {"id":68,"date":"2017-05-30T14:59:33","date_gmt":"2017-05-30T12:59:33","guid":{"rendered":"https:\/\/blogs.univ-tlse2.fr\/esof\/?page_id=68"},"modified":"2017-10-05T11:42:11","modified_gmt":"2017-10-05T09:42:11","slug":"2018-2","status":"publish","type":"page","link":"https:\/\/blogs.univ-tlse2.fr\/esof\/evenements-labellises\/2018-2\/","title":{"rendered":"En 2018"},"content":{"rendered":"<p><strong><img loading=\"lazy\" decoding=\"async\" class=\"alignnone wp-image-105\" src=\"https:\/\/blogs.univ-tlse2.fr\/esof\/files\/2017\/05\/open-book.png\" alt=\"\" width=\"40\" height=\"40\" \/> Programme :<\/strong> <a href=\"https:\/\/blogs.univ-tlse2.fr\/ambassadeurs\/\">Cr\u00e9er l\u2019entente : formes et agents de r\u00e9solution du conflit dans l\u2019Europe de Shakespeare.\u00a0<\/a>23 mars 2018, Montpellier (streaming) \/ Laboratoire CAS<\/p>\n<p><strong><img loading=\"lazy\" decoding=\"async\" class=\"\" title=\"\" src=\"http:\/\/www.univ-tlse2.fr\/medias\/photo\/meeting_1488534316043-png\" alt=\"\" width=\"40\" height=\"40\" \/><\/strong> <strong>Colloque :<\/strong> <a href=\"http:\/\/www.univ-tlse2.fr\/accueil\/agenda\/l-evenement-revolutionnaire-et-ses-figures-emblematiques-regards-croises-520699.kjsp?RH=04Recherche\">L\u2019\u00e9v\u00e9nement r\u00e9volutionnaire et ses figures embl\u00e9matiques dans les litt\u00e9ratures europ\u00e9ennes<\/a>. 4 au 6 avril 2018 \/ Laboratoire PLH<\/p>\n<p><strong><img loading=\"lazy\" decoding=\"async\" class=\"alignnone wp-image-105\" src=\"https:\/\/blogs.univ-tlse2.fr\/esof\/files\/2017\/05\/open-book.png\" alt=\"\" width=\"40\" height=\"40\" \/> Programme :<\/strong> <a href=\"https:\/\/blogs.univ-tlse2.fr\/ambassadeurs\/\">Cr\u00e9er l\u2019entente : formes et agents de r\u00e9solution du conflit dans l\u2019Europe de Shakespeare. <\/a>6 au 8 juin 2018,, Montpellier \/ Laboratoire CAS<\/p>\n","protected":false},"excerpt":{"rendered":"<p>Programme : Cr\u00e9er l\u2019entente : formes et agents de r\u00e9solution du conflit dans l\u2019Europe de Shakespeare.\u00a023 mars 2018, Montpellier (streaming) \/ Laboratoire CAS Colloque : L\u2019\u00e9v\u00e9nement r\u00e9volutionnaire et ses figures embl\u00e9matiques dans les litt\u00e9ratures europ\u00e9ennes. 4 au 6 avril 2018 \/ Laboratoire PLH Programme : Cr\u00e9er l\u2019entente : formes et agents de r\u00e9solution du conflit &hellip; <a href=\"https:\/\/blogs.univ-tlse2.fr\/esof\/evenements-labellises\/2018-2\/\" class=\"more-link\">Continuer la lecture de <span class=\"screen-reader-text\">En 2018<\/span> <span class=\"meta-nav\">&rarr;<\/span><\/a><\/p>\n","protected":false},"author":404,"featured_media":0,"parent":20,"menu_order":2,"comment_status":"closed","ping_status":"closed","template":"","meta":{"footnotes":""},"class_list":["post-68","page","type-page","status-publish","hentry"],"_links":{"self":[{"href":"https:\/\/blogs.univ-tlse2.fr\/esof\/wp-json\/wp\/v2\/pages\/68","targetHints":{"allow":["GET"]}}],"collection":[{"href":"https:\/\/blogs.univ-tlse2.fr\/esof\/wp-json\/wp\/v2\/pages"}],"about":[{"href":"https:\/\/blogs.univ-tlse2.fr\/esof\/wp-json\/wp\/v2\/types\/page"}],"author":[{"embeddable":true,"href":"https:\/\/blogs.univ-tlse2.fr\/esof\/wp-json\/wp\/v2\/users\/404"}],"replies":[{"embeddable":true,"href":"https:\/\/blogs.univ-tlse2.fr\/esof\/wp-json\/wp\/v2\/comments?post=68"}],"version-history":[{"count":7,"href":"https:\/\/blogs.univ-tlse2.fr\/esof\/wp-json\/wp\/v2\/pages\/68\/revisions"}],"predecessor-version":[{"id":153,"href":"https:\/\/blogs.univ-tlse2.fr\/esof\/wp-json\/wp\/v2\/pages\/68\/revisions\/153"}],"up":[{"embeddable":true,"href":"https:\/\/blogs.univ-tlse2.fr\/esof\/wp-json\/wp\/v2\/pages\/20"}],"wp:attachment":[{"href":"https:\/\/blogs.univ-tlse2.fr\/esof\/wp-json\/wp\/v2\/media?parent=68"}],"curies":[{"name":"wp","href":"https:\/\/api.w.org\/{rel}","templated":true}]}}