 {"id":78,"date":"2017-06-08T10:53:55","date_gmt":"2017-06-08T08:53:55","guid":{"rendered":"https:\/\/blogs.univ-tlse2.fr\/esof\/?page_id=78"},"modified":"2017-09-28T11:25:06","modified_gmt":"2017-09-28T09:25:06","slug":"appel-pour-le-festival-science-in-the-city%e2%80%8b","status":"publish","type":"page","link":"https:\/\/blogs.univ-tlse2.fr\/esof\/appels-a-participation\/appel-pour-le-festival-science-in-the-city%e2%80%8b\/","title":{"rendered":"Appel pour le festival \u00ab\u00a0Science in the City\u00a0\u00bb\u200b"},"content":{"rendered":"<p><strong>Festival Science in the City : it&rsquo;s time for Science !<\/strong><\/p>\n<p><img loading=\"lazy\" decoding=\"async\" class=\"alignnone size-medium wp-image-82\" src=\"https:\/\/blogs.univ-tlse2.fr\/esof\/files\/2017\/06\/science-in-the-city-banner1-300x101.png\" alt=\"\" width=\"300\" height=\"101\" srcset=\"https:\/\/blogs.univ-tlse2.fr\/esof\/files\/2017\/06\/science-in-the-city-banner1-300x101.png 300w, https:\/\/blogs.univ-tlse2.fr\/esof\/files\/2017\/06\/science-in-the-city-banner1-768x259.png 768w, https:\/\/blogs.univ-tlse2.fr\/esof\/files\/2017\/06\/science-in-the-city-banner1.png 940w\" sizes=\"auto, (max-width: 300px) 100vw, 300px\" \/><\/p>\n<p>Pour la premi\u00e8re fois en France, apr\u00e8s Copenhague en 2014 et Manchester en 2016, Toulouse accueillera l\u2019EuroScience Open Forum et deviendra Cit\u00e9 Europ\u00e9enne de la Science, en 2018.<br \/>\nCette rencontre europ\u00e9enne et interdisciplinaire autour de la science et de l&rsquo;innovation aura lieu \u00e0 Toulouse en juillet 2018 sous la devise : Partager la science, vers de nouveaux horizons.<br \/>\nPlus de 5 000 participants venant de 80 pays sont attendus, ainsi que 400 journalistes et m\u00e9dias scientifiques.<\/p>\n<p>Du 7 au 15 juillet 2018, Toulouse va vivre au rythme des sciences et de leur dimension europ\u00e9enne et internationale. En parall\u00e8le du Forum pour les professionnels, le Festival gratuit Science in the City investira toute la ville et ses alentours. Une programmation riche et vari\u00e9e, compos\u00e9e d\u2019activit\u00e9s ludiques et de manifestations scientifiques, sera propos\u00e9e au grand public : amateurs de sciences, d&rsquo;innovation, grands ou petits curieux.<\/p>\n<p>Pour pr\u00e9parer le programme de ce Festival, vous avez la possibilit\u00e9 de proposer vos initiatives : <a href=\"https:\/\/blogs.univ-tlse2.fr\/esof\/files\/2017\/06\/esof2018-ap-callinitiatives-sciencecity_june2017_fr_final.pdf\">esof2018-ap-callinitiatives-sciencecity_june2017_fr_final<\/a><br \/>\n<strong>L&rsquo;appel est ouvert jusqu\u2019au 31 octobre 2017.<\/strong><\/p>\n<p><a href=\"http:\/\/www.univ-toulouse.fr\/international\/esof-toulouse-2018\/festival-science-city\">Acc\u00e8s au formulaire d&rsquo;inscription en ligne.<\/a><\/p>\n","protected":false},"excerpt":{"rendered":"<p>Festival Science in the City : it&rsquo;s time for Science ! Pour la premi\u00e8re fois en France, apr\u00e8s Copenhague en 2014 et Manchester en 2016, Toulouse accueillera l\u2019EuroScience Open Forum et deviendra Cit\u00e9 Europ\u00e9enne de la Science, en 2018. Cette rencontre europ\u00e9enne et interdisciplinaire autour de la science et de l&rsquo;innovation aura lieu \u00e0 Toulouse &hellip; <a href=\"https:\/\/blogs.univ-tlse2.fr\/esof\/appels-a-participation\/appel-pour-le-festival-science-in-the-city%e2%80%8b\/\" class=\"more-link\">Continuer la lecture de <span class=\"screen-reader-text\">Appel pour le festival \u00ab\u00a0Science in the City\u00a0\u00bb\u200b<\/span> <span class=\"meta-nav\">&rarr;<\/span><\/a><\/p>\n","protected":false},"author":404,"featured_media":0,"parent":18,"menu_order":0,"comment_status":"closed","ping_status":"closed","template":"","meta":{"footnotes":""},"class_list":["post-78","page","type-page","status-publish","hentry"],"_links":{"self":[{"href":"https:\/\/blogs.univ-tlse2.fr\/esof\/wp-json\/wp\/v2\/pages\/78","targetHints":{"allow":["GET"]}}],"collection":[{"href":"https:\/\/blogs.univ-tlse2.fr\/esof\/wp-json\/wp\/v2\/pages"}],"about":[{"href":"https:\/\/blogs.univ-tlse2.fr\/esof\/wp-json\/wp\/v2\/types\/page"}],"author":[{"embeddable":true,"href":"https:\/\/blogs.univ-tlse2.fr\/esof\/wp-json\/wp\/v2\/users\/404"}],"replies":[{"embeddable":true,"href":"https:\/\/blogs.univ-tlse2.fr\/esof\/wp-json\/wp\/v2\/comments?post=78"}],"version-history":[{"count":4,"href":"https:\/\/blogs.univ-tlse2.fr\/esof\/wp-json\/wp\/v2\/pages\/78\/revisions"}],"predecessor-version":[{"id":151,"href":"https:\/\/blogs.univ-tlse2.fr\/esof\/wp-json\/wp\/v2\/pages\/78\/revisions\/151"}],"up":[{"embeddable":true,"href":"https:\/\/blogs.univ-tlse2.fr\/esof\/wp-json\/wp\/v2\/pages\/18"}],"wp:attachment":[{"href":"https:\/\/blogs.univ-tlse2.fr\/esof\/wp-json\/wp\/v2\/media?parent=78"}],"curies":[{"name":"wp","href":"https:\/\/api.w.org\/{rel}","templated":true}]}}