 {"id":94,"date":"2017-06-13T16:30:55","date_gmt":"2017-06-13T14:30:55","guid":{"rendered":"https:\/\/blogs.univ-tlse2.fr\/esof\/?page_id=94"},"modified":"2017-12-05T14:09:22","modified_gmt":"2017-12-05T13:09:22","slug":"le-label-esof","status":"publish","type":"page","link":"https:\/\/blogs.univ-tlse2.fr\/esof\/le-label-esof\/","title":{"rendered":"Le Label ESOF"},"content":{"rendered":"<p>Vous pr\u00e9voyez d\u2019organiser ou d\u2019accueillir \u00e0 Toulouse ou en r\u00e9gion une manifestation centr\u00e9e sur la science et l\u2019innovation, en 2017 ou 2018 ?<\/p>\n<p>Concourrez pour ce label !<\/p>\n<p>La dynamique de pr\u00e9paration d\u2019ESOF 2018 est lanc\u00e9e et avec elle le label ESOF 2018 \u2013 Toulouse, Cit\u00e9 europ\u00e9enne de la Science voit le jour.<\/p>\n<p>Les manifestations centr\u00e9es sur la science et l\u2019innovation qui se d\u00e9rouleront en 2017 ou en 2018 \u00e0 Toulouse, dans la r\u00e9gion Occitanie ou ailleurs mais avec forte implication de scientifiques r\u00e9gionaux peuvent postuler pour ce label qui leur apportera une grande visibilit\u00e9 et les int\u00e9grera officiellement dans cette dynamique collective.<\/p>\n<p><strong>R\u00e8glement<\/strong><\/p>\n<p>Quatre crit\u00e8res de labellisation repr\u00e9sentent des piliers essentiels d\u2019ESOF :<\/p>\n<p>qualit\u00e9 scientifique, lien \u00e0 la soci\u00e9t\u00e9, dimension europ\u00e9enne et implication des jeunes.<\/p>\n<p>Rappelons, que pour \u00eatre labellis\u00e9e, la manifestation doit se d\u00e9rouler en 2017 ou 2018 et \u00eatre organis\u00e9e \u00e0 Toulouse, dans la r\u00e9gion Occitanie ou sur le territoire national en lien avec un acteur toulousain. Le label apportera une grande visibilit\u00e9 aux manifestations ou initiatives pouvant s\u2019inscrire dans ce cadre et fera en retour conna\u00eetre ESOF 2018, notamment gr\u00e2ce au \u00ab Kit de communication \u00bb.<\/p>\n<p>Prochaine vague de labellisation :<br \/>\n<strong>8<sup>e <\/sup> vague :<\/strong> date butoir le 24.11.2017 \/ R\u00e9ponse attendue avant la fin de l&rsquo;ann\u00e9e<br \/>\n<strong>9<sup>e <\/sup> vague :<\/strong> date butoir le 26 janvier 2018<br \/>\n<strong>10<sup>e <\/sup> vague :<\/strong> date butoir le 4 mai 2018<\/p>\n<p>&nbsp;<\/p>\n<p><strong>En savoir plus :<\/strong><\/p>\n<p><a href=\"http:\/\/www.univ-toulouse.fr\/sites\/default\/files\/esof2018-label-reglement-charte_juin2017.pdf\">R\u00e8glement du label ESOF 2018 &#8211; Toulouse, Cit\u00e9 europ\u00e9enne de la Science<\/a><\/p>\n<p><a href=\"https:\/\/blogs.univ-tlse2.fr\/esof\/files\/2017\/06\/esof2018-formulairecandidature-eventlabel_juin2017.docx\">Formulaire de demande du label<\/a><\/p>\n<p><a href=\"http:\/\/www.univ-toulouse.fr\/sites\/default\/files\/esof2018-charteutilisationlabel_juin2017.pdf\">Guide d&rsquo;utilisation du Label et Logo ESOF2018<\/a><\/p>\n<p><a href=\"https:\/\/blogs.univ-tlse2.fr\/esof\/files\/2017\/06\/esof2018-formulairecompterendu-eventslabels_juin2017.docx\">Formulaire compte-rendu d&rsquo;\u00e9v\u00e9nement labellis\u00e9<\/a><\/p>\n<p>&nbsp;<\/p>\n","protected":false},"excerpt":{"rendered":"<p>Vous pr\u00e9voyez d\u2019organiser ou d\u2019accueillir \u00e0 Toulouse ou en r\u00e9gion une manifestation centr\u00e9e sur la science et l\u2019innovation, en 2017 ou 2018 ? Concourrez pour ce label ! La dynamique de pr\u00e9paration d\u2019ESOF 2018 est lanc\u00e9e et avec elle le label ESOF 2018 \u2013 Toulouse, Cit\u00e9 europ\u00e9enne de la Science voit le jour. Les manifestations &hellip; <a href=\"https:\/\/blogs.univ-tlse2.fr\/esof\/le-label-esof\/\" class=\"more-link\">Continuer la lecture de <span class=\"screen-reader-text\">Le Label ESOF<\/span> <span class=\"meta-nav\">&rarr;<\/span><\/a><\/p>\n","protected":false},"author":404,"featured_media":0,"parent":0,"menu_order":3,"comment_status":"closed","ping_status":"closed","template":"","meta":{"footnotes":""},"class_list":["post-94","page","type-page","status-publish","hentry"],"_links":{"self":[{"href":"https:\/\/blogs.univ-tlse2.fr\/esof\/wp-json\/wp\/v2\/pages\/94","targetHints":{"allow":["GET"]}}],"collection":[{"href":"https:\/\/blogs.univ-tlse2.fr\/esof\/wp-json\/wp\/v2\/pages"}],"about":[{"href":"https:\/\/blogs.univ-tlse2.fr\/esof\/wp-json\/wp\/v2\/types\/page"}],"author":[{"embeddable":true,"href":"https:\/\/blogs.univ-tlse2.fr\/esof\/wp-json\/wp\/v2\/users\/404"}],"replies":[{"embeddable":true,"href":"https:\/\/blogs.univ-tlse2.fr\/esof\/wp-json\/wp\/v2\/comments?post=94"}],"version-history":[{"count":5,"href":"https:\/\/blogs.univ-tlse2.fr\/esof\/wp-json\/wp\/v2\/pages\/94\/revisions"}],"predecessor-version":[{"id":159,"href":"https:\/\/blogs.univ-tlse2.fr\/esof\/wp-json\/wp\/v2\/pages\/94\/revisions\/159"}],"wp:attachment":[{"href":"https:\/\/blogs.univ-tlse2.fr\/esof\/wp-json\/wp\/v2\/media?parent=94"}],"curies":[{"name":"wp","href":"https:\/\/api.w.org\/{rel}","templated":true}]}}