 {"id":127,"date":"2021-09-15T16:05:10","date_gmt":"2021-09-15T14:05:10","guid":{"rendered":"https:\/\/blogs.univ-tlse2.fr\/espaces-audiovisuels\/?page_id=127"},"modified":"2021-11-08T15:23:12","modified_gmt":"2021-11-08T14:23:12","slug":"programme-2","status":"publish","type":"page","link":"https:\/\/blogs.univ-tlse2.fr\/espaces-audiovisuels\/programme-2\/","title":{"rendered":"Programmation"},"content":{"rendered":"\n<p><\/p>\n\n\n\n<p><strong><span style=\"color:#087fc4\" class=\"has-inline-color\">FRAGMENTS SC\u00c9NOGRAPHIQUES<\/span><\/strong><br><span class=\"has-inline-color has-white-color\">&#8211; du 15 au 30 novembre 2021 &#8211;<br>La Tour Maurand, ENSAV<\/span><\/p>\n\n\n\n<p><span style=\"color:#b8baba\" class=\"has-inline-color\">Quoi de plus appropri\u00e9 pour cet espace que d\u2019y permettre un questionnement autour des espaces de tournage ? La Tour Maurand accueillera des travaux d\u2019\u00e9tudiants en cin\u00e9ma, en lien avec cet espace audiovisuel. La s\u00e9lection proposera ainsi des fragments sc\u00e9nographiques issus de travaux r\u00e9alis\u00e9s par les \u00e9tudiants en Master 2 SON, DECOR et REX de l&rsquo;ENSAV.<\/span><\/p>\n\n\n\n<p><span class=\"has-inline-color has-black-color\">.<\/span><\/p>\n\n\n\n<p><strong><span style=\"color:#08b0c6\" class=\"has-inline-color\">TRANSGRESSIONS OPTIQUES<\/span><\/strong><br><span class=\"has-inline-color has-white-color\"><span class=\"has-inline-color has-white-color\">&#8211; novembre 2022 &#8211;<br><\/span>Maison de la Recherche, Universit\u00e9 Toulouse Jean Jaur\u00e8s<\/span><\/p>\n\n\n\n<p><span style=\"color:#b8baba\" class=\"has-inline-color\">Pr\u00e9sentation d&rsquo;oeuvres de doctorant.e.s. Ce pan de l&rsquo;exposition mettra en lumi\u00e8re diff\u00e9rentes approches artistiques questionnant la notion d&rsquo;espace audio-visuel par des s\u00e9ries photographiques et des dispositifs audio-visuels hybrides.<\/span><\/p>\n\n\n\n<p><span class=\"has-inline-color has-black-color\">.<\/span><\/p>\n\n\n\n<p><strong><span style=\"color:#0884c4\" class=\"has-inline-color\">ACCEPTATIONS SPATIALES<\/span><span style=\"color:#08b0c6\" class=\"has-inline-color\"><br><\/span><\/strong><span class=\"has-inline-color has-white-color\">&#8211; novembre 2022 &#8211;<br>Sites universitaires toulousains<\/span><\/p>\n\n\n\n<p class=\"has-text-align-left has-normal-font-size\"><span style=\"color:#b8baba\" class=\"has-inline-color\">Sur le campus de l\u2019Universit\u00e9 Toulouse II Jean Jaur\u00e8s,des cr\u00e9ations \u00e9tudiantes ayant trait aux espaces audiovisuels seront mises \u00e0 l&rsquo;honneur.<\/span><br><span style=\"color:#b8baba\" class=\"has-inline-color\">Un appel \u00e0 propositions \u00e9tudiantes va \u00eatre diffus\u00e9 aux \u00e9tudiants de l\u2019Universit\u00e9 F\u00e9d\u00e9rale de Toulouse afin de leur proposer d\u2019exposer leurs oeuvres en lien avec cette th\u00e9matique.<br>Nous esp\u00e9rons exposer dans ce cadre des m\u00e9diums autres que filmiques et sonores, et encouragerons les participants \u00e0 proposer photographies, peintures, sculptures, s\u00e9rigraphies&#8230; <br>En fonction du nombre de propositions re\u00e7ues, nous \u00e9tudierons la possibilit\u00e9 de prolonger cette exposition sur d&rsquo;autres sites universitaires toulousains.<\/span><\/p>\n\n\n\n<p><span class=\"has-inline-color has-black-color\">.<\/span><\/p>\n\n\n\n<p><span class=\"has-inline-color has-black-color\">.<\/span><\/p>\n\n\n\n<p><span class=\"has-inline-color has-black-color\">.<\/span><\/p>\n\n\n\n<p><span class=\"has-inline-color has-black-color\">.<\/span><\/p>\n\n\n\n<p><span class=\"has-inline-color has-black-color\">.<\/span><\/p>\n\n\n\n<p><span class=\"has-inline-color has-black-color\">.<\/span><\/p>\n\n\n\n<p><span class=\"has-inline-color has-black-color\">.<\/span><\/p>\n\n\n\n<p><span class=\"has-inline-color has-black-color\">.<\/span><\/p>\n","protected":false},"excerpt":{"rendered":"<p>FRAGMENTS SC\u00c9NOGRAPHIQUES&#8211; du 15 au 30 novembre 2021 &#8211;La Tour Maurand, ENSAV Quoi de plus appropri\u00e9 pour cet espace que d\u2019y permettre un questionnement autour des espaces de tournage ? La Tour Maurand accueillera des travaux d\u2019\u00e9tudiants en cin\u00e9ma, en lien avec cet espace audiovisuel. La s\u00e9lection proposera ainsi des fragments sc\u00e9nographiques issus de travaux r\u00e9alis\u00e9s par les \u00e9tudiants en Master 2 SON, DECOR et REX de l&rsquo;ENSAV. . TRANSGRESSIONS OPTIQUES&#8211; novembre 2022 &#8211;Maison de la Recherche, Universit\u00e9 Toulouse Jean Jaur\u00e8s Pr\u00e9sentation d&rsquo;oeuvres de doctorant.e.s. Ce pan de l&rsquo;exposition mettra en lumi\u00e8re diff\u00e9rentes approches artistiques questionnant la notion d&rsquo;espace audio-visuel par des s\u00e9ries photographiques et des dispositifs audio-visuels hybrides. . ACCEPTATIONS SPATIALES&#8211; novembre 2022 &#8211;Sites universitaires toulousains Sur le campus de l\u2019Universit\u00e9 Toulouse II Jean Jaur\u00e8s,des cr\u00e9ations \u00e9tudiantes ayant trait aux espaces audiovisuels seront mises \u00e0 l&rsquo;honneur.Un appel \u00e0 propositions \u00e9tudiantes va \u00eatre diffus\u00e9 aux \u00e9tudiants de l\u2019Universit\u00e9 F\u00e9d\u00e9rale de&hellip;<\/p>\n<p> <a class=\"more-link\" href=\"https:\/\/blogs.univ-tlse2.fr\/espaces-audiovisuels\/programme-2\/\">Lire la suite<\/a><\/p>\n","protected":false},"author":963,"featured_media":298,"parent":0,"menu_order":0,"comment_status":"closed","ping_status":"closed","template":"","meta":{"footnotes":""},"class_list":["post-127","page","type-page","status-publish","has-post-thumbnail"],"_links":{"self":[{"href":"https:\/\/blogs.univ-tlse2.fr\/espaces-audiovisuels\/wp-json\/wp\/v2\/pages\/127","targetHints":{"allow":["GET"]}}],"collection":[{"href":"https:\/\/blogs.univ-tlse2.fr\/espaces-audiovisuels\/wp-json\/wp\/v2\/pages"}],"about":[{"href":"https:\/\/blogs.univ-tlse2.fr\/espaces-audiovisuels\/wp-json\/wp\/v2\/types\/page"}],"author":[{"embeddable":true,"href":"https:\/\/blogs.univ-tlse2.fr\/espaces-audiovisuels\/wp-json\/wp\/v2\/users\/963"}],"replies":[{"embeddable":true,"href":"https:\/\/blogs.univ-tlse2.fr\/espaces-audiovisuels\/wp-json\/wp\/v2\/comments?post=127"}],"version-history":[{"count":12,"href":"https:\/\/blogs.univ-tlse2.fr\/espaces-audiovisuels\/wp-json\/wp\/v2\/pages\/127\/revisions"}],"predecessor-version":[{"id":909,"href":"https:\/\/blogs.univ-tlse2.fr\/espaces-audiovisuels\/wp-json\/wp\/v2\/pages\/127\/revisions\/909"}],"wp:featuredmedia":[{"embeddable":true,"href":"https:\/\/blogs.univ-tlse2.fr\/espaces-audiovisuels\/wp-json\/wp\/v2\/media\/298"}],"wp:attachment":[{"href":"https:\/\/blogs.univ-tlse2.fr\/espaces-audiovisuels\/wp-json\/wp\/v2\/media?parent=127"}],"curies":[{"name":"wp","href":"https:\/\/api.w.org\/{rel}","templated":true}]}}