 {"id":133,"date":"2021-09-15T16:07:45","date_gmt":"2021-09-15T14:07:45","guid":{"rendered":"https:\/\/blogs.univ-tlse2.fr\/espaces-audiovisuels\/?page_id=133"},"modified":"2021-11-05T14:02:02","modified_gmt":"2021-11-05T13:02:02","slug":"partenaires","status":"publish","type":"page","link":"https:\/\/blogs.univ-tlse2.fr\/espaces-audiovisuels\/partenaires\/","title":{"rendered":"Partenaires"},"content":{"rendered":"\n<p><span class=\"has-inline-color has-black-color\">.<\/span><\/p>\n\n\n\n<div class=\"wp-block-columns is-layout-flex wp-container-core-columns-is-layout-9d6595d7 wp-block-columns-is-layout-flex\">\n<div class=\"wp-block-column is-layout-flow wp-block-column-is-layout-flow\">\n<div class=\"wp-block-image is-style-rounded\"><figure class=\"alignright size-medium is-resized\"><a href=\"https:\/\/www.univ-tlse2.fr\/\" target=\"_blank\" rel=\"noopener\"><img loading=\"lazy\" decoding=\"async\" src=\"https:\/\/blogs.univ-tlse2.fr\/espaces-audiovisuels\/files\/2021\/06\/Capture-de\u0301cran-2021-03-14-a\u0300-17.02.17-300x109.png\" alt=\"\" class=\"wp-image-32\" width=\"225\" height=\"82\" srcset=\"https:\/\/blogs.univ-tlse2.fr\/espaces-audiovisuels\/files\/2021\/06\/Capture-de\u0301cran-2021-03-14-a\u0300-17.02.17-300x109.png 300w, https:\/\/blogs.univ-tlse2.fr\/espaces-audiovisuels\/files\/2021\/06\/Capture-de\u0301cran-2021-03-14-a\u0300-17.02.17.png 353w\" sizes=\"auto, (max-width: 225px) 100vw, 225px\" \/><\/a><\/figure><\/div>\n<\/div>\n\n\n\n<div class=\"wp-block-column is-layout-flow wp-block-column-is-layout-flow\">\n<div class=\"wp-block-image is-style-rounded\"><figure class=\"aligncenter size-full is-resized\"><a href=\"https:\/\/lara.univ-tlse2.fr\/\" target=\"_blank\" rel=\"noopener\"><img loading=\"lazy\" decoding=\"async\" src=\"https:\/\/blogs.univ-tlse2.fr\/espaces-audiovisuels\/files\/2021\/06\/Capture-de\u0301cran-2021-03-14-a\u0300-17.03.51.png\" alt=\"\" class=\"wp-image-31\" width=\"146\" height=\"87\" \/><\/a><\/figure><\/div>\n<\/div>\n\n\n\n<div class=\"wp-block-column is-layout-flow wp-block-column-is-layout-flow\">\n<div class=\"wp-block-image is-style-rounded\"><figure class=\"alignleft size-full is-resized\"><a href=\"http:\/\/www.esav.fr\/\" target=\"_blank\" rel=\"noopener\"><img loading=\"lazy\" decoding=\"async\" src=\"https:\/\/blogs.univ-tlse2.fr\/espaces-audiovisuels\/files\/2021\/06\/Capture-de\u0301cran-2021-03-14-a\u0300-16.27.12.png\" alt=\"\" class=\"wp-image-33\" width=\"100\" height=\"74\" \/><\/a><\/figure><\/div>\n<\/div>\n<\/div>\n\n\n\n<p><span class=\"has-inline-color has-black-color\">.<\/span><\/p>\n\n\n\n<div class=\"wp-block-columns is-layout-flex wp-container-core-columns-is-layout-9d6595d7 wp-block-columns-is-layout-flex\">\n<div class=\"wp-block-column is-layout-flow wp-block-column-is-layout-flow\">\n<div class=\"wp-block-image\"><figure class=\"alignright size-full is-resized\"><a href=\"https:\/\/www.univ-tlse2.fr\/accueil\/recherche\/diffusion-des-savoirs\" target=\"_blank\" rel=\"noopener\"><img loading=\"lazy\" decoding=\"async\" src=\"https:\/\/blogs.univ-tlse2.fr\/espaces-audiovisuels\/files\/2021\/10\/Capture-de\u0301cran-2021-10-13-a\u0300-19.13.16.png\" alt=\"\" class=\"wp-image-416\" width=\"210\" height=\"73\" srcset=\"https:\/\/blogs.univ-tlse2.fr\/espaces-audiovisuels\/files\/2021\/10\/Capture-de\u0301cran-2021-10-13-a\u0300-19.13.16.png 487w, https:\/\/blogs.univ-tlse2.fr\/espaces-audiovisuels\/files\/2021\/10\/Capture-de\u0301cran-2021-10-13-a\u0300-19.13.16-300x104.png 300w\" sizes=\"auto, (max-width: 210px) 100vw, 210px\" \/><\/a><\/figure><\/div>\n<\/div>\n\n\n\n<div class=\"wp-block-column is-layout-flow wp-block-column-is-layout-flow\">\n<div class=\"wp-block-image is-style-rounded\"><figure class=\"aligncenter size-full is-resized\"><a href=\"https:\/\/www.crous-toulouse.fr\/\" target=\"_blank\" rel=\"noopener\"><img loading=\"lazy\" decoding=\"async\" src=\"https:\/\/blogs.univ-tlse2.fr\/espaces-audiovisuels\/files\/2021\/10\/icone-crous.jpg\" alt=\"\" class=\"wp-image-365\" width=\"100\" height=\"100\" srcset=\"https:\/\/blogs.univ-tlse2.fr\/espaces-audiovisuels\/files\/2021\/10\/icone-crous.jpg 400w, https:\/\/blogs.univ-tlse2.fr\/espaces-audiovisuels\/files\/2021\/10\/icone-crous-300x300.jpg 300w, https:\/\/blogs.univ-tlse2.fr\/espaces-audiovisuels\/files\/2021\/10\/icone-crous-150x150.jpg 150w\" sizes=\"auto, (max-width: 100px) 100vw, 100px\" \/><\/a><\/figure><\/div>\n<\/div>\n\n\n\n<div class=\"wp-block-column is-layout-flow wp-block-column-is-layout-flow\">\n<div class=\"wp-block-image\"><figure class=\"alignleft size-full is-resized\"><a href=\"https:\/\/www.lesabattoirs.org\/\" target=\"_blank\" rel=\"noopener\"><img loading=\"lazy\" decoding=\"async\" src=\"https:\/\/blogs.univ-tlse2.fr\/espaces-audiovisuels\/files\/2021\/11\/Capture-de\u0301cran-2021-11-05-a\u0300-14.00.00.png\" alt=\"\" class=\"wp-image-883\" width=\"211\" height=\"49\" srcset=\"https:\/\/blogs.univ-tlse2.fr\/espaces-audiovisuels\/files\/2021\/11\/Capture-de\u0301cran-2021-11-05-a\u0300-14.00.00.png 532w, https:\/\/blogs.univ-tlse2.fr\/espaces-audiovisuels\/files\/2021\/11\/Capture-de\u0301cran-2021-11-05-a\u0300-14.00.00-300x70.png 300w\" sizes=\"auto, (max-width: 211px) 100vw, 211px\" \/><\/a><\/figure><\/div>\n<\/div>\n<\/div>\n\n\n\n<p><span class=\"has-inline-color has-black-color\">.<\/span><\/p>\n\n\n\n<div class=\"wp-block-columns is-layout-flex wp-container-core-columns-is-layout-9d6595d7 wp-block-columns-is-layout-flex\">\n<div class=\"wp-block-column is-layout-flow wp-block-column-is-layout-flow\">\n<div class=\"wp-block-image\"><figure class=\"alignright size-full is-resized\"><a href=\"https:\/\/www.cinemalecratere.com\/\"><img loading=\"lazy\" decoding=\"async\" src=\"https:\/\/blogs.univ-tlse2.fr\/espaces-audiovisuels\/files\/2021\/10\/cratere.png\" alt=\"\" class=\"wp-image-281\" width=\"150\" height=\"32\" srcset=\"https:\/\/blogs.univ-tlse2.fr\/espaces-audiovisuels\/files\/2021\/10\/cratere.png 488w, https:\/\/blogs.univ-tlse2.fr\/espaces-audiovisuels\/files\/2021\/10\/cratere-300x63.png 300w\" sizes=\"auto, (max-width: 150px) 100vw, 150px\" \/><\/a><\/figure><\/div>\n<\/div>\n\n\n\n<div class=\"wp-block-column is-layout-flow wp-block-column-is-layout-flow\">\n<div class=\"wp-block-image is-style-default\"><figure class=\"aligncenter size-full is-resized\"><a href=\"https:\/\/www.granlux.org\/sectionprog\/programme.html\" target=\"_blank\" rel=\"noopener\"><img loading=\"lazy\" decoding=\"async\" src=\"https:\/\/blogs.univ-tlse2.fr\/espaces-audiovisuels\/files\/2021\/10\/logo-gran-lux.png\" alt=\"\" class=\"wp-image-367\" width=\"113\" height=\"112\" srcset=\"https:\/\/blogs.univ-tlse2.fr\/espaces-audiovisuels\/files\/2021\/10\/logo-gran-lux.png 225w, https:\/\/blogs.univ-tlse2.fr\/espaces-audiovisuels\/files\/2021\/10\/logo-gran-lux-150x150.png 150w\" sizes=\"auto, (max-width: 113px) 100vw, 113px\" \/><\/a><\/figure><\/div>\n<\/div>\n\n\n\n<div class=\"wp-block-column is-layout-flow wp-block-column-is-layout-flow\">\n<div class=\"wp-block-image is-style-default\"><figure class=\"alignleft size-full is-resized\"><a href=\"https:\/\/www.leszoomsverts.net\/\" target=\"_blank\" rel=\"noopener\"><img loading=\"lazy\" decoding=\"async\" src=\"https:\/\/blogs.univ-tlse2.fr\/espaces-audiovisuels\/files\/2021\/10\/Capture-de\u0301cran-2021-10-12-a\u0300-22.58.49.png\" alt=\"\" class=\"wp-image-368\" width=\"138\" height=\"83\" srcset=\"https:\/\/blogs.univ-tlse2.fr\/espaces-audiovisuels\/files\/2021\/10\/Capture-de\u0301cran-2021-10-12-a\u0300-22.58.49.png 302w, https:\/\/blogs.univ-tlse2.fr\/espaces-audiovisuels\/files\/2021\/10\/Capture-de\u0301cran-2021-10-12-a\u0300-22.58.49-300x181.png 300w\" sizes=\"auto, (max-width: 138px) 100vw, 138px\" \/><\/a><\/figure><\/div>\n<\/div>\n<\/div>\n\n\n\n<p><span class=\"has-inline-color has-black-color\">.<\/span><\/p>\n\n\n\n<div class=\"wp-block-columns is-layout-flex wp-container-core-columns-is-layout-9d6595d7 wp-block-columns-is-layout-flex\">\n<div class=\"wp-block-column is-layout-flow wp-block-column-is-layout-flow\"><\/div>\n\n\n\n<div class=\"wp-block-column is-layout-flow wp-block-column-is-layout-flow\">\n<div class=\"wp-block-image is-style-rounded\"><figure class=\"aligncenter size-full is-resized\"><a href=\"https:\/\/www.univ-tlse2.fr\/accueil\/universite\/organisation\/centre-dinitiatives-artistiques-du-mirail-ut2j-ciam-ut2j\" target=\"_blank\" rel=\"noopener\"><img loading=\"lazy\" decoding=\"async\" src=\"https:\/\/blogs.univ-tlse2.fr\/espaces-audiovisuels\/files\/2021\/11\/Capture-de\u0301cran-2021-11-05-a\u0300-12.12.02.png\" alt=\"\" class=\"wp-image-873\" width=\"163\" height=\"73\" srcset=\"https:\/\/blogs.univ-tlse2.fr\/espaces-audiovisuels\/files\/2021\/11\/Capture-de\u0301cran-2021-11-05-a\u0300-12.12.02.png 462w, https:\/\/blogs.univ-tlse2.fr\/espaces-audiovisuels\/files\/2021\/11\/Capture-de\u0301cran-2021-11-05-a\u0300-12.12.02-300x135.png 300w\" sizes=\"auto, (max-width: 163px) 100vw, 163px\" \/><\/a><\/figure><\/div>\n<\/div>\n\n\n\n<div class=\"wp-block-column is-layout-flow wp-block-column-is-layout-flow\"><\/div>\n<\/div>\n\n\n\n<p><span class=\"has-inline-color has-black-color\">.<\/span><\/p>\n\n\n\n<p class=\"has-text-align-center\"><strong><span class=\"has-inline-color has-white-color\">Support technique et soutien administratif des services de la DAR et de la MIN (Universit\u00e9 Toulouse Jean Jaur\u00e8s)<\/span><\/strong><\/p>\n\n\n\n<p class=\"has-text-align-center\"><strong><span class=\"has-inline-color has-white-color\">Soutien financier de la Commission Recherche de l&rsquo;Universit\u00e9 Toulouse Jean Jaur\u00e8s<\/span><\/strong><\/p>\n\n\n\n<p>.<\/p>\n\n\n\n<p><span class=\"has-inline-color has-black-color\">.<\/span><\/p>\n\n\n\n<p>.<\/p>\n","protected":false},"excerpt":{"rendered":"<p>. . . . . Support technique et soutien administratif des services de la DAR et de la MIN (Universit\u00e9 Toulouse Jean Jaur\u00e8s) Soutien financier de la Commission Recherche de l&rsquo;Universit\u00e9 Toulouse Jean Jaur\u00e8s . . .<\/p>\n","protected":false},"author":963,"featured_media":299,"parent":0,"menu_order":0,"comment_status":"closed","ping_status":"closed","template":"","meta":{"footnotes":""},"class_list":["post-133","page","type-page","status-publish","has-post-thumbnail"],"_links":{"self":[{"href":"https:\/\/blogs.univ-tlse2.fr\/espaces-audiovisuels\/wp-json\/wp\/v2\/pages\/133","targetHints":{"allow":["GET"]}}],"collection":[{"href":"https:\/\/blogs.univ-tlse2.fr\/espaces-audiovisuels\/wp-json\/wp\/v2\/pages"}],"about":[{"href":"https:\/\/blogs.univ-tlse2.fr\/espaces-audiovisuels\/wp-json\/wp\/v2\/types\/page"}],"author":[{"embeddable":true,"href":"https:\/\/blogs.univ-tlse2.fr\/espaces-audiovisuels\/wp-json\/wp\/v2\/users\/963"}],"replies":[{"embeddable":true,"href":"https:\/\/blogs.univ-tlse2.fr\/espaces-audiovisuels\/wp-json\/wp\/v2\/comments?post=133"}],"version-history":[{"count":13,"href":"https:\/\/blogs.univ-tlse2.fr\/espaces-audiovisuels\/wp-json\/wp\/v2\/pages\/133\/revisions"}],"predecessor-version":[{"id":886,"href":"https:\/\/blogs.univ-tlse2.fr\/espaces-audiovisuels\/wp-json\/wp\/v2\/pages\/133\/revisions\/886"}],"wp:featuredmedia":[{"embeddable":true,"href":"https:\/\/blogs.univ-tlse2.fr\/espaces-audiovisuels\/wp-json\/wp\/v2\/media\/299"}],"wp:attachment":[{"href":"https:\/\/blogs.univ-tlse2.fr\/espaces-audiovisuels\/wp-json\/wp\/v2\/media?parent=133"}],"curies":[{"name":"wp","href":"https:\/\/api.w.org\/{rel}","templated":true}]}}