 {"id":139,"date":"2021-09-15T16:15:21","date_gmt":"2021-09-15T14:15:21","guid":{"rendered":"https:\/\/blogs.univ-tlse2.fr\/espaces-audiovisuels\/?page_id=139"},"modified":"2021-11-08T15:27:18","modified_gmt":"2021-11-08T14:27:18","slug":"expositions","status":"publish","type":"page","link":"https:\/\/blogs.univ-tlse2.fr\/espaces-audiovisuels\/expositions\/","title":{"rendered":"Expositions"},"content":{"rendered":"\n<p class=\"has-text-align-center has-medium-font-size\"><strong><span style=\"color:#d6ceb5\" class=\"has-inline-color\">Cycle d&rsquo;expositions<\/span><\/strong><br><span style=\"color:#0851c4\" class=\"has-inline-color\"><strong>TRIPTYQUE<\/strong><\/span><\/p>\n\n\n\n<p class=\"has-text-align-center has-medium-font-size\"><span style=\"color:#0851c4\" class=\"has-inline-color\"><br>&#8211;<\/span><span style=\"color:#0851c4\" class=\"has-inline-color\">&#8211;<\/span><\/p>\n\n\n\n<p class=\"has-text-align-center\"><strong><span style=\"color:#087fc4\" class=\"has-inline-color\">FRAGMENTS SC\u00c9NOGRAPHIQUES<\/span><br><\/strong><span class=\"has-inline-color has-white-color\">&#8211; du 15 au 30 novembre 2021 &#8211;<\/span><\/p>\n\n\n\n<p class=\"has-text-align-center\"><\/p>\n\n\n\n<p class=\"has-text-align-center\"><strong><span style=\"color:#08b0c6\" class=\"has-inline-color\">TRANSGRESSIONS OPTIQUES<\/span><\/strong><br><span class=\"has-inline-color has-white-color\">&#8211; novembre 2022 &#8211;<\/span><\/p>\n\n\n\n<p><\/p>\n\n\n\n<p class=\"has-text-align-center\"><strong><span style=\"color:#0884c4\" class=\"has-inline-color\">ACCEPTATIONS SPATIALES<\/span><\/strong><br><span class=\"has-inline-color has-white-color\">&#8211; novembre 2022 &#8211;<\/span><\/p>\n\n\n\n<p class=\"has-text-align-center\"><span style=\"color:#0851c4\" class=\"has-inline-color\"><strong>&#8211;<\/strong><\/span><span style=\"color:#0851c4\" class=\"has-inline-color\"><strong>&#8211;<\/strong><\/span><\/p>\n\n\n\n<p class=\"has-white-color has-text-color has-medium-font-size\">Ce projet est envisag\u00e9 comme une passerelle entre la culture, la cr\u00e9ation et la recherche scientifique. Il s\u2019agit ici d\u2019une proposition exp\u00e9rimentale venant engager intervenants scientifiques, artistes et spectateurs dans une exp\u00e9rience spatiale par le biais d\u2019un cycle de projections et  d\u2019expositions&nbsp;: 3 incursions, 3 temps, 3 espaces, pour \u00e9changer autour des acceptions spatiales audio-visuelles.<\/p>\n\n\n\n<p class=\"has-white-color has-text-color has-medium-font-size\">Manifestation hybride, ce parcours d&rsquo;expositions a pour vocation de cr\u00e9er des espaces de d\u00e9couvertes et de provoquer des lieux d\u2019\u00e9changes, amenant ainsi \u00e0 d\u00e9couvrir un pan de la Recherche-Cr\u00e9ation \u00e0 travers les oeuvres d&rsquo;\u00e9tudiants universitaires mais \u00e9galement d&rsquo;oeuvres issues de la collection du FRAC Occitanie.<\/p>\n\n\n\n<p class=\"has-white-color has-text-color has-medium-font-size\">Il s\u2019agit donc ici d\u2019ouvrir la question de ces espaces audio-visuels aux \u00e9tudiants et au grand public afin d\u2019engager des d\u00e9couvertes et \u00e9changes plus informels autour du lien entre les sciences et les arts.<\/p>\n\n\n\n<p><span class=\"has-inline-color has-black-color\">.<\/span><\/p>\n\n\n\n<p class=\"has-text-align-center has-medium-font-size\"><strong><span style=\"color:#0851c4\" class=\"has-inline-color\">&#8211; Programme \u00c9dition 2021 &#8211;<\/span><\/strong><\/p>\n\n\n\n<figure class=\"wp-block-image size-large\"><img loading=\"lazy\" decoding=\"async\" width=\"1024\" height=\"724\" src=\"https:\/\/blogs.univ-tlse2.fr\/espaces-audiovisuels\/files\/2021\/11\/Espaces_Audiovisuels_Programme2-1024x724.jpg\" alt=\"\" class=\"wp-image-911\" srcset=\"https:\/\/blogs.univ-tlse2.fr\/espaces-audiovisuels\/files\/2021\/11\/Espaces_Audiovisuels_Programme2-1024x724.jpg 1024w, https:\/\/blogs.univ-tlse2.fr\/espaces-audiovisuels\/files\/2021\/11\/Espaces_Audiovisuels_Programme2-300x212.jpg 300w, https:\/\/blogs.univ-tlse2.fr\/espaces-audiovisuels\/files\/2021\/11\/Espaces_Audiovisuels_Programme2-768x543.jpg 768w, https:\/\/blogs.univ-tlse2.fr\/espaces-audiovisuels\/files\/2021\/11\/Espaces_Audiovisuels_Programme2-1536x1087.jpg 1536w, https:\/\/blogs.univ-tlse2.fr\/espaces-audiovisuels\/files\/2021\/11\/Espaces_Audiovisuels_Programme2.jpg 1753w\" sizes=\"auto, (max-width: 1024px) 100vw, 1024px\" \/><\/figure>\n\n\n\n<p><span class=\"has-inline-color has-black-color\">.<\/span><\/p>\n\n\n\n<p><span class=\"has-inline-color has-black-color\">.<\/span><\/p>\n\n\n\n<p><span class=\"has-inline-color has-black-color\">.<\/span><\/p>\n\n\n\n<p><span class=\"has-inline-color has-black-color\">.<\/span><\/p>\n","protected":false},"excerpt":{"rendered":"<p>Cycle d&rsquo;expositionsTRIPTYQUE &#8211;&#8211; FRAGMENTS SC\u00c9NOGRAPHIQUES&#8211; du 15 au 30 novembre 2021 &#8211; TRANSGRESSIONS OPTIQUES&#8211; novembre 2022 &#8211; ACCEPTATIONS SPATIALES&#8211; novembre 2022 &#8211; &#8211;&#8211; Ce projet est envisag\u00e9 comme une passerelle entre la culture, la cr\u00e9ation et la recherche scientifique. Il s\u2019agit ici d\u2019une proposition exp\u00e9rimentale venant engager intervenants scientifiques, artistes et spectateurs dans une exp\u00e9rience spatiale par le biais d\u2019un cycle de projections et d\u2019expositions&nbsp;: 3 incursions, 3 temps, 3 espaces, pour \u00e9changer autour des acceptions spatiales audio-visuelles. Manifestation hybride, ce parcours d&rsquo;expositions a pour vocation de cr\u00e9er des espaces de d\u00e9couvertes et de provoquer des lieux d\u2019\u00e9changes, amenant ainsi \u00e0 d\u00e9couvrir un pan de la Recherche-Cr\u00e9ation \u00e0 travers les oeuvres d&rsquo;\u00e9tudiants universitaires mais \u00e9galement d&rsquo;oeuvres issues de la collection du FRAC Occitanie. Il s\u2019agit donc ici d\u2019ouvrir la question de ces espaces audio-visuels aux \u00e9tudiants et au grand public afin d\u2019engager des d\u00e9couvertes et \u00e9changes plus informels autour du&hellip;<\/p>\n<p> <a class=\"more-link\" href=\"https:\/\/blogs.univ-tlse2.fr\/espaces-audiovisuels\/expositions\/\">Lire la suite<\/a><\/p>\n","protected":false},"author":963,"featured_media":298,"parent":0,"menu_order":0,"comment_status":"closed","ping_status":"closed","template":"","meta":{"footnotes":""},"class_list":["post-139","page","type-page","status-publish","has-post-thumbnail"],"_links":{"self":[{"href":"https:\/\/blogs.univ-tlse2.fr\/espaces-audiovisuels\/wp-json\/wp\/v2\/pages\/139","targetHints":{"allow":["GET"]}}],"collection":[{"href":"https:\/\/blogs.univ-tlse2.fr\/espaces-audiovisuels\/wp-json\/wp\/v2\/pages"}],"about":[{"href":"https:\/\/blogs.univ-tlse2.fr\/espaces-audiovisuels\/wp-json\/wp\/v2\/types\/page"}],"author":[{"embeddable":true,"href":"https:\/\/blogs.univ-tlse2.fr\/espaces-audiovisuels\/wp-json\/wp\/v2\/users\/963"}],"replies":[{"embeddable":true,"href":"https:\/\/blogs.univ-tlse2.fr\/espaces-audiovisuels\/wp-json\/wp\/v2\/comments?post=139"}],"version-history":[{"count":25,"href":"https:\/\/blogs.univ-tlse2.fr\/espaces-audiovisuels\/wp-json\/wp\/v2\/pages\/139\/revisions"}],"predecessor-version":[{"id":913,"href":"https:\/\/blogs.univ-tlse2.fr\/espaces-audiovisuels\/wp-json\/wp\/v2\/pages\/139\/revisions\/913"}],"wp:featuredmedia":[{"embeddable":true,"href":"https:\/\/blogs.univ-tlse2.fr\/espaces-audiovisuels\/wp-json\/wp\/v2\/media\/298"}],"wp:attachment":[{"href":"https:\/\/blogs.univ-tlse2.fr\/espaces-audiovisuels\/wp-json\/wp\/v2\/media?parent=139"}],"curies":[{"name":"wp","href":"https:\/\/api.w.org\/{rel}","templated":true}]}}