 {"id":141,"date":"2021-09-15T16:15:38","date_gmt":"2021-09-15T14:15:38","guid":{"rendered":"https:\/\/blogs.univ-tlse2.fr\/espaces-audiovisuels\/?page_id=141"},"modified":"2021-11-09T15:27:40","modified_gmt":"2021-11-09T14:27:40","slug":"intervenants","status":"publish","type":"page","link":"https:\/\/blogs.univ-tlse2.fr\/espaces-audiovisuels\/intervenants\/","title":{"rendered":"Intervenants"},"content":{"rendered":"\n<div class=\"wp-block-columns is-layout-flex wp-container-core-columns-is-layout-9d6595d7 wp-block-columns-is-layout-flex\">\n<div class=\"wp-block-column is-layout-flow wp-block-column-is-layout-flow\">\n<div class=\"wp-block-columns is-layout-flex wp-container-core-columns-is-layout-9d6595d7 wp-block-columns-is-layout-flex\">\n<div class=\"wp-block-column is-layout-flow wp-block-column-is-layout-flow\">\n<p class=\"has-text-align-center has-vivid-cyan-blue-color has-text-color has-medium-font-size\"><strong><span style=\"color:#3ace6b\" class=\"has-inline-color\">Lundi 15 novembre 2021<\/span><\/strong><\/p>\n\n\n\n<p class=\"has-text-align-center has-medium-font-size\"><span style=\"color:#d6ceb5\" class=\"has-inline-color\"><strong>Avant-propos<\/strong><br><\/span><a rel=\"noreferrer noopener\" href=\"https:\/\/blogs.univ-tlse2.fr\/espaces-audiovisuels\/andre-gardies\/\" target=\"_blank\"><span style=\"color:#b8baba\" class=\"has-inline-color\">Andr\u00e9 GARDIES<\/span><\/a><\/p>\n\n\n\n<p class=\"has-text-align-center has-medium-font-size\"><a href=\"https:\/\/blogs.univ-tlse2.fr\/espaces-audiovisuels\/antoine-gaudin\/\" target=\"_blank\" rel=\"noreferrer noopener\"><span style=\"color:#b8baba\" class=\"has-inline-color\">Antoine GAUDIN<\/span><\/a><\/p>\n\n\n\n<p class=\"has-text-align-center has-medium-font-size\"><span class=\"has-inline-color has-black-color\">.<\/span><\/p>\n\n\n\n<p class=\"has-text-align-center has-medium-font-size\"><\/p>\n\n\n\n<p class=\"has-text-align-center has-medium-font-size\"><\/p>\n\n\n\n<p class=\"has-text-align-center\">   <\/p>\n\n\n\n<p class=\"has-text-align-center has-text-color has-medium-font-size\" style=\"color:#b8baba\"><span style=\"color:#d6ceb5\" class=\"has-inline-color\"><strong>Communications<\/strong><br><\/span><a rel=\"noreferrer noopener\" href=\"https:\/\/blogs.univ-tlse2.fr\/espaces-audiovisuels\/gita-aslani-sharestani\/\" data-type=\"URL\" data-id=\"https:\/\/blogs.univ-tlse2.fr\/espaces-audiovisuels\/gita-aslani-sharestani\/\" target=\"_blank\"><span style=\"color:#b8baba\" class=\"has-inline-color\">Gita ASLANI SHARESTANI<\/span><\/a><\/p>\n\n\n\n<p class=\"has-text-align-center has-text-color has-medium-font-size\" style=\"color:#b8baba\"><a href=\"https:\/\/blogs.univ-tlse2.fr\/espaces-audiovisuels\/catarina-bassotti\/\" target=\"_blank\" rel=\"noreferrer noopener\">Catarina BASSOTTI<\/a><\/p>\n\n\n\n<p class=\"has-text-align-center has-text-color has-medium-font-size\" style=\"color:#b8baba\"><a href=\"https:\/\/blogs.univ-tlse2.fr\/espaces-audiovisuels\/karolis-baublys\/\" target=\"_blank\" rel=\"noreferrer noopener\">Karolis BAUBLYS<\/a><\/p>\n\n\n\n<p class=\"has-text-align-center has-text-color has-medium-font-size\" style=\"color:#b8baba\"><a href=\"https:\/\/blogs.univ-tlse2.fr\/espaces-audiovisuels\/clement-beuchillot\/\" target=\"_blank\" rel=\"noreferrer noopener\">Cl\u00e9ment BEUCHILLOT<\/a><\/p>\n\n\n\n<p class=\"has-text-align-center has-text-color has-medium-font-size\" style=\"color:#b8baba\"><a href=\"https:\/\/blogs.univ-tlse2.fr\/espaces-audiovisuels\/charlotte-brady-savignac\/\" target=\"_blank\" rel=\"noreferrer noopener\">Charlotte BRADY-SAVIGNAC<\/a><\/p>\n\n\n\n<p class=\"has-text-align-center has-text-color has-medium-font-size\" style=\"color:#b8baba\"><a href=\"https:\/\/blogs.univ-tlse2.fr\/espaces-audiovisuels\/syrine-farhat\/\" target=\"_blank\" rel=\"noreferrer noopener\">Syrine FARHAT<\/a><\/p>\n\n\n\n<p class=\"has-text-align-center has-text-color has-medium-font-size\" style=\"color:#b8baba\"><a href=\"https:\/\/blogs.univ-tlse2.fr\/espaces-audiovisuels\/luc-gelinas\/\" target=\"_blank\" rel=\"noreferrer noopener\">Luc G\u00c9LINAS<\/a><\/p>\n\n\n\n<p class=\"has-text-align-center has-text-color has-medium-font-size\" style=\"color:#b8baba\"><a href=\"https:\/\/blogs.univ-tlse2.fr\/espaces-audiovisuels\/c-e-harris\/\" target=\"_blank\" rel=\"noreferrer noopener\">C.E. HARRIS<\/a><\/p>\n\n\n\n<p class=\"has-text-align-center has-text-color has-medium-font-size\" style=\"color:#b8baba\"><a href=\"https:\/\/blogs.univ-tlse2.fr\/espaces-audiovisuels\/marilena-karra\/\" target=\"_blank\" rel=\"noreferrer noopener\">Marilena KARRA<\/a><\/p>\n\n\n\n<p class=\"has-text-align-center has-text-color has-medium-font-size\" style=\"color:#b8baba\"><a href=\"https:\/\/blogs.univ-tlse2.fr\/espaces-audiovisuels\/guy-claude-marie\/\" target=\"_blank\" rel=\"noreferrer noopener\">Guy-Claude MARIE<\/a><\/p>\n<\/div>\n\n\n\n<div class=\"wp-block-column is-layout-flow wp-block-column-is-layout-flow\" style=\"flex-basis:350px\">\n<p class=\"has-text-align-center has-vivid-cyan-blue-color has-text-color has-medium-font-size\"><strong><span style=\"color:#3ace6b\" class=\"has-inline-color\">Mardi 16 novembre 2021<\/span><\/strong><\/p>\n\n\n\n<p class=\"has-text-align-center has-medium-font-size\"><span style=\"color:#d6ceb5\" class=\"has-inline-color\"><strong>Avant-propos<\/strong><br><\/span><a rel=\"noreferrer noopener\" href=\"https:\/\/blogs.univ-tlse2.fr\/espaces-audiovisuels\/gwenaele-rot\/\" target=\"_blank\"><span style=\"color:#b8baba\" class=\"has-inline-color\">Gwena\u00eble ROT<\/span><\/a><\/p>\n\n\n\n<p class=\"has-text-align-center has-medium-font-size\"><a href=\"https:\/\/blogs.univ-tlse2.fr\/espaces-audiovisuels\/laurent-lescop\/\" target=\"_blank\" rel=\"noreferrer noopener\"><span style=\"color:#b8baba\" class=\"has-inline-color\">Laurent LESCOP<\/span><\/a><\/p>\n\n\n\n<p class=\"has-text-align-center\"><span class=\"has-inline-color has-black-color\">.<\/span><\/p>\n\n\n\n<p class=\"has-text-align-center has-medium-font-size\"><\/p>\n\n\n\n<p class=\"has-text-align-center\"><\/p>\n\n\n\n<p class=\"has-text-align-center has-medium-font-size\"><\/p>\n\n\n\n<p class=\"has-text-align-center\"><\/p>\n\n\n\n<p class=\"has-text-align-center\"><\/p>\n\n\n\n<p class=\"has-text-align-center has-text-color has-medium-font-size\" style=\"color:#b8baba\"><span style=\"color:#d6ceb5\" class=\"has-inline-color\"><strong>Communications<\/strong><\/span><br><a rel=\"noreferrer noopener\" href=\"https:\/\/blogs.univ-tlse2.fr\/espaces-audiovisuels\/claire-allouche\/\" target=\"_blank\">Claire ALLOUCHE<\/a><\/p>\n\n\n\n<p class=\"has-text-align-center has-text-color has-medium-font-size\" style=\"color:#b8baba\"><a href=\"https:\/\/blogs.univ-tlse2.fr\/espaces-audiovisuels\/clovis-bezies-gros\/\" target=\"_blank\" rel=\"noreferrer noopener\">Clovis BEZIES-GROS<\/a><\/p>\n\n\n\n<p class=\"has-text-align-center has-text-color has-medium-font-size\" style=\"color:#b8baba\"><a rel=\"noreferrer noopener\" href=\"https:\/\/blogs.univ-tlse2.fr\/espaces-audiovisuels\/jean-chateauvert\/\" target=\"_blank\">Jean CH\u00c2TEAUVERT<\/a><\/p>\n\n\n\n<p class=\"has-text-align-center has-text-color has-medium-font-size\" style=\"color:#b8baba\"><a href=\"https:\/\/blogs.univ-tlse2.fr\/espaces-audiovisuels\/lea-chevalier\/\" target=\"_blank\" rel=\"noreferrer noopener\">L\u00e9a CHEVALIER<\/a><\/p>\n\n\n\n<p class=\"has-text-align-center has-text-color has-medium-font-size\" style=\"color:#b8baba\"><a rel=\"noreferrer noopener\" href=\"https:\/\/blogs.univ-tlse2.fr\/espaces-audiovisuels\/tristan-dominguez\/\" target=\"_blank\">Tristan DOMINGUEZ<\/a><\/p>\n\n\n\n<p class=\"has-text-align-center has-text-color has-medium-font-size\" style=\"color:#b8baba\"><a href=\"https:\/\/blogs.univ-tlse2.fr\/espaces-audiovisuels\/anastasia-rostan\/\" target=\"_blank\" rel=\"noreferrer noopener\">Anastasia ROSTAN<\/a><\/p>\n\n\n\n<p class=\"has-text-align-center has-text-color has-medium-font-size\" style=\"color:#b8baba\"><a href=\"https:\/\/blogs.univ-tlse2.fr\/espaces-audiovisuels\/germain-sclafer\/\" target=\"_blank\" rel=\"noreferrer noopener\">Germain SCLAFER<\/a><\/p>\n\n\n\n<p class=\"has-text-align-center has-text-color has-medium-font-size\" style=\"color:#b8baba\"><a href=\"https:\/\/blogs.univ-tlse2.fr\/espaces-audiovisuels\/olga-tsvietkova\/\" target=\"_blank\" rel=\"noreferrer noopener\">Olga TSVIETKOVA<\/a><\/p>\n\n\n\n<p class=\"has-text-align-center has-text-color has-medium-font-size\" style=\"color:#b8baba\"><a href=\"https:\/\/blogs.univ-tlse2.fr\/espaces-audiovisuels\/charlotte-van-der-elst\/\" target=\"_blank\" rel=\"noreferrer noopener\">Charlotte VAN DER ELST<\/a><\/p>\n\n\n\n<p class=\"has-text-align-center has-medium-font-size\"><span class=\"has-inline-color has-black-color\">.<\/span><\/p>\n\n\n\n<p class=\"has-text-align-center has-medium-font-size\"><\/p>\n\n\n\n<p class=\"has-text-align-center has-text-color has-medium-font-size\" style=\"color:#b8baba\"><span style=\"color:#d6ceb5\" class=\"has-inline-color\"><strong>Table ronde<\/strong><br><\/span><span style=\"color:#b8baba\" class=\"has-inline-color\"><a href=\"https:\/\/blogs.univ-tlse2.fr\/espaces-audiovisuels\/thierry-besche\/\" target=\"_blank\" rel=\"noreferrer noopener\">Thierry BESCHE<\/a><\/span><\/p>\n\n\n\n<p class=\"has-text-align-center has-text-color has-medium-font-size\" style=\"color:#b8baba\">Olivier DUTEL<\/p>\n\n\n\n<p class=\"has-text-align-center has-text-color has-medium-font-size\" style=\"color:#b8baba\"><a href=\"https:\/\/blogs.univ-tlse2.fr\/espaces-audiovisuels\/agnes-salson\/\" target=\"_blank\" rel=\"noreferrer noopener\">Agn\u00e8s SALSON<\/a><\/p>\n<\/div>\n\n\n\n<div class=\"wp-block-column is-layout-flow wp-block-column-is-layout-flow\">\n<p class=\"has-text-align-center has-vivid-cyan-blue-color has-text-color has-medium-font-size\"><strong><span style=\"color:#3ace6b\" class=\"has-inline-color\">Mercredi 17 novembre 2021<\/span><\/strong><\/p>\n\n\n\n<p class=\"has-text-align-center has-medium-font-size\"><span style=\"color:#d6ceb5\" class=\"has-inline-color\"><strong>Avant-propos<\/strong><br><\/span><a href=\"https:\/\/blogs.univ-tlse2.fr\/espaces-audiovisuels\/thierry-besche\/(ouvre un nouvel onglet)\" target=\"_blank\" rel=\"noreferrer noopener\"><span style=\"color:#b8baba\" class=\"has-inline-color\">Thierry BESCHE<\/span><\/a><\/p>\n\n\n\n<p class=\"has-text-align-center has-medium-font-size\"><span class=\"has-inline-color has-black-color\">.<\/span><\/p>\n\n\n\n<p class=\"has-text-align-center has-medium-font-size\"><span class=\"has-inline-color has-black-color\">.<\/span><\/p>\n\n\n\n<p class=\"has-text-align-center\"><\/p>\n\n\n\n<p class=\"has-text-align-center has-medium-font-size\"><\/p>\n\n\n\n<p class=\"has-text-align-center has-text-color has-medium-font-size\" style=\"color:#b8baba\"><span style=\"color:#d6ceb5\" class=\"has-inline-color\"><strong>Communications<\/strong><br><\/span><a rel=\"noreferrer noopener\" href=\"https:\/\/blogs.univ-tlse2.fr\/espaces-audiovisuels\/marion-roche\/\" target=\"_blank\">Marion ROCHE<\/a><\/p>\n\n\n\n<p class=\"has-text-align-center has-text-color has-medium-font-size\" style=\"color:#b8baba\"><a href=\"https:\/\/blogs.univ-tlse2.fr\/espaces-audiovisuels\/eve-tayac\/\" target=\"_blank\" rel=\"noreferrer noopener\">Eve TAYAC<\/a><\/p>\n<\/div>\n<\/div>\n\n\n\n<p><span class=\"has-inline-color has-black-color\">.<\/span><\/p>\n\n\n\n<p><span class=\"has-inline-color has-black-color\">.<\/span><\/p>\n\n\n\n<p><span class=\"has-inline-color has-black-color\">.<\/span><\/p>\n\n\n\n<p><\/p>\n<\/div>\n<\/div>\n\n\n\n<p><\/p>\n\n\n\n<p><\/p>\n\n\n\n<div class=\"wp-block-columns is-layout-flex wp-container-core-columns-is-layout-9d6595d7 wp-block-columns-is-layout-flex\"><\/div>\n","protected":false},"excerpt":{"rendered":"<p>Lundi 15 novembre 2021 Avant-proposAndr\u00e9 GARDIES Antoine GAUDIN . CommunicationsGita ASLANI SHARESTANI Catarina BASSOTTI Karolis BAUBLYS Cl\u00e9ment BEUCHILLOT Charlotte BRADY-SAVIGNAC Syrine FARHAT Luc G\u00c9LINAS C.E. HARRIS Marilena KARRA Guy-Claude MARIE Mardi 16 novembre 2021 Avant-proposGwena\u00eble ROT Laurent LESCOP . CommunicationsClaire ALLOUCHE Clovis BEZIES-GROS Jean CH\u00c2TEAUVERT L\u00e9a CHEVALIER Tristan DOMINGUEZ Anastasia ROSTAN Germain SCLAFER Olga TSVIETKOVA Charlotte VAN DER ELST . Table rondeThierry BESCHE Olivier DUTEL Agn\u00e8s SALSON Mercredi 17 novembre 2021 Avant-proposThierry BESCHE . . CommunicationsMarion ROCHE Eve TAYAC . . .<\/p>\n","protected":false},"author":963,"featured_media":303,"parent":0,"menu_order":0,"comment_status":"closed","ping_status":"closed","template":"","meta":{"footnotes":""},"class_list":["post-141","page","type-page","status-publish","has-post-thumbnail"],"_links":{"self":[{"href":"https:\/\/blogs.univ-tlse2.fr\/espaces-audiovisuels\/wp-json\/wp\/v2\/pages\/141","targetHints":{"allow":["GET"]}}],"collection":[{"href":"https:\/\/blogs.univ-tlse2.fr\/espaces-audiovisuels\/wp-json\/wp\/v2\/pages"}],"about":[{"href":"https:\/\/blogs.univ-tlse2.fr\/espaces-audiovisuels\/wp-json\/wp\/v2\/types\/page"}],"author":[{"embeddable":true,"href":"https:\/\/blogs.univ-tlse2.fr\/espaces-audiovisuels\/wp-json\/wp\/v2\/users\/963"}],"replies":[{"embeddable":true,"href":"https:\/\/blogs.univ-tlse2.fr\/espaces-audiovisuels\/wp-json\/wp\/v2\/comments?post=141"}],"version-history":[{"count":28,"href":"https:\/\/blogs.univ-tlse2.fr\/espaces-audiovisuels\/wp-json\/wp\/v2\/pages\/141\/revisions"}],"predecessor-version":[{"id":934,"href":"https:\/\/blogs.univ-tlse2.fr\/espaces-audiovisuels\/wp-json\/wp\/v2\/pages\/141\/revisions\/934"}],"wp:featuredmedia":[{"embeddable":true,"href":"https:\/\/blogs.univ-tlse2.fr\/espaces-audiovisuels\/wp-json\/wp\/v2\/media\/303"}],"wp:attachment":[{"href":"https:\/\/blogs.univ-tlse2.fr\/espaces-audiovisuels\/wp-json\/wp\/v2\/media?parent=141"}],"curies":[{"name":"wp","href":"https:\/\/api.w.org\/{rel}","templated":true}]}}