 {"id":143,"date":"2021-09-15T16:15:48","date_gmt":"2021-09-15T14:15:48","guid":{"rendered":"https:\/\/blogs.univ-tlse2.fr\/espaces-audiovisuels\/?page_id=143"},"modified":"2021-11-08T15:12:35","modified_gmt":"2021-11-08T14:12:35","slug":"artistes","status":"publish","type":"page","link":"https:\/\/blogs.univ-tlse2.fr\/espaces-audiovisuels\/artistes\/","title":{"rendered":"Artistes"},"content":{"rendered":"\n<p><strong><span style=\"color:#087fc4\" class=\"has-inline-color\">FRAGMENTS SC\u00c9NOGRAPHIQUES<\/span><\/strong><br><span class=\"has-inline-color has-white-color\">&#8211; du 15 au 30 novembre 2021 &#8211;<br>La Tour Maurand, ENSAV<\/span><\/p>\n\n\n\n<p><span style=\"color:#b8baba\" class=\"has-inline-color\">Quoi de plus appropri\u00e9 pour cet espace que d\u2019y permettre un questionnement autour des espaces de tournage ? La Tour Maurand accueillera des travaux d\u2019\u00e9tudiants en cin\u00e9ma, en lien avec cet espace audiovisuel. La s\u00e9lection proposera ainsi des fragments sc\u00e9nographiques issus de travaux r\u00e9alis\u00e9s par les \u00e9tudiants en Master 2 SON, DECOR et REX de l&rsquo;ENSAV.<\/span><\/p>\n\n\n\n<div class=\"wp-block-columns is-layout-flex wp-container-core-columns-is-layout-9d6595d7 wp-block-columns-is-layout-flex\">\n<div class=\"wp-block-column is-layout-flow wp-block-column-is-layout-flow\">\n<p class=\"has-white-color has-text-color has-medium-font-size\"><span class=\"has-inline-color has-white-color\">M\u00e9lanie AUVRAY<\/span><\/p>\n\n\n\n<p class=\"has-white-color has-text-color has-medium-font-size\">Julie BROUCAS<\/p>\n\n\n\n<p class=\"has-white-color has-text-color has-medium-font-size\">Baptiste Desroches-Daudel<\/p>\n<\/div>\n\n\n\n<div class=\"wp-block-column is-layout-flow wp-block-column-is-layout-flow\">\n<p class=\"has-white-color has-text-color has-medium-font-size\">Daniela Gomez Chapou<\/p>\n\n\n\n<p class=\"has-white-color has-text-color has-medium-font-size\">Guillaume Maurel<\/p>\n\n\n\n<p class=\"has-white-color has-text-color has-medium-font-size\">Th\u00e9aud Moga<\/p>\n<\/div>\n<\/div>\n\n\n\n<p><span class=\"has-inline-color has-black-color\">.<\/span><\/p>\n\n\n\n<p class=\"has-medium-font-size\"><strong><span style=\"color:#0884c4\" class=\"has-inline-color\">\u00c9dition 2022<\/span><\/strong><br><span style=\"color:#b8baba\" class=\"has-inline-color\"><em>&#8211; en cours de s\u00e9lection &#8211;<\/em><\/span><\/p>\n\n\n\n<p><span class=\"has-inline-color has-black-color\">.<\/span><\/p>\n\n\n\n<p><span class=\"has-inline-color has-black-color\">.<\/span><\/p>\n","protected":false},"excerpt":{"rendered":"<p>FRAGMENTS SC\u00c9NOGRAPHIQUES&#8211; du 15 au 30 novembre 2021 &#8211;La Tour Maurand, ENSAV Quoi de plus appropri\u00e9 pour cet espace que d\u2019y permettre un questionnement autour des espaces de tournage ? La Tour Maurand accueillera des travaux d\u2019\u00e9tudiants en cin\u00e9ma, en lien avec cet espace audiovisuel. La s\u00e9lection proposera ainsi des fragments sc\u00e9nographiques issus de travaux r\u00e9alis\u00e9s par les \u00e9tudiants en Master 2 SON, DECOR et REX de l&rsquo;ENSAV. M\u00e9lanie AUVRAY Julie BROUCAS Baptiste Desroches-Daudel Daniela Gomez Chapou Guillaume Maurel Th\u00e9aud Moga . \u00c9dition 2022&#8211; en cours de s\u00e9lection &#8211; . .<\/p>\n","protected":false},"author":963,"featured_media":298,"parent":0,"menu_order":0,"comment_status":"closed","ping_status":"closed","template":"","meta":{"footnotes":""},"class_list":["post-143","page","type-page","status-publish","has-post-thumbnail"],"_links":{"self":[{"href":"https:\/\/blogs.univ-tlse2.fr\/espaces-audiovisuels\/wp-json\/wp\/v2\/pages\/143","targetHints":{"allow":["GET"]}}],"collection":[{"href":"https:\/\/blogs.univ-tlse2.fr\/espaces-audiovisuels\/wp-json\/wp\/v2\/pages"}],"about":[{"href":"https:\/\/blogs.univ-tlse2.fr\/espaces-audiovisuels\/wp-json\/wp\/v2\/types\/page"}],"author":[{"embeddable":true,"href":"https:\/\/blogs.univ-tlse2.fr\/espaces-audiovisuels\/wp-json\/wp\/v2\/users\/963"}],"replies":[{"embeddable":true,"href":"https:\/\/blogs.univ-tlse2.fr\/espaces-audiovisuels\/wp-json\/wp\/v2\/comments?post=143"}],"version-history":[{"count":14,"href":"https:\/\/blogs.univ-tlse2.fr\/espaces-audiovisuels\/wp-json\/wp\/v2\/pages\/143\/revisions"}],"predecessor-version":[{"id":905,"href":"https:\/\/blogs.univ-tlse2.fr\/espaces-audiovisuels\/wp-json\/wp\/v2\/pages\/143\/revisions\/905"}],"wp:featuredmedia":[{"embeddable":true,"href":"https:\/\/blogs.univ-tlse2.fr\/espaces-audiovisuels\/wp-json\/wp\/v2\/media\/298"}],"wp:attachment":[{"href":"https:\/\/blogs.univ-tlse2.fr\/espaces-audiovisuels\/wp-json\/wp\/v2\/media?parent=143"}],"curies":[{"name":"wp","href":"https:\/\/api.w.org\/{rel}","templated":true}]}}