 {"id":145,"date":"2021-09-15T16:16:01","date_gmt":"2021-09-15T14:16:01","guid":{"rendered":"https:\/\/blogs.univ-tlse2.fr\/espaces-audiovisuels\/?page_id=145"},"modified":"2021-10-29T11:21:28","modified_gmt":"2021-10-29T09:21:28","slug":"comite-scientifique","status":"publish","type":"page","link":"https:\/\/blogs.univ-tlse2.fr\/espaces-audiovisuels\/comite-scientifique\/","title":{"rendered":"Comit\u00e9 scientifique"},"content":{"rendered":"\n<div class=\"wp-block-columns is-layout-flex wp-container-core-columns-is-layout-9d6595d7 wp-block-columns-is-layout-flex\">\n<div class=\"wp-block-column is-layout-flow wp-block-column-is-layout-flow\">\n<p class=\"has-text-align-center has-medium-font-size\"><strong><span style=\"color:#3ace6b\" class=\"has-inline-color\">Pr\u00e9sident d&rsquo;honneur <\/span><\/strong><br><a rel=\"noreferrer noopener\" href=\"https:\/\/blogs.univ-tlse2.fr\/espaces-audiovisuels\/andre-gardies\/\" target=\"_blank\"><span style=\"color:#b8baba\" class=\"has-inline-color\">Andr\u00e9 GARDIES<\/span><\/a><\/p>\n\n\n\n<p><span class=\"has-inline-color has-black-color\">.<\/span><\/p>\n\n\n\n<p><span class=\"has-inline-color has-black-color\">.<\/span><\/p>\n\n\n\n<p class=\"has-text-align-center has-medium-font-size\"><strong><span style=\"color:#3ace6b\" class=\"has-inline-color\">Comit\u00e9 scientifique<\/span><\/strong><\/p>\n\n\n\n<div class=\"wp-block-columns is-layout-flex wp-container-core-columns-is-layout-9d6595d7 wp-block-columns-is-layout-flex\">\n<div class=\"wp-block-column is-layout-flow wp-block-column-is-layout-flow\">\n<p class=\"has-text-align-right has-medium-font-size\"><a rel=\"noreferrer noopener\" href=\"https:\/\/blogs.univ-tlse2.fr\/espaces-audiovisuels\/pierre-arbus\/\" target=\"_blank\"><span style=\"color:#b8baba\" class=\"has-inline-color\">Pierre ARBUS<\/span><\/a><\/p>\n\n\n\n<p class=\"has-text-align-right has-text-color has-medium-font-size\" style=\"color:#b8baba\"><a href=\"https:\/\/blogs.univ-tlse2.fr\/espaces-audiovisuels\/berenice-bonhomme\/\" target=\"_blank\" rel=\"noreferrer noopener\">B\u00e9r\u00e9nice BONHOMME<\/a><\/p>\n\n\n\n<p class=\"has-text-align-right has-text-color has-medium-font-size\" style=\"color:#b8baba\"><a href=\"https:\/\/blogs.univ-tlse2.fr\/espaces-audiovisuels\/serge-cardinal\/\" target=\"_blank\" rel=\"noreferrer noopener\">Serge CARDINAL<\/a><\/p>\n\n\n\n<p class=\"has-text-align-right has-text-color has-medium-font-size\" style=\"color:#b8baba\"><a href=\"https:\/\/blogs.univ-tlse2.fr\/espaces-audiovisuels\/antoine-gaudin\/\" target=\"_blank\" rel=\"noreferrer noopener\">Antoine GAUDIN<\/a><\/p>\n\n\n\n<p class=\"has-text-align-right has-text-color has-medium-font-size\" style=\"color:#b8baba\"><a href=\"https:\/\/blogs.univ-tlse2.fr\/espaces-audiovisuels\/camille-gendrault\/\" target=\"_blank\" rel=\"noreferrer noopener\">Camille GENDRAULT<\/a><\/p>\n<\/div>\n\n\n\n<div class=\"wp-block-column is-layout-flow wp-block-column-is-layout-flow\">\n<p class=\"has-text-color has-medium-font-size\" style=\"color:#b8baba\"><a href=\"https:\/\/blogs.univ-tlse2.fr\/espaces-audiovisuels\/paul-lacoste\/\" target=\"_blank\" rel=\"noreferrer noopener\">Paul LACOSTE<\/a><\/p>\n\n\n\n<p class=\"has-text-color has-medium-font-size\" style=\"color:#b8baba\"><a href=\"https:\/\/blogs.univ-tlse2.fr\/espaces-audiovisuels\/laurent-lescop\/\" target=\"_blank\" rel=\"noreferrer noopener\">Laurent LESCOP<\/a><\/p>\n\n\n\n<p class=\"has-text-color has-medium-font-size\" style=\"color:#b8baba\"><a href=\"https:\/\/blogs.univ-tlse2.fr\/espaces-audiovisuels\/isabelle-labrouillere\/\" target=\"_blank\" rel=\"noreferrer noopener\">Isabelle LABROUILLERE<\/a><\/p>\n\n\n\n<p class=\"has-text-color has-medium-font-size\" style=\"color:#b8baba\"><a href=\"https:\/\/blogs.univ-tlse2.fr\/espaces-audiovisuels\/pierre-montebello\/\" target=\"_blank\" rel=\"noreferrer noopener\">Pierre MONTEBELLO<\/a><\/p>\n\n\n\n<p class=\"has-text-color has-medium-font-size\" style=\"color:#b8baba\"><a href=\"https:\/\/blogs.univ-tlse2.fr\/espaces-audiovisuels\/gwenaele-rot\/\" target=\"_blank\" rel=\"noreferrer noopener\">Gwena\u00eble ROT<\/a><\/p>\n<\/div>\n<\/div>\n\n\n\n<p><span class=\"has-inline-color has-black-color\">.<\/span><\/p>\n\n\n\n<p><span class=\"has-inline-color has-black-color\">.<\/span><\/p>\n\n\n\n<p><span class=\"has-inline-color has-black-color\">.<\/span><\/p>\n<\/div>\n<\/div>\n\n\n\n<div class=\"wp-block-columns is-layout-flex wp-container-core-columns-is-layout-9d6595d7 wp-block-columns-is-layout-flex\"><\/div>\n","protected":false},"excerpt":{"rendered":"<p>Pr\u00e9sident d&rsquo;honneur Andr\u00e9 GARDIES . . Comit\u00e9 scientifique Pierre ARBUS B\u00e9r\u00e9nice BONHOMME Serge CARDINAL Antoine GAUDIN Camille GENDRAULT Paul LACOSTE Laurent LESCOP Isabelle LABROUILLERE Pierre MONTEBELLO Gwena\u00eble ROT . . .<\/p>\n","protected":false},"author":963,"featured_media":303,"parent":0,"menu_order":0,"comment_status":"closed","ping_status":"closed","template":"","meta":{"footnotes":""},"class_list":["post-145","page","type-page","status-publish","has-post-thumbnail"],"_links":{"self":[{"href":"https:\/\/blogs.univ-tlse2.fr\/espaces-audiovisuels\/wp-json\/wp\/v2\/pages\/145","targetHints":{"allow":["GET"]}}],"collection":[{"href":"https:\/\/blogs.univ-tlse2.fr\/espaces-audiovisuels\/wp-json\/wp\/v2\/pages"}],"about":[{"href":"https:\/\/blogs.univ-tlse2.fr\/espaces-audiovisuels\/wp-json\/wp\/v2\/types\/page"}],"author":[{"embeddable":true,"href":"https:\/\/blogs.univ-tlse2.fr\/espaces-audiovisuels\/wp-json\/wp\/v2\/users\/963"}],"replies":[{"embeddable":true,"href":"https:\/\/blogs.univ-tlse2.fr\/espaces-audiovisuels\/wp-json\/wp\/v2\/comments?post=145"}],"version-history":[{"count":11,"href":"https:\/\/blogs.univ-tlse2.fr\/espaces-audiovisuels\/wp-json\/wp\/v2\/pages\/145\/revisions"}],"predecessor-version":[{"id":796,"href":"https:\/\/blogs.univ-tlse2.fr\/espaces-audiovisuels\/wp-json\/wp\/v2\/pages\/145\/revisions\/796"}],"wp:featuredmedia":[{"embeddable":true,"href":"https:\/\/blogs.univ-tlse2.fr\/espaces-audiovisuels\/wp-json\/wp\/v2\/media\/303"}],"wp:attachment":[{"href":"https:\/\/blogs.univ-tlse2.fr\/espaces-audiovisuels\/wp-json\/wp\/v2\/media?parent=145"}],"curies":[{"name":"wp","href":"https:\/\/api.w.org\/{rel}","templated":true}]}}