 {"id":166,"date":"2021-09-29T22:34:37","date_gmt":"2021-09-29T20:34:37","guid":{"rendered":"https:\/\/blogs.univ-tlse2.fr\/espaces-audiovisuels\/?page_id=166"},"modified":"2021-10-13T18:33:35","modified_gmt":"2021-10-13T16:33:35","slug":"gita-aslani-sharestani","status":"publish","type":"page","link":"https:\/\/blogs.univ-tlse2.fr\/espaces-audiovisuels\/gita-aslani-sharestani\/","title":{"rendered":"Gita ASLANI SHARESTANI"},"content":{"rendered":"\n<p class=\"has-text-align-center\"><span style=\"color:#3ace6b\" class=\"has-inline-color\"><em>Intervention lundi 15 nov. 2021 \u00e0 17h30 <\/em><\/span><br><strong><span style=\"color:#3ace6b\" class=\"has-inline-color\">\u00ab\u00a0La spiritualit\u00e9 au prisme de la g\u00e9opo\u00e9sie cin\u00e9matographique :<\/span><\/strong><br><strong><span style=\"color:#3ace6b\" class=\"has-inline-color\">une \u00e9tude de l\u2019espace et du sacr\u00e9 \u00e0 travers deux films de Parviz Kimiavi.\u00a0\u00bb<\/span><\/strong><\/p>\n\n\n\n<p><span class=\"has-inline-color has-black-color\">.<\/span><\/p>\n\n\n\n<p><span style=\"color:#7891e2\" class=\"has-inline-color\"><strong>Gita Aslani Shahrestani<\/strong> <\/span><span class=\"has-inline-color has-white-color\">est chercheuse en \u00e9tudes cin\u00e9matographiques, attach\u00e9e \u00e0 l\u2019universit\u00e9 Paris-Nanterre\/laboratoire HAR. Elle a obtenu son doctorat avec une th\u00e8se portant sur la part oubli\u00e9e du cin\u00e9ma d\u2019auteur iranien et ses travaux sont ax\u00e9s sur l\u2019histoire et l\u2019esth\u00e9tique du cin\u00e9ma iranien, kurde et turc et sur la pr\u00e9sence de la po\u00e9sie et de la pens\u00e9e mystiques persanes dans le cin\u00e9ma de ces pays.<br>Elle m\u00e8ne actuellement des recherches sur la mise en image du conflit syrien dans les productions audiovisuelles iraniennes, russes et turques.<br>En parall\u00e8le, elle participe \u00e0 la d\u00e9couverte et \u00e0 la restauration de films du Moyen-Orient avec plusieurs instituts et cin\u00e9math\u00e8ques, notamment La Cineteca di Bologna et The Film Foundation.<\/span><br><\/p>\n\n\n\n<p class=\"has-text-color\" style=\"color:#b8baba\"><strong><span style=\"color:#7891e2\" class=\"has-inline-color\">Publications<\/span><\/strong><br><span class=\"has-inline-color has-white-color\"><strong>Livre<\/strong><br><\/span><span style=\"color:#b8baba\" class=\"has-inline-color\"><em>L\u2019\u00c9chiquier du vent : Une red\u00e9couverte inesp\u00e9r\u00e9e<\/em>, \u00e9d. Carlotta films, 2021, Paris. (en fran\u00e7ais)<br><\/span><br><span class=\"has-inline-color has-white-color\"><strong>Articles<\/strong><br><\/span><span style=\"color:#b8baba\" class=\"has-inline-color\"><em>La Caille, un oiseau bersonnien : \u00c0 propos de La Caille de Mohammad Reza Aslani,<\/em> In.<em> Mohammad<br><\/em><\/span><span class=\"has-inline-color has-white-color\"><em>Reza Aslani : L\u2019Histoire de celui qui demande<\/em>, \u00e9d. Noghreh, 2021, Tehran. (en persan)<\/span><\/p>\n\n\n\n<p class=\"has-text-color\" style=\"color:#b8baba\"><em>Le Cin\u00e9ma de Mohammad Reza Aslani s\u2019inscrit dans la continuit\u00e9 d\u2019avant-garde europ\u00e9en de 1915-<br>1930,<\/em> In<em>. Mohammad Reza Aslani : L\u2019Histoire de celui qui demande, <\/em>\u00e9d. Noghreh, 2021, Tehran<br>(en persan)<\/p>\n\n\n\n<p class=\"has-text-color\" style=\"color:#b8baba\"><em>L\u2019\u00c9chiquier du vent : Un chef d\u2019\u0153uvre perdu du cin\u00e9ma iranien,<\/em> In. <em>Hors Champs <\/em>Mai\/Juin 2021.<br>(en fran\u00e7ais)<\/p>\n\n\n\n<p class=\"has-text-color\" style=\"color:#b8baba\"><em>Shatranj Baad 1976<\/em>, In. Il Cinema Ritrovato XXXIV edizione, 2020 (en anglais)<\/p>\n\n\n\n<p class=\"has-text-color\" style=\"color:#b8baba\"><em>La F\u00e9minit\u00e9 entre islam et modernit\u00e9 : trois g\u00e9n\u00e9rations de femmes en Iran<\/em>, In. sous la direct. Labord<br>(Barbara), Persepolis : Dessin de vie, \u00e9d. Le Bord de l\u2019eau, 2016<br><br><strong>En cours de publication en fran\u00e7ais :<\/strong><br><em>L\u2019histoire du cin\u00e9ma d\u2019auteur iranien<\/em><\/p>\n\n\n\n<p class=\"has-text-color\" style=\"color:#b8baba\"><em>La spiritualit\u00e9 dans le cin\u00e9ma d\u2019auteur iranien : Une \u00e9tude du cin\u00e9ma de Fereydoun Rahnema, Arby<br>Ovanessian et Parviz Kimiavi<\/em><\/p>\n\n\n\n<p><span class=\"has-inline-color has-black-color\">.<\/span><\/p>\n\n\n\n<p><span class=\"has-inline-color has-black-color\">.<\/span><\/p>\n","protected":false},"excerpt":{"rendered":"<p>Intervention lundi 15 nov. 2021 \u00e0 17h30 \u00ab\u00a0La spiritualit\u00e9 au prisme de la g\u00e9opo\u00e9sie cin\u00e9matographique :une \u00e9tude de l\u2019espace et du sacr\u00e9 \u00e0 travers deux films de Parviz Kimiavi.\u00a0\u00bb . Gita Aslani Shahrestani est chercheuse en \u00e9tudes cin\u00e9matographiques, attach\u00e9e \u00e0 l\u2019universit\u00e9 Paris-Nanterre\/laboratoire HAR. Elle a obtenu son doctorat avec une th\u00e8se portant sur la part oubli\u00e9e du cin\u00e9ma d\u2019auteur iranien et ses travaux sont ax\u00e9s sur l\u2019histoire et l\u2019esth\u00e9tique du cin\u00e9ma iranien, kurde et turc et sur la pr\u00e9sence de la po\u00e9sie et de la pens\u00e9e mystiques persanes dans le cin\u00e9ma de ces pays.Elle m\u00e8ne actuellement des recherches sur la mise en image du conflit syrien dans les productions audiovisuelles iraniennes, russes et turques.En parall\u00e8le, elle participe \u00e0 la d\u00e9couverte et \u00e0 la restauration de films du Moyen-Orient avec plusieurs instituts et cin\u00e9math\u00e8ques, notamment La Cineteca di Bologna et The Film Foundation. PublicationsLivreL\u2019\u00c9chiquier du vent : Une red\u00e9couverte inesp\u00e9r\u00e9e, \u00e9d.&hellip;<\/p>\n<p> <a class=\"more-link\" href=\"https:\/\/blogs.univ-tlse2.fr\/espaces-audiovisuels\/gita-aslani-sharestani\/\">Lire la suite<\/a><\/p>\n","protected":false},"author":963,"featured_media":303,"parent":0,"menu_order":0,"comment_status":"closed","ping_status":"closed","template":"","meta":{"footnotes":""},"class_list":["post-166","page","type-page","status-publish","has-post-thumbnail"],"_links":{"self":[{"href":"https:\/\/blogs.univ-tlse2.fr\/espaces-audiovisuels\/wp-json\/wp\/v2\/pages\/166","targetHints":{"allow":["GET"]}}],"collection":[{"href":"https:\/\/blogs.univ-tlse2.fr\/espaces-audiovisuels\/wp-json\/wp\/v2\/pages"}],"about":[{"href":"https:\/\/blogs.univ-tlse2.fr\/espaces-audiovisuels\/wp-json\/wp\/v2\/types\/page"}],"author":[{"embeddable":true,"href":"https:\/\/blogs.univ-tlse2.fr\/espaces-audiovisuels\/wp-json\/wp\/v2\/users\/963"}],"replies":[{"embeddable":true,"href":"https:\/\/blogs.univ-tlse2.fr\/espaces-audiovisuels\/wp-json\/wp\/v2\/comments?post=166"}],"version-history":[{"count":10,"href":"https:\/\/blogs.univ-tlse2.fr\/espaces-audiovisuels\/wp-json\/wp\/v2\/pages\/166\/revisions"}],"predecessor-version":[{"id":722,"href":"https:\/\/blogs.univ-tlse2.fr\/espaces-audiovisuels\/wp-json\/wp\/v2\/pages\/166\/revisions\/722"}],"wp:featuredmedia":[{"embeddable":true,"href":"https:\/\/blogs.univ-tlse2.fr\/espaces-audiovisuels\/wp-json\/wp\/v2\/media\/303"}],"wp:attachment":[{"href":"https:\/\/blogs.univ-tlse2.fr\/espaces-audiovisuels\/wp-json\/wp\/v2\/media?parent=166"}],"curies":[{"name":"wp","href":"https:\/\/api.w.org\/{rel}","templated":true}]}}