 {"id":17,"date":"2021-06-15T16:02:02","date_gmt":"2021-06-15T14:02:02","guid":{"rendered":"https:\/\/blogs.univ-tlse2.fr\/espaces-audiovisuels\/?page_id=17"},"modified":"2022-02-02T22:11:08","modified_gmt":"2022-02-02T21:11:08","slug":"les-espaces-audiovisuels","status":"publish","type":"page","link":"https:\/\/blogs.univ-tlse2.fr\/espaces-audiovisuels\/","title":{"rendered":"Espaces audiovisuels"},"content":{"rendered":"\n<p class=\"has-text-align-left has-black-color has-text-color\"><mark style=\"background-color:#000000\" class=\"has-inline-color has-black-color\">.<\/mark><\/p>\n\n\n\n<p class=\"has-text-align-center has-black-background-color has-text-color has-background has-medium-font-size\" style=\"color:#3ace6b\"><mark style=\"background-color:#000000\" class=\"has-inline-color has-white-color\">Cet \u00e9v\u00e9nement hybride, alliant Recherche et Cr\u00e9ation, se d\u00e9cline en deux volets interd\u00e9pendants\u00a0:<br>un <\/mark><strong><a href=\"#3ace6b\"><mark style=\"background-color:#000000\" class=\"has-inline-color has-vivid-green-cyan-color\">COLLOQUE SCIENTIFIQUE<\/mark><\/a><\/strong><mark style=\"background-color:#000000\" class=\"has-inline-color has-white-color\"> et une <\/mark><strong><a href=\"https:\/\/blogs.univ-tlse2.fr\/espaces-audiovisuels\/expositions\/\"><mark style=\"background-color:#000000\" class=\"has-inline-color has-vivid-cyan-blue-color\">INCURSION ARTISTIQUE<\/mark><\/a><\/strong><mark style=\"background-color:#000000\" class=\"has-inline-color has-white-color\"> .<\/mark><\/p>\n\n\n\n<p class=\"has-white-color has-text-color\">    <\/p>\n\n\n\n<p class=\"has-white-color has-text-color\">        <\/p>\n\n\n\n<p class=\"has-text-align-center has-white-color has-black-background-color has-text-color has-background has-medium-font-size\">Envisag\u00e9 comme une proposition exp\u00e9rimentale,<br>venant engager intervenants et spectateurs dans une appropriation spatiale,<br><mark style=\"background-color:#000000\" class=\"has-inline-color has-white-color\">au-del\u00e0 de sa port\u00e9e scientifique,<br>l\u2019\u00e9v\u00e9nement se d\u00e9roulera ainsi en plusieurs lieux<br>et proposera un ensemble de conf\u00e9rences, projections et expositions.<\/mark><\/p>\n\n\n\n<p><mark style=\"background-color:#000000\" class=\"has-inline-color has-black-color\">.<\/mark><\/p>\n\n\n\n<p class=\"has-text-align-center has-text-color has-medium-font-size\" style=\"color:#d6ceb5\"><em><span style=\"color:#d6ceb5\" class=\"has-inline-color\">Le colloque scientifique s&rsquo;est tenu en pr\u00e9sentiel<\/span>,<\/em><br>vous pouvez visionner les enregistrements des diff\u00e9rentes interventions<br>en cliquant sur le bouton ci-dessous : <\/p>\n\n\n\n<p><mark class=\"has-inline-color has-black-color\"><mark style=\"background-color:#000000\" class=\"has-inline-color has-black-color\">.<\/mark><\/mark><\/p>\n\n\n\n<div class=\"wp-block-buttons is-horizontal is-content-justification-center is-layout-flex wp-container-core-buttons-is-layout-499968f5 wp-block-buttons-is-layout-flex\">\n<div class=\"wp-block-button is-style-fill\"><a class=\"wp-block-button__link has-text-color\" style=\"color:#d6ceb5\">Enregistrements des sessions du colloque<\/a><\/div>\n<\/div>\n\n\n\n<p><mark style=\"background-color:#000000\" class=\"has-inline-color has-black-color\">.<\/mark><\/p>\n\n\n\n<p><mark class=\"has-inline-color has-black-color\"><mark style=\"background-color:#000000\" class=\"has-inline-color has-black-color\">.<\/mark><\/mark><\/p>\n\n\n\n<p><mark class=\"has-inline-color has-black-color\"><mark style=\"background-color:#000000\" class=\"has-inline-color has-black-color\">.<\/mark><\/mark><\/p>\n\n\n\n<p><mark class=\"has-inline-color has-black-color\"><mark style=\"background-color:#000000\" class=\"has-inline-color has-black-color\">.<\/mark><\/mark><\/p>\n\n\n\n<p><\/p>\n\n\n\n<p><\/p>\n\n\n\n<p><\/p>\n\n\n\n<p><\/p>\n\n\n\n<p><\/p>\n","protected":false},"excerpt":{"rendered":"<p>. Cet \u00e9v\u00e9nement hybride, alliant Recherche et Cr\u00e9ation, se d\u00e9cline en deux volets interd\u00e9pendants\u00a0:un COLLOQUE SCIENTIFIQUE et une INCURSION ARTISTIQUE . Envisag\u00e9 comme une proposition exp\u00e9rimentale,venant engager intervenants et spectateurs dans une appropriation spatiale,au-del\u00e0 de sa port\u00e9e scientifique,l\u2019\u00e9v\u00e9nement se d\u00e9roulera ainsi en plusieurs lieuxet proposera un ensemble de conf\u00e9rences, projections et expositions. . Le colloque scientifique s&rsquo;est tenu en pr\u00e9sentiel,vous pouvez visionner les enregistrements des diff\u00e9rentes interventionsen cliquant sur le bouton ci-dessous : . . . . .<\/p>\n","protected":false},"author":963,"featured_media":8,"parent":0,"menu_order":0,"comment_status":"closed","ping_status":"closed","template":"","meta":{"footnotes":""},"class_list":["post-17","page","type-page","status-publish","has-post-thumbnail"],"_links":{"self":[{"href":"https:\/\/blogs.univ-tlse2.fr\/espaces-audiovisuels\/wp-json\/wp\/v2\/pages\/17","targetHints":{"allow":["GET"]}}],"collection":[{"href":"https:\/\/blogs.univ-tlse2.fr\/espaces-audiovisuels\/wp-json\/wp\/v2\/pages"}],"about":[{"href":"https:\/\/blogs.univ-tlse2.fr\/espaces-audiovisuels\/wp-json\/wp\/v2\/types\/page"}],"author":[{"embeddable":true,"href":"https:\/\/blogs.univ-tlse2.fr\/espaces-audiovisuels\/wp-json\/wp\/v2\/users\/963"}],"replies":[{"embeddable":true,"href":"https:\/\/blogs.univ-tlse2.fr\/espaces-audiovisuels\/wp-json\/wp\/v2\/comments?post=17"}],"version-history":[{"count":53,"href":"https:\/\/blogs.univ-tlse2.fr\/espaces-audiovisuels\/wp-json\/wp\/v2\/pages\/17\/revisions"}],"predecessor-version":[{"id":1038,"href":"https:\/\/blogs.univ-tlse2.fr\/espaces-audiovisuels\/wp-json\/wp\/v2\/pages\/17\/revisions\/1038"}],"wp:featuredmedia":[{"embeddable":true,"href":"https:\/\/blogs.univ-tlse2.fr\/espaces-audiovisuels\/wp-json\/wp\/v2\/media\/8"}],"wp:attachment":[{"href":"https:\/\/blogs.univ-tlse2.fr\/espaces-audiovisuels\/wp-json\/wp\/v2\/media?parent=17"}],"curies":[{"name":"wp","href":"https:\/\/api.w.org\/{rel}","templated":true}]}}