 {"id":2,"date":"2021-05-26T08:40:11","date_gmt":"2021-05-26T06:40:11","guid":{"rendered":"https:\/\/blogs.univ-tlse2.fr\/espaces-audiovisuels\/?page_id=2"},"modified":"2021-10-15T14:06:58","modified_gmt":"2021-10-15T12:06:58","slug":"colloque","status":"publish","type":"page","link":"https:\/\/blogs.univ-tlse2.fr\/espaces-audiovisuels\/colloque\/","title":{"rendered":"COLLOQUE"},"content":{"rendered":"\n<p class=\"has-text-align-center has-medium-font-size\"><strong><span style=\"color:#d6ceb5\" class=\"has-inline-color\">Colloque jeunes Chercheur.e.s<\/span><\/strong><\/p>\n\n\n\n<p class=\"has-text-align-center has-medium-font-size\"><strong><span style=\"color:#3ace6b\" class=\"has-inline-color\">Cr\u00e9ation-recherche des espaces audiovisuels :<br>interf\u00e9rences entre cadres de production, processus de conception et choix esth\u00e9tiques<\/span><\/strong><\/p>\n\n\n\n<p class=\"has-text-align-center\"><span class=\"has-inline-color has-white-color\">&#8211; du 15 au 17 novembre 2021 &#8211;<\/span><\/p>\n\n\n\n<p><span class=\"has-inline-color has-black-color\">.<\/span><\/p>\n\n\n\n<p class=\"has-medium-font-size\"><em><span style=\"color:#d6ceb5\" class=\"has-inline-color\">\u00ab Une r\u00e9flexion collaborative sur la question des espaces audio-visuels \u00bb.<\/span><\/em><\/p>\n\n\n\n<p><span class=\"has-inline-color has-white-color\">Dans une perspective interdisciplinaire, alliant des domaines tels que l\u2019histoire des arts, la philosophie, la sociologie et les sciences-politiques, ce colloque propose d\u2019\u00e9tudier les interf\u00e9rences entre les diff\u00e9rents espaces audiovisuels et leur influence sur la cha\u00eene de cr\u00e9ation-r\u00e9ception des \u0153uvres.<\/span><\/p>\n\n\n\n<p><span class=\"has-inline-color has-white-color\">Au cours de la manifestation, il s\u2019agira d\u2019\u00e9tudier les liens entre les choix op\u00e9r\u00e9s en amont et au cours de la cr\u00e9ation et conception de ces espaces, ainsi que leur inscription dans l\u2019espace plus large \u2013 r\u00e9el et th\u00e9orique \u2013 de la soci\u00e9t\u00e9. Nous proposerons ainsi un regard critique sur la constitution des diff\u00e9rents espaces audiovisuels, qu\u2019ils soient physiques (lieux de cr\u00e9ation-diffusion), filmiques (espaces constitutifs de la repr\u00e9sentation) ou encore imaginaires (dans leur interpr\u00e9tation et leur conception).<\/span><\/p>\n\n\n\n<p><span class=\"has-inline-color has-white-color\">Une attention particuli\u00e8re sera port\u00e9e sur les enjeux techniques li\u00e9s \u00e0 la cr\u00e9ation d\u2019espaces audio-visuels, en interrogeant le processus de la conception des espaces \u00e0 leur r\u00e9alisation, et le rapport des techniciens \u00e0 leurs \u0153uvres. Enfin, un pan du colloque sera d\u00e9di\u00e9 \u00e0 la r\u00e9ception et perception, en \u00e9tudiant les espaces physiques de diffusion ainsi que les processus d\u2019interpr\u00e9tations des films.<\/span><\/p>\n\n\n\n<p><span class=\"has-inline-color has-black-color\">.<\/span><\/p>\n\n\n\n<p class=\"has-vivid-cyan-blue-color has-text-color has-medium-font-size\"><span style=\"color:#d6ceb5\" class=\"has-inline-color\"><em>\u00ab Penser et faire le cin\u00e9ma, voil\u00e0 l\u2019articulation qui nourrit historiquement<\/em> <em>la dynamique de recherche de notre \u00e9quipe \u00bb.<\/em><\/span><\/p>\n\n\n\n<p class=\"has-vivid-cyan-blue-color has-text-color\"><span class=\"has-inline-color has-white-color\">Ce colloque est l\u2019occasion d\u2019aborder les approches et sensibilit\u00e9s des cinq axes de l\u2019\u00e9quipe LARA<\/span><a name=\"_ftnref1\" href=\"#_ftn1\">[1]<\/a> <span class=\"has-inline-color has-white-color\">autour d\u2019un sujet f\u00e9d\u00e9rateur et omnipr\u00e9sent dans nos questionnements scientifiques. Il s\u2019agit ici d\u2019inscrire dans l\u2019actualit\u00e9 de la recherche une probl\u00e9matique centrale qui est celle de l\u2019espace, en permettant notamment aux jeunes chercheurs d\u2019en penser les modalit\u00e9s tant sous un angle historique et social, qu\u2019esth\u00e9tique et critique. En ce sens, la structuration du colloque se veut r\u00e9solument tourn\u00e9e vers la compl\u00e9mentarit\u00e9 et l\u2019\u00e9change entre disciplines et chercheurs afin de donner voix \u00e0 chaque maillon de la recherche-cr\u00e9ation : tant scientifique que cr\u00e9ative.<\/span><\/p>\n\n\n\n<p><span class=\"has-inline-color has-white-color\">Ainsi, le colloque sera compos\u00e9 de plusieurs interventions articul\u00e9es autour d\u2019axes th\u00e9matiques : conceptualisation, po\u00efetique, enjeux de repr\u00e9sentations, r\u00e9ception et perception.<\/span><\/p>\n\n\n\n<p><span class=\"has-inline-color has-white-color\">Cette programmation sera compl\u00e9t\u00e9e par une table-ronde qui permettra un \u00e9change entre chercheurs et professionnels (exploitants de salles ind\u00e9pendantes et lieux alternatifs). Ce temps de discussion permettra d\u2019approfondir nos r\u00e9flexions sur les enjeux li\u00e9s \u00e0 la mise en sc\u00e8ne et \u00e0 la cr\u00e9ation d\u2019espaces, notamment concernant les syst\u00e8mes de projection immersifs et nouvelles technologies, mais aussi d\u2019aborder les lieux de projections comme des espaces politiques, vecteurs de rencontres.<\/span><\/p>\n\n\n\n<p><span class=\"has-inline-color has-black-color\">.<\/span><\/p>\n\n\n\n<p class=\"has-medium-font-size\"><span style=\"color:#d6ceb5\" class=\"has-inline-color\"><em>\u00ab&nbsp;La cr\u00e9ation-recherche au c\u0153ur de nos consid\u00e9rations scientifiques&nbsp;\u00bb<\/em><\/span><\/p>\n\n\n\n<p><span class=\"has-inline-color has-white-color\">Nous souhaitons \u00e9galement prolonger la manifestation en ajoutant \u00e0 ce temps de discussions un temps de rencontres plus informelles, avec la proposition de deux soir\u00e9es de projections filmiques mobilisant diff\u00e9rentes acceptions de l\u2019espace cin\u00e9matographique. Plac\u00e9 sous l\u2019\u00e9gide de la recherche-cr\u00e9ation, ce colloque proposera \u00e9galement des espaces d\u2019exposition, o\u00f9 nous accueillerons les propositions d\u2019exp\u00e9rimentations de conceptions spatiales et de dispositifs artistiques.<\/span><\/p>\n\n\n\n<p><span class=\"has-inline-color has-white-color\">Ce colloque est envisag\u00e9 comme une manifestation scientifique compl\u00e8te mais aussi comme une proposition exp\u00e9rimentale venant engager intervenants et spectateurs dans une exp\u00e9rience spatiale. Le colloque se d\u00e9roulera ainsi en plusieurs lieux : des espaces universitaires, mais \u00e9galement des espaces grand public, chacun proposant un lieu de projection et un lieu d\u2019exposition.<\/span><\/p>\n\n\n\n<p><span class=\"has-inline-color has-black-color\">.<\/span><\/p>\n\n\n\n<p class=\"has-vivid-cyan-blue-color has-text-color\"><a name=\"_ftn1\" href=\"#_ftnref1\">[1]<\/a> <em><span class=\"has-inline-color has-white-color\">Les 5 axes de l\u2019\u00e9quipe LARA sont&nbsp;: \u00ab&nbsp;Partage des savoirs&nbsp;\u00bb, \u00ab&nbsp;Transm\u00e9dialit\u00e9 et Hybridations num\u00e9riques&nbsp;\u00bb, \u00ab&nbsp;Herm\u00e9neutique du cin\u00e9ma&nbsp;\u00bb, \u00ab&nbsp;Illusiographies&nbsp;\u00bb et \u00ab&nbsp;Cr\u00e9ation Collective au Cin\u00e9ma&nbsp;\u00bb.<\/span><\/em><\/p>\n\n\n\n<p><span class=\"has-inline-color has-black-color\">.<\/span><\/p>\n\n\n\n<p><span class=\"has-inline-color has-black-color\">.<\/span><\/p>\n\n\n\n<p><span class=\"has-inline-color has-black-color\">.<\/span><\/p>\n","protected":false},"excerpt":{"rendered":"<p>Colloque jeunes Chercheur.e.s Cr\u00e9ation-recherche des espaces audiovisuels :interf\u00e9rences entre cadres de production, processus de conception et choix esth\u00e9tiques &#8211; du 15 au 17 novembre 2021 &#8211; . \u00ab Une r\u00e9flexion collaborative sur la question des espaces audio-visuels \u00bb. Dans une perspective interdisciplinaire, alliant des domaines tels que l\u2019histoire des arts, la philosophie, la sociologie et les sciences-politiques, ce colloque propose d\u2019\u00e9tudier les interf\u00e9rences entre les diff\u00e9rents espaces audiovisuels et leur influence sur la cha\u00eene de cr\u00e9ation-r\u00e9ception des \u0153uvres. Au cours de la manifestation, il s\u2019agira d\u2019\u00e9tudier les liens entre les choix op\u00e9r\u00e9s en amont et au cours de la cr\u00e9ation et conception de ces espaces, ainsi que leur inscription dans l\u2019espace plus large \u2013 r\u00e9el et th\u00e9orique \u2013 de la soci\u00e9t\u00e9. Nous proposerons ainsi un regard critique sur la constitution des diff\u00e9rents espaces audiovisuels, qu\u2019ils soient physiques (lieux de cr\u00e9ation-diffusion), filmiques (espaces constitutifs de la repr\u00e9sentation) ou encore imaginaires (dans&hellip;<\/p>\n<p> <a class=\"more-link\" href=\"https:\/\/blogs.univ-tlse2.fr\/espaces-audiovisuels\/colloque\/\">Lire la suite<\/a><\/p>\n","protected":false},"author":963,"featured_media":303,"parent":0,"menu_order":0,"comment_status":"closed","ping_status":"open","template":"","meta":{"footnotes":""},"class_list":["post-2","page","type-page","status-publish","has-post-thumbnail"],"_links":{"self":[{"href":"https:\/\/blogs.univ-tlse2.fr\/espaces-audiovisuels\/wp-json\/wp\/v2\/pages\/2","targetHints":{"allow":["GET"]}}],"collection":[{"href":"https:\/\/blogs.univ-tlse2.fr\/espaces-audiovisuels\/wp-json\/wp\/v2\/pages"}],"about":[{"href":"https:\/\/blogs.univ-tlse2.fr\/espaces-audiovisuels\/wp-json\/wp\/v2\/types\/page"}],"author":[{"embeddable":true,"href":"https:\/\/blogs.univ-tlse2.fr\/espaces-audiovisuels\/wp-json\/wp\/v2\/users\/963"}],"replies":[{"embeddable":true,"href":"https:\/\/blogs.univ-tlse2.fr\/espaces-audiovisuels\/wp-json\/wp\/v2\/comments?post=2"}],"version-history":[{"count":12,"href":"https:\/\/blogs.univ-tlse2.fr\/espaces-audiovisuels\/wp-json\/wp\/v2\/pages\/2\/revisions"}],"predecessor-version":[{"id":1034,"href":"https:\/\/blogs.univ-tlse2.fr\/espaces-audiovisuels\/wp-json\/wp\/v2\/pages\/2\/revisions\/1034"}],"wp:featuredmedia":[{"embeddable":true,"href":"https:\/\/blogs.univ-tlse2.fr\/espaces-audiovisuels\/wp-json\/wp\/v2\/media\/303"}],"wp:attachment":[{"href":"https:\/\/blogs.univ-tlse2.fr\/espaces-audiovisuels\/wp-json\/wp\/v2\/media?parent=2"}],"curies":[{"name":"wp","href":"https:\/\/api.w.org\/{rel}","templated":true}]}}