 {"id":239,"date":"2021-09-30T13:27:19","date_gmt":"2021-09-30T11:27:19","guid":{"rendered":"https:\/\/blogs.univ-tlse2.fr\/espaces-audiovisuels\/?page_id=239"},"modified":"2021-11-13T10:25:51","modified_gmt":"2021-11-13T09:25:51","slug":"comite-dorganisation","status":"publish","type":"page","link":"https:\/\/blogs.univ-tlse2.fr\/espaces-audiovisuels\/comite-dorganisation\/","title":{"rendered":"Comit\u00e9 d&rsquo;organisation"},"content":{"rendered":"\n<p class=\"has-text-align-center has-medium-font-size\"><strong><span style=\"color:#3ace6b\" class=\"has-inline-color\">COMIT\u00c9 D&rsquo;ORGANISATION &amp; MOD\u00c9RATION<\/span><\/strong><\/p>\n\n\n\n<p><\/p>\n\n\n\n<div class=\"wp-block-columns is-layout-flex wp-container-core-columns-is-layout-9d6595d7 wp-block-columns-is-layout-flex\">\n<div class=\"wp-block-column is-layout-flow wp-block-column-is-layout-flow\">\n<figure class=\"wp-block-image size-large is-resized is-style-rounded\"><a href=\"https:\/\/blogs.univ-tlse2.fr\/espaces-audiovisuels\/olivia-dorado\/\"><img loading=\"lazy\" decoding=\"async\" src=\"https:\/\/blogs.univ-tlse2.fr\/espaces-audiovisuels\/files\/2021\/10\/IMG_20210210_164057_2-880x1024.jpg\" alt=\"\" class=\"wp-image-588\" width=\"220\" height=\"256\" srcset=\"https:\/\/blogs.univ-tlse2.fr\/espaces-audiovisuels\/files\/2021\/10\/IMG_20210210_164057_2-880x1024.jpg 880w, https:\/\/blogs.univ-tlse2.fr\/espaces-audiovisuels\/files\/2021\/10\/IMG_20210210_164057_2-258x300.jpg 258w, https:\/\/blogs.univ-tlse2.fr\/espaces-audiovisuels\/files\/2021\/10\/IMG_20210210_164057_2-768x893.jpg 768w, https:\/\/blogs.univ-tlse2.fr\/espaces-audiovisuels\/files\/2021\/10\/IMG_20210210_164057_2-1320x1536.jpg 1320w, https:\/\/blogs.univ-tlse2.fr\/espaces-audiovisuels\/files\/2021\/10\/IMG_20210210_164057_2-1760x2048.jpg 1760w\" sizes=\"auto, (max-width: 220px) 100vw, 220px\" \/><\/a><figcaption><a rel=\"noreferrer noopener\" href=\"https:\/\/blogs.univ-tlse2.fr\/espaces-audiovisuels\/olivia-dorado\/\" target=\"_blank\"><strong><span style=\"color:#b8baba\" class=\"has-inline-color\">Olivia DORADO<\/span><\/strong><\/a><span style=\"color:#b8baba\" class=\"has-inline-color\"><br><\/span>Doctorante ATER en effets sp\u00e9ciaux sc\u00e9nographiques, esth\u00e9tiques hybrides &amp; d\u00e9cors<\/figcaption><\/figure>\n<\/div>\n\n\n\n<div class=\"wp-block-column is-layout-flow wp-block-column-is-layout-flow\">\n<div class=\"wp-block-image is-style-rounded\"><figure class=\"aligncenter size-full is-resized\"><img loading=\"lazy\" decoding=\"async\" src=\"https:\/\/blogs.univ-tlse2.fr\/espaces-audiovisuels\/files\/2021\/10\/Capture-de\u0301cran-2021-10-29-a\u0300-11.43.48.png\" alt=\"\" class=\"wp-image-814\" width=\"194\" height=\"255\" \/><figcaption><strong><a rel=\"noreferrer noopener\" href=\"https:\/\/blogs.univ-tlse2.fr\/espaces-audiovisuels\/matilda-holloway\/\" target=\"_blank\"><span style=\"color:#b8baba\" class=\"has-inline-color\">Matilda HOLLOWAY<\/span><\/a><\/strong><br>Doctorante charg\u00e9e d&rsquo;enseignement en cr\u00e9ation-recherche audiovisuelle<\/figcaption><\/figure><\/div>\n<\/div>\n\n\n\n<div class=\"wp-block-column is-layout-flow wp-block-column-is-layout-flow\">\n<div class=\"wp-block-image is-style-rounded\"><figure class=\"aligncenter size-full is-resized\"><a href=\"https:\/\/blogs.univ-tlse2.fr\/espaces-audiovisuels\/camille-pierre\/\" target=\"_blank\" rel=\"noopener\"><img loading=\"lazy\" decoding=\"async\" src=\"https:\/\/blogs.univ-tlse2.fr\/espaces-audiovisuels\/files\/2021\/10\/camille-pierre.png\" alt=\"\" class=\"wp-image-590\" width=\"190\" height=\"258\" srcset=\"https:\/\/blogs.univ-tlse2.fr\/espaces-audiovisuels\/files\/2021\/10\/camille-pierre.png 310w, https:\/\/blogs.univ-tlse2.fr\/espaces-audiovisuels\/files\/2021\/10\/camille-pierre-221x300.png 221w\" sizes=\"auto, (max-width: 190px) 100vw, 190px\" \/><\/a><figcaption><strong><a rel=\"noreferrer noopener\" href=\"https:\/\/blogs.univ-tlse2.fr\/espaces-audiovisuels\/camille-pierre\/\" target=\"_blank\"><span style=\"color:#b8baba\" class=\"has-inline-color\">Camille PIERRE<\/span><\/a><\/strong><br>Doctorante charg\u00e9e d&rsquo;enseignement en recherche-cr\u00e9ation cin\u00e9ma et cr\u00e9ation sonore<\/figcaption><\/figure><\/div>\n\n\n\n<p><\/p>\n\n\n\n<p><\/p>\n\n\n\n<p><\/p>\n\n\n\n<p><\/p>\n<\/div>\n\n\n\n<div class=\"wp-block-column is-layout-flow wp-block-column-is-layout-flow\">\n<figure class=\"wp-block-image size-full is-resized is-style-rounded\"><img loading=\"lazy\" decoding=\"async\" src=\"https:\/\/blogs.univ-tlse2.fr\/espaces-audiovisuels\/files\/2021\/11\/Capture-de\u0301cran-2021-11-05-a\u0300-12.25.34.png\" alt=\"\" class=\"wp-image-881\" width=\"201\" height=\"261\" \/><figcaption><strong><a rel=\"noreferrer noopener\" href=\"https:\/\/blogs.univ-tlse2.fr\/espaces-audiovisuels\/thais-vidal\/\" target=\"_blank\"><span style=\"color:#b8baba\" class=\"has-inline-color\">Tha\u00efs VIDAL<\/span><\/a><\/strong><span style=\"color:#b8baba\" class=\"has-inline-color\"><br><\/span>Doctorante charg\u00e9e d&rsquo;enseignement en \u00e9tudes cin\u00e9matographiques<\/figcaption><\/figure>\n<\/div>\n<\/div>\n\n\n\n<p class=\"has-text-align-center has-medium-font-size\"><strong><span style=\"color:#3ace6b\" class=\"has-inline-color\">MOD\u00c9RATION<\/span><\/strong><\/p>\n\n\n\n<div class=\"wp-block-columns is-layout-flex wp-container-core-columns-is-layout-9d6595d7 wp-block-columns-is-layout-flex\">\n<div class=\"wp-block-column is-layout-flow wp-block-column-is-layout-flow\">\n<div class=\"wp-block-image is-style-rounded\"><figure class=\"alignright size-large is-resized\"><a href=\"https:\/\/blogs.univ-tlse2.fr\/espaces-audiovisuels\/maylis-aste\/\" target=\"_blank\" rel=\"noopener\"><img loading=\"lazy\" decoding=\"async\" src=\"https:\/\/blogs.univ-tlse2.fr\/espaces-audiovisuels\/files\/2021\/10\/M.Aste_-678x1024.jpg\" alt=\"\" class=\"wp-image-811\" width=\"167\" height=\"251\" srcset=\"https:\/\/blogs.univ-tlse2.fr\/espaces-audiovisuels\/files\/2021\/10\/M.Aste_-678x1024.jpg 678w, https:\/\/blogs.univ-tlse2.fr\/espaces-audiovisuels\/files\/2021\/10\/M.Aste_-199x300.jpg 199w, https:\/\/blogs.univ-tlse2.fr\/espaces-audiovisuels\/files\/2021\/10\/M.Aste_-768x1159.jpg 768w, https:\/\/blogs.univ-tlse2.fr\/espaces-audiovisuels\/files\/2021\/10\/M.Aste_-1018x1536.jpg 1018w, https:\/\/blogs.univ-tlse2.fr\/espaces-audiovisuels\/files\/2021\/10\/M.Aste_.jpg 1158w\" sizes=\"auto, (max-width: 167px) 100vw, 167px\" \/><\/a><figcaption><strong><a rel=\"noreferrer noopener\" href=\"https:\/\/blogs.univ-tlse2.fr\/espaces-audiovisuels\/maylis-aste\/\" target=\"_blank\"><span style=\"color:#b8baba\" class=\"has-inline-color\">Maylis AST\u00c9<\/span><\/a><\/strong><br>Docteure en \u00c9tudes Rurales<\/figcaption><\/figure><\/div>\n<\/div>\n\n\n\n<div class=\"wp-block-column is-layout-flow wp-block-column-is-layout-flow\">\n<figure class=\"wp-block-image size-full is-resized is-style-rounded\"><img loading=\"lazy\" decoding=\"async\" src=\"https:\/\/blogs.univ-tlse2.fr\/espaces-audiovisuels\/files\/2021\/11\/Capture-de\u0301cran-2021-11-09-a\u0300-18.03.53.png\" alt=\"\" class=\"wp-image-937\" width=\"169\" height=\"255\" \/><figcaption><strong><a rel=\"noreferrer noopener\" href=\"https:\/\/blogs.univ-tlse2.fr\/espaces-audiovisuels\/sebastien-cassin\/\" target=\"_blank\"><span style=\"color:#b8baba\" class=\"has-inline-color\">S\u00e9bastien CASSIN<\/span><\/a><\/strong><br>Designer &amp; chercheur en conception d&rsquo;espace<\/figcaption><\/figure>\n\n\n\n<p><\/p>\n<\/div>\n\n\n\n<div class=\"wp-block-column is-layout-flow wp-block-column-is-layout-flow\">\n<div class=\"wp-block-image is-style-rounded\"><figure class=\"aligncenter size-full is-resized\"><img loading=\"lazy\" decoding=\"async\" src=\"https:\/\/blogs.univ-tlse2.fr\/espaces-audiovisuels\/files\/2021\/11\/Capture-de\u0301cran-2021-11-02-a\u0300-19.45.01.png\" alt=\"\" class=\"wp-image-867\" width=\"176\" height=\"257\" srcset=\"https:\/\/blogs.univ-tlse2.fr\/espaces-audiovisuels\/files\/2021\/11\/Capture-de\u0301cran-2021-11-02-a\u0300-19.45.01.png 318w, https:\/\/blogs.univ-tlse2.fr\/espaces-audiovisuels\/files\/2021\/11\/Capture-de\u0301cran-2021-11-02-a\u0300-19.45.01-206x300.png 206w\" sizes=\"auto, (max-width: 176px) 100vw, 176px\" \/><figcaption><strong><a rel=\"noreferrer noopener\" href=\"https:\/\/blogs.univ-tlse2.fr\/espaces-audiovisuels\/maud-cazaux\/\" target=\"_blank\"><span style=\"color:#b8baba\" class=\"has-inline-color\">Maud CAZAUX<\/span><\/a><\/strong><br>Doctorante en Cin\u00e9ma &amp; artiste-plasticienne<\/figcaption><\/figure><\/div>\n<\/div>\n\n\n\n<div class=\"wp-block-column is-layout-flow wp-block-column-is-layout-flow\">\n<figure class=\"wp-block-image size-full is-resized is-style-rounded\"><img loading=\"lazy\" decoding=\"async\" src=\"https:\/\/blogs.univ-tlse2.fr\/espaces-audiovisuels\/files\/2021\/11\/Capture-de\u0301cran-2021-11-13-a\u0300-10.24.51.png\" alt=\"\" class=\"wp-image-962\" width=\"174\" height=\"254\" srcset=\"https:\/\/blogs.univ-tlse2.fr\/espaces-audiovisuels\/files\/2021\/11\/Capture-de\u0301cran-2021-11-13-a\u0300-10.24.51.png 322w, https:\/\/blogs.univ-tlse2.fr\/espaces-audiovisuels\/files\/2021\/11\/Capture-de\u0301cran-2021-11-13-a\u0300-10.24.51-205x300.png 205w\" sizes=\"auto, (max-width: 174px) 100vw, 174px\" \/><figcaption><strong><a rel=\"noreferrer noopener\" href=\"https:\/\/blogs.univ-tlse2.fr\/espaces-audiovisuels\/mehdi-el-azzam\/\" target=\"_blank\"><span style=\"color:#b8baba\" class=\"has-inline-color\">El Mehdi AZZAM<\/span><\/a><\/strong><br>Doctorant en Cin\u00e9ma &amp; cin\u00e9aste<\/figcaption><\/figure>\n<\/div>\n\n\n\n<div class=\"wp-block-column is-layout-flow wp-block-column-is-layout-flow\">\n<div class=\"wp-block-image is-style-rounded\"><figure class=\"alignleft size-full is-resized\"><img loading=\"lazy\" decoding=\"async\" src=\"https:\/\/blogs.univ-tlse2.fr\/espaces-audiovisuels\/files\/2021\/11\/Capture-de\u0301cran-2021-10-31-a\u0300-20.35.32.png\" alt=\"\" class=\"wp-image-859\" width=\"172\" height=\"250\" \/><figcaption><strong><a rel=\"noreferrer noopener\" href=\"https:\/\/blogs.univ-tlse2.fr\/espaces-audiovisuels\/olga-panella\/\" target=\"_blank\"><span style=\"color:#b8baba\" class=\"has-inline-color\">Olga PANELLA<\/span><\/a><\/strong><br>Doctorante en Arts Plastiques<\/figcaption><\/figure><\/div>\n<\/div>\n<\/div>\n\n\n\n<p class=\"has-medium-font-size\"><\/p>\n\n\n\n<p class=\"has-medium-font-size\"><\/p>\n\n\n\n<p class=\"has-medium-font-size\"><\/p>\n\n\n\n<p><span class=\"has-inline-color has-black-color\">.<\/span><\/p>\n\n\n\n<p><span class=\"has-inline-color has-black-color\">.<\/span><\/p>\n\n\n\n<p><span class=\"has-inline-color has-black-color\">.<\/span><\/p>\n","protected":false},"excerpt":{"rendered":"<p>COMIT\u00c9 D&rsquo;ORGANISATION &amp; MOD\u00c9RATION MOD\u00c9RATION . . .<\/p>\n","protected":false},"author":963,"featured_media":303,"parent":0,"menu_order":0,"comment_status":"closed","ping_status":"closed","template":"","meta":{"footnotes":""},"class_list":["post-239","page","type-page","status-publish","has-post-thumbnail"],"_links":{"self":[{"href":"https:\/\/blogs.univ-tlse2.fr\/espaces-audiovisuels\/wp-json\/wp\/v2\/pages\/239","targetHints":{"allow":["GET"]}}],"collection":[{"href":"https:\/\/blogs.univ-tlse2.fr\/espaces-audiovisuels\/wp-json\/wp\/v2\/pages"}],"about":[{"href":"https:\/\/blogs.univ-tlse2.fr\/espaces-audiovisuels\/wp-json\/wp\/v2\/types\/page"}],"author":[{"embeddable":true,"href":"https:\/\/blogs.univ-tlse2.fr\/espaces-audiovisuels\/wp-json\/wp\/v2\/users\/963"}],"replies":[{"embeddable":true,"href":"https:\/\/blogs.univ-tlse2.fr\/espaces-audiovisuels\/wp-json\/wp\/v2\/comments?post=239"}],"version-history":[{"count":32,"href":"https:\/\/blogs.univ-tlse2.fr\/espaces-audiovisuels\/wp-json\/wp\/v2\/pages\/239\/revisions"}],"predecessor-version":[{"id":964,"href":"https:\/\/blogs.univ-tlse2.fr\/espaces-audiovisuels\/wp-json\/wp\/v2\/pages\/239\/revisions\/964"}],"wp:featuredmedia":[{"embeddable":true,"href":"https:\/\/blogs.univ-tlse2.fr\/espaces-audiovisuels\/wp-json\/wp\/v2\/media\/303"}],"wp:attachment":[{"href":"https:\/\/blogs.univ-tlse2.fr\/espaces-audiovisuels\/wp-json\/wp\/v2\/media?parent=239"}],"curies":[{"name":"wp","href":"https:\/\/api.w.org\/{rel}","templated":true}]}}