 {"id":380,"date":"2021-10-13T18:26:34","date_gmt":"2021-10-13T16:26:34","guid":{"rendered":"https:\/\/blogs.univ-tlse2.fr\/espaces-audiovisuels\/?page_id=380"},"modified":"2021-11-02T19:44:52","modified_gmt":"2021-11-02T18:44:52","slug":"andre-gardies","status":"publish","type":"page","link":"https:\/\/blogs.univ-tlse2.fr\/espaces-audiovisuels\/andre-gardies\/","title":{"rendered":"Andr\u00e9 GARDIES"},"content":{"rendered":"\n<p class=\"has-text-align-center\"><span style=\"color:#3ace6b\" class=\"has-inline-color\">Intervention lundi 15 nov. 2021 \u00e0 9h00<\/span><br><strong><span style=\"color:#3ace6b\" class=\"has-inline-color\">Avant-propos session 1 &#8211; Concevoir l&rsquo;espace narratif suivant un cadre r\u00e9ceptif<\/span><\/strong><\/p>\n\n\n\n<p><span class=\"has-inline-color has-black-color\">.<\/span><\/p>\n\n\n\n<p class=\"has-text-color\" style=\"color:#7891e2\">Professeur d\u2019Etudes cin\u00e9matographiques pendant de nombreuses ann\u00e9es \u00e0 l\u2019universit\u00e9 Lumi\u00e8re\u2013Lyon2, Andr\u00e9 Gardies a publi\u00e9 de nombreux ouvrages consacr\u00e9s au cin\u00e9ma (Alain Robbe-Grillet, L\u2019espace au cin\u00e9ma, Cin\u00e9ma d\u2019Afrique noire francophone, Le r\u00e9cit filmique, etc.).<\/p>\n\n\n\n<p class=\"has-white-color has-text-color\">\u00c0 l\u2019occasion du Centenaire de l\u2019invention du cin\u00e9ma, il cor\u00e9alise en tant que sc\u00e9nariste et expert scientifique un CD-Rom sur les fr\u00e8res Lumi\u00e8re \u00ab\u00a0Le cin\u00e9ma des Lumi\u00e8re\u00a0\u00bb, coproduit par l\u2019agence CAPA pour lequel il obtient le Prix Roberval en 1996.<\/p>\n\n\n\n<p><span class=\"has-inline-color has-black-color\">.<\/span><\/p>\n\n\n\n<p><strong><span style=\"color:#7891e2\" class=\"has-inline-color\">Ouvrages<\/span><\/strong><\/p>\n\n\n\n<p class=\"has-text-color\" style=\"color:#b8baba\"><strong><span class=\"has-inline-color has-white-color\">Chez Klincksieck<\/span><\/strong><br><em>Cin\u00e9mas de la modernit\u00e9<\/em> (avec D. Chateau et F. Jost), Actes du Colloque de Cerisy-la-Salle, 1977<br><em>D\u00e9crire \u00e0 l\u2019\u00e9cran<\/em> &#8211; M\u00e9ridiens-Klincksieck\/Nota Bene, Paris\/Montr\u00e9al, 1999<\/p>\n\n\n\n<p><span class=\"has-inline-color has-white-color\"><strong>Chez<\/strong> <strong>d\u2019autres \u00e9diteurs<\/strong><\/span><span style=\"color:#b8baba\" class=\"has-inline-color\"><br><em>Alain Robbe-Grillet<\/em> &#8211; Seghers, \u00ab Cin\u00e9ma d\u2019aujourd\u2019hui \u00bb, 1972<br><em>Approche du r\u00e9cit filmique<\/em> &#8211; Albatros, 1980<br><em>Le cin\u00e9ma de Robbe-Grillet<\/em> &#8211; Albatros, 1983<br><em>Regards sur le cin\u00e9ma n\u00e9gro-africain<\/em> (avec Pierre Haffner) OCIC, Bruxelles, 1987<br><em>Cin\u00e9ma d\u2019Afrique noire francophone ; l\u2019espace-miroir <\/em>&#8211; L\u2019Harmattan, 1989<br><em>200 mots-cl\u00e9s de la th\u00e9orie du cin\u00e9ma<\/em> (avec Jean Bessalel) &#8211; Cerf, \u00ab 7\u00b0 Art \u00bb, 1992<br><em>L\u2019espace au cin\u00e9ma<\/em> &#8211; M\u00e9ridiens-Klincksieck, 1993.<br><em>Le r\u00e9cit filmique<\/em> &#8211; Hachette, \u00ab Contours litt\u00e9raires \u00bb, 1993<br><em>Le conteur de l\u2019ombre, essais sur la narration filmique<\/em> &#8211; Aleas, Lyon, 1999<br><em>\u00ab\u00a0Yeelen\u00a0\u00bb de Souleymane Ciss\u00e9<\/em>, Sc\u00e9ren\/Cndp, 2011 (livret p\u00e9dagogique sur le film au programme de l\u2019option cin\u00e9ma du bac).<\/span><\/p>\n\n\n\n<p><strong><span class=\"has-inline-color has-white-color\">Romans et r\u00e9cits<\/span><\/strong><span style=\"color:#b8baba\" class=\"has-inline-color\"><br><em>Les Ann\u00e9es de cendres<\/em> &#8211; Editions de Paris\/Max Chaleil, 2005, R\u00e9\u00e9dition : Editions Mogador, 2010, \u00e9ditions Lucien Souny, 2013.<br><em>Le Monde de Juliette<\/em> &#8211; Editions de Paris\/Max Chaleil, 2006, R\u00e9\u00e9dition&nbsp;:\u00e9ditions Lucien Souny, 2014.<br><em>Le Visiteur solitaire<\/em> &#8211; Editions de Paris\/Max Chaleil, 2008 (\u00e9puis\u00e9)<br><em>Le train sous la neige<\/em> &#8211; Edition de la Mouette, mai 2011<br><em>Le vieux C\u00e9venol et l\u2019enfant<\/em> \u2013 Editions du Rouergue, 2013, Prix Lucien Gachon, 2014<br><em>La Source du diable<\/em>, Editions TDO, 2014 (\u00e9puis\u00e9)<br><em>La Baraque du Cheval noir<\/em>, Editions de la Diff\u00e9rence, 2016<br><em>Je t\u2019\u00e9cris du G\u00e9vaudan, ma Loz\u00e8re<\/em> (avec Jacques Mauduy) \u2013 Editions du Mont, 2017<br><em>Derri\u00e8re les ponts<\/em> &#8211; Editions Climats,2002&nbsp;; nouvelle \u00e9dition revue et augment\u00e9e&nbsp;: \u00e9ditions du Mont, 2018<br><em>Les Lys blancs de Clara<\/em>, Chum \u00e9ditions, Avignon, 2018.<\/span><\/p>\n\n\n\n<p><\/p>\n\n\n\n<p><span class=\"has-inline-color has-black-color\">.<\/span><\/p>\n\n\n\n<p><strong><span style=\"color:#7891e2\" class=\"has-inline-color\">CD-Rom<\/span><\/strong><br><span style=\"color:#b8baba\" class=\"has-inline-color\">Le cin\u00e9ma des Lumi\u00e8re (avec Michel Agnola et Christian Straboni), CAPA prod., RMN, Microfolie&rsquo;s, MACT., 1995, Prix Roberval 1997.<\/span><\/p>\n\n\n\n<p><\/p>\n\n\n\n<p><span class=\"has-inline-color has-black-color\">.<\/span><\/p>\n\n\n\n<p><span class=\"has-inline-color has-black-color\">.<\/span><\/p>\n\n\n\n<p><span class=\"has-inline-color has-black-color\">.<\/span><\/p>\n","protected":false},"excerpt":{"rendered":"<p>Intervention lundi 15 nov. 2021 \u00e0 9h00Avant-propos session 1 &#8211; Concevoir l&rsquo;espace narratif suivant un cadre r\u00e9ceptif . Professeur d\u2019Etudes cin\u00e9matographiques pendant de nombreuses ann\u00e9es \u00e0 l\u2019universit\u00e9 Lumi\u00e8re\u2013Lyon2, Andr\u00e9 Gardies a publi\u00e9 de nombreux ouvrages consacr\u00e9s au cin\u00e9ma (Alain Robbe-Grillet, L\u2019espace au cin\u00e9ma, Cin\u00e9ma d\u2019Afrique noire francophone, Le r\u00e9cit filmique, etc.). \u00c0 l\u2019occasion du Centenaire de l\u2019invention du cin\u00e9ma, il cor\u00e9alise en tant que sc\u00e9nariste et expert scientifique un CD-Rom sur les fr\u00e8res Lumi\u00e8re \u00ab\u00a0Le cin\u00e9ma des Lumi\u00e8re\u00a0\u00bb, coproduit par l\u2019agence CAPA pour lequel il obtient le Prix Roberval en 1996. . Ouvrages Chez KlincksieckCin\u00e9mas de la modernit\u00e9 (avec D. Chateau et F. Jost), Actes du Colloque de Cerisy-la-Salle, 1977D\u00e9crire \u00e0 l\u2019\u00e9cran &#8211; M\u00e9ridiens-Klincksieck\/Nota Bene, Paris\/Montr\u00e9al, 1999 Chez d\u2019autres \u00e9diteursAlain Robbe-Grillet &#8211; Seghers, \u00ab Cin\u00e9ma d\u2019aujourd\u2019hui \u00bb, 1972Approche du r\u00e9cit filmique &#8211; Albatros, 1980Le cin\u00e9ma de Robbe-Grillet &#8211; Albatros, 1983Regards sur le cin\u00e9ma n\u00e9gro-africain (avec Pierre Haffner) OCIC, Bruxelles, 1987Cin\u00e9ma&hellip;<\/p>\n<p> <a class=\"more-link\" href=\"https:\/\/blogs.univ-tlse2.fr\/espaces-audiovisuels\/andre-gardies\/\">Lire la suite<\/a><\/p>\n","protected":false},"author":963,"featured_media":303,"parent":0,"menu_order":0,"comment_status":"closed","ping_status":"closed","template":"","meta":{"footnotes":""},"class_list":["post-380","page","type-page","status-publish","has-post-thumbnail"],"_links":{"self":[{"href":"https:\/\/blogs.univ-tlse2.fr\/espaces-audiovisuels\/wp-json\/wp\/v2\/pages\/380","targetHints":{"allow":["GET"]}}],"collection":[{"href":"https:\/\/blogs.univ-tlse2.fr\/espaces-audiovisuels\/wp-json\/wp\/v2\/pages"}],"about":[{"href":"https:\/\/blogs.univ-tlse2.fr\/espaces-audiovisuels\/wp-json\/wp\/v2\/types\/page"}],"author":[{"embeddable":true,"href":"https:\/\/blogs.univ-tlse2.fr\/espaces-audiovisuels\/wp-json\/wp\/v2\/users\/963"}],"replies":[{"embeddable":true,"href":"https:\/\/blogs.univ-tlse2.fr\/espaces-audiovisuels\/wp-json\/wp\/v2\/comments?post=380"}],"version-history":[{"count":11,"href":"https:\/\/blogs.univ-tlse2.fr\/espaces-audiovisuels\/wp-json\/wp\/v2\/pages\/380\/revisions"}],"predecessor-version":[{"id":959,"href":"https:\/\/blogs.univ-tlse2.fr\/espaces-audiovisuels\/wp-json\/wp\/v2\/pages\/380\/revisions\/959"}],"wp:featuredmedia":[{"embeddable":true,"href":"https:\/\/blogs.univ-tlse2.fr\/espaces-audiovisuels\/wp-json\/wp\/v2\/media\/303"}],"wp:attachment":[{"href":"https:\/\/blogs.univ-tlse2.fr\/espaces-audiovisuels\/wp-json\/wp\/v2\/media?parent=380"}],"curies":[{"name":"wp","href":"https:\/\/api.w.org\/{rel}","templated":true}]}}