 {"id":390,"date":"2021-10-13T18:46:12","date_gmt":"2021-10-13T16:46:12","guid":{"rendered":"https:\/\/blogs.univ-tlse2.fr\/espaces-audiovisuels\/?page_id=390"},"modified":"2021-10-29T12:29:48","modified_gmt":"2021-10-29T10:29:48","slug":"olivia-dorado","status":"publish","type":"page","link":"https:\/\/blogs.univ-tlse2.fr\/espaces-audiovisuels\/olivia-dorado\/","title":{"rendered":"Olivia DORADO"},"content":{"rendered":"\n<p><strong><span style=\"color:#7891e2\" class=\"has-inline-color\">Olivia Dorado<\/span><\/strong> <span class=\"has-inline-color has-white-color\">est doctorante ATER \u00e0 l&rsquo;ENSAV (Universit\u00e9 Toulouse 2 Jean Jaur\u00e8s, laboratoire LARA-SEPPIA).<\/span><\/p>\n\n\n\n<p class=\"has-white-color has-text-color\">Ancienne cheffe d\u00e9coratrice, ses recherches portent sur les effets visuels au sein de l\u2019espace sc\u00e9nographique en tant qu\u2019expression d\u2019une esth\u00e9tique identitaire et sur la r\u00e9appropriation d\u2019effets \u00e0 la prise de vue via l\u2019int\u00e9gration d\u2019\u00e9l\u00e9ments technologiques actualis\u00e9s.<\/p>\n\n\n\n<p class=\"has-white-color has-text-color\">Charg\u00e9e d\u2019enseignement en ateliers d&rsquo;exercices pratiques en plateau d\u00e9cor et ateliers d&rsquo;effets sp\u00e9ciaux \u00e0 la prise de vue depuis 2018 \u00e0 l&rsquo;ENSAV, elle est actuellement en poste d&rsquo;ATER \u00e0 l&rsquo;ENSAV.<\/p>\n\n\n\n<p><span class=\"has-inline-color has-black-color\">.<\/span><\/p>\n\n\n\n<p><strong><span style=\"color:#3ace6b\" class=\"has-inline-color\">Intitul\u00e9 de la th\u00e8se : \u00ab\u00a0Effets visuels sc\u00e9nographiques : l&rsquo;expression d&rsquo;une identit\u00e9 filmique par l&rsquo;hybridation\u00a0\u00bb.<\/span><\/strong><\/p>\n\n\n\n<p><strong><span style=\"color:#7891e2\" class=\"has-inline-color\">Publications<\/span><\/strong><br><span style=\"color:#b8baba\" class=\"has-inline-color\"><em>\u00ab\u00a0Construction de l\u2019espace sc\u00e9nographique et ubiquit\u00e9\u00a0\u00bb<\/em>, Entrelacs n\u00b017, Juin 2020<\/span><\/p>\n\n\n\n<p><span style=\"color:#b8baba\" class=\"has-inline-color\">\u00ab\u00a0L\u2019intussusception par l\u2019imitation ou la repr\u00e9sentation dans le d\u00e9cor de film documentaire\u00a0\u00bb<em>, in Esth\u00e9tiques du cin\u00e9ma documentaire<\/em>, ouvrage collectif, Facult\u00e9 Poly-disciplinaire de Ouarzazate, juin 2021<\/span><\/p>\n\n\n\n<p><span style=\"color:#b8baba\" class=\"has-inline-color\"><em>\u00ab\u00a0De l\u2019espace artistique \u00e0 l\u2019espace filmique : h\u00e9t\u00e9rotopies et repr\u00e9sentations\u00a0\u00bb<\/em>, ARLYC20, ouvrage collectif, Univ. Complutense Madrid, L&rsquo;Harmattan <em>[\u00e0 para\u00eetre 2021]<\/em><\/span><\/p>\n\n\n\n<p><span style=\"color:#b8baba\" class=\"has-inline-color\">\u00ab\u00a0Vers l&rsquo;artifice : lire les espaces comme des installations\u00a0\u00bb, in <em>Lynne Cohen<\/em>, ouvrage collectif, Editions MAE Rennes [<em>\u00e0 para\u00eetre 2022]<\/em><\/span><\/p>\n\n\n\n<p><span style=\"color:#b8baba\" class=\"has-inline-color\"><em>\u00ab\u00a0Esth\u00e9tiques sc\u00e9nographiques et illusions perceptives dans l\u2019\u0153uvre de Christopher Nolan\u00a0: une structure identitaire hybride\u00a0\u00bb<\/em>, in <em>L&rsquo;Effet au risque du Genre<\/em> (titre \u00e0 confirmer), PU Rennes, Collec. Spectaculaire <em>[\u00e0 para\u00eetre 2022]<\/em><\/span><\/p>\n\n\n\n<p><span style=\"color:#b8baba\" class=\"has-inline-color\">\u00ab\u00a0La projection frontale : recherche perceptive et dimension immersive d&rsquo;un outil de cr\u00e9ation sc\u00e9nographique composite\u00a0\u00bb, in Actes du colloque De L&rsquo;immersion au cin\u00e9ma, ANR Beauviatech, Universit\u00e9 de Rennes 1<em> [en cours]<\/em><\/span><\/p>\n\n\n\n<p><\/p>\n\n\n\n<p><span class=\"has-inline-color has-black-color\">.<\/span><\/p>\n\n\n\n<p><strong><span style=\"color:#7891e2\" class=\"has-inline-color\">Colloques \/ S\u00e9minaires \/ Journ\u00e9es d&rsquo;\u00e9tude<\/span><\/strong><br><span style=\"color:#b8baba\" class=\"has-inline-color\">Communication \u00ab\u00a0Quand le paysage devient personnage : le statut du d\u00e9cor cin\u00e9matographique dans 2 films \u00e9cologiques\u00a0\u00bb, <em>S\u00e9minaire Approches \u00e9cologiques et sensibles du paysage : pratiques artistiques<\/em>, org. : Ana\u00efs Belchun, LARA-SEPPIA UT2J, 20 sept. 2019<\/span><\/p>\n\n\n\n<p><span style=\"color:#b8baba\" class=\"has-inline-color\">Communication \u00ab\u00a0Construction de l&rsquo;espace sc\u00e9nographique et ubiquit\u00e9\u00a0\u00bb, Colloque Jeunes Chercheurs <em>Enjeux audiovisuels du cin\u00e9ma 360\u00b0 : cadres, hors-champ, montage, diffusion, etc<\/em>., org. : Manuel Siabato, LARA-SEPPIA UT2J, 1 juin 2019<\/span><\/p>\n\n\n\n<p><span style=\"color:#b8baba\" class=\"has-inline-color\">Communication \u00ab\u00a0De l\u2019illusion aux effets sp\u00e9ciaux. Illusion d\u2019un r\u00e9el, existence d\u2019un imaginaire\u00a0\u00bb, Journ\u00e9e d&rsquo;\u00c9tude <em>L&rsquo;Illusion en Jeu<\/em>, org. : Isabelle Labrouill\u00e8re \/ Fr\u00e9d\u00e9ric Tabet, LARA-SEPPIA UT2J, 6 d\u00e9c. 2019<\/span><\/p>\n\n\n\n<p><span style=\"color:#b8baba\" class=\"has-inline-color\">Communication \u00ab\u00a0L&rsquo;intussusception par l&rsquo;imitation ou la repr\u00e9sentation dans le d\u00e9cor de film documentaire\u00a0\u00bb, Congr\u00e8s International <em>Le film documentaire, esth\u00e9tiques et signification<\/em>, org. : Hamid Tbatou, Facult\u00e9 Polydisciplinaire Ouarzazate (Maroc), 20 f\u00e9vr. 2020<\/span><\/p>\n\n\n\n<p><span style=\"color:#b8baba\" class=\"has-inline-color\">Communication \u00ab\u00a0Les effets dans l&rsquo;\u0153uvre de Nolan\u00a0\u00bb, Colloque international <em>L&rsquo;Effet au risque du genre<\/em>, org. : Isabelle Labrouill\u00e8re \/ Fr\u00e9d\u00e9ric Tabet, LARA-SEPPIA UT2J, 6 mars 2020<\/span><\/p>\n\n\n\n<p><span style=\"color:#b8baba\" class=\"has-inline-color\">Communication avec Douha ALAYA (Univ. Carthage) \u00ab\u00a0Conversion de la r\u00e9alit\u00e9 picturale \u00e0 une image cin\u00e9matographique \u00e0 travers l&rsquo;\u0153uvre de V. Van Gogh\u00a0\u00bb, S\u00e9minaire international <em>La cr\u00e9ation \u00e0 l&rsquo;\u0153uvre dans la fiction<\/em> <em>ultra-contemporaine<\/em>, org. : Anne-Marie Reboul (UCM), Universit\u00e9 Complutense Madrid (Espagne), 15 oct. 2020<\/span><\/p>\n\n\n\n<p><span style=\"color:#b8baba\" class=\"has-inline-color\">Pr\u00e9sentation d\u2019un poster scienti<em>fique dans le cadre du S\u00e9minaire Recherche-Cr\u00e9ation, Cr\u00e9ation-Recherche : Cartographie des pratiques I<\/em>, org. : Hilda Inderwildi \/ Patrick Barr\u00e8s, \u00c9cole doctorale Allph@ UT2J, 11 d\u00e9c. 2020<\/span><\/p>\n\n\n\n<p><span style=\"color:#b8baba\" class=\"has-inline-color\">Communication \u00ab\u00a0Vers l&rsquo;artifice : lire les espaces comme des installations\u00a0\u00bb, Journ\u00e9e d&rsquo;\u00c9tude <em>A l&rsquo;\u00e9preuve des apparences. Trouble dans l&rsquo;identification des lieux repr\u00e9sent\u00e9s<\/em>, org. : Master MAE Univ. Rennes 2, 9 avril 2021<\/span><\/p>\n\n\n\n<p><span style=\"color:#b8baba\" class=\"has-inline-color\">Communication \u00ab\u00a0La projection frontale : esth\u00e9tiques di\u00e9g\u00e9tiques et identification spectatorielle\u00a0\u00bb, Colloque International <em>De l&rsquo;Immersion au cin\u00e9ma<\/em>, org. : Jean-Baptiste Massuet \/ Gr\u00e9gory Wallet, ANR Beauviatech, Universit\u00e9 Rennes 1, 20 mai 2021<\/span><\/p>\n\n\n\n<p><span style=\"color:#b8baba\" class=\"has-inline-color\">Communication \u00ab\u00a0Film fantastique et n\u00e9o-r\u00e9tro\u00a0: structuration d\u2019une esth\u00e9tique \u00ab\u00a0techno-nostalgique\u00a0\u00bb par l\u2019incrustation sc\u00e9nographique\u00a0\u00bb, Congr\u00e8s international <em>Fantaelx2021<\/em>, Universit\u00e9 d&rsquo;Elche (Espagne), 25 nov. 2021<\/span><\/p>\n\n\n\n<p><span style=\"color:#b8baba\" class=\"has-inline-color\">Pr\u00e9sentation de carnets de recherche scientifiques<em> dans le cadre du S\u00e9minaire Recherche-Cr\u00e9ation, Cr\u00e9ation-Recherche<\/em>, org. : \u00c9cole doctorale Allph@ UT2J, 10 d\u00e9c. 2021<\/span><\/p>\n\n\n\n<p><span class=\"has-inline-color has-black-color\">.<\/span><\/p>\n\n\n\n<p><span class=\"has-inline-color has-black-color\">.<\/span><\/p>\n\n\n\n<p><span class=\"has-inline-color has-black-color\">.<\/span><\/p>\n","protected":false},"excerpt":{"rendered":"<p>Olivia Dorado est doctorante ATER \u00e0 l&rsquo;ENSAV (Universit\u00e9 Toulouse 2 Jean Jaur\u00e8s, laboratoire LARA-SEPPIA). Ancienne cheffe d\u00e9coratrice, ses recherches portent sur les effets visuels au sein de l\u2019espace sc\u00e9nographique en tant qu\u2019expression d\u2019une esth\u00e9tique identitaire et sur la r\u00e9appropriation d\u2019effets \u00e0 la prise de vue via l\u2019int\u00e9gration d\u2019\u00e9l\u00e9ments technologiques actualis\u00e9s. Charg\u00e9e d\u2019enseignement en ateliers d&rsquo;exercices pratiques en plateau d\u00e9cor et ateliers d&rsquo;effets sp\u00e9ciaux \u00e0 la prise de vue depuis 2018 \u00e0 l&rsquo;ENSAV, elle est actuellement en poste d&rsquo;ATER \u00e0 l&rsquo;ENSAV. . Intitul\u00e9 de la th\u00e8se : \u00ab\u00a0Effets visuels sc\u00e9nographiques : l&rsquo;expression d&rsquo;une identit\u00e9 filmique par l&rsquo;hybridation\u00a0\u00bb. Publications\u00ab\u00a0Construction de l\u2019espace sc\u00e9nographique et ubiquit\u00e9\u00a0\u00bb, Entrelacs n\u00b017, Juin 2020 \u00ab\u00a0L\u2019intussusception par l\u2019imitation ou la repr\u00e9sentation dans le d\u00e9cor de film documentaire\u00a0\u00bb, in Esth\u00e9tiques du cin\u00e9ma documentaire, ouvrage collectif, Facult\u00e9 Poly-disciplinaire de Ouarzazate, juin 2021 \u00ab\u00a0De l\u2019espace artistique \u00e0 l\u2019espace filmique : h\u00e9t\u00e9rotopies et repr\u00e9sentations\u00a0\u00bb, ARLYC20, ouvrage collectif, Univ. Complutense Madrid, L&rsquo;Harmattan [\u00e0 para\u00eetre&hellip;<\/p>\n<p> <a class=\"more-link\" href=\"https:\/\/blogs.univ-tlse2.fr\/espaces-audiovisuels\/olivia-dorado\/\">Lire la suite<\/a><\/p>\n","protected":false},"author":963,"featured_media":303,"parent":0,"menu_order":0,"comment_status":"closed","ping_status":"closed","template":"","meta":{"footnotes":""},"class_list":["post-390","page","type-page","status-publish","has-post-thumbnail"],"_links":{"self":[{"href":"https:\/\/blogs.univ-tlse2.fr\/espaces-audiovisuels\/wp-json\/wp\/v2\/pages\/390","targetHints":{"allow":["GET"]}}],"collection":[{"href":"https:\/\/blogs.univ-tlse2.fr\/espaces-audiovisuels\/wp-json\/wp\/v2\/pages"}],"about":[{"href":"https:\/\/blogs.univ-tlse2.fr\/espaces-audiovisuels\/wp-json\/wp\/v2\/types\/page"}],"author":[{"embeddable":true,"href":"https:\/\/blogs.univ-tlse2.fr\/espaces-audiovisuels\/wp-json\/wp\/v2\/users\/963"}],"replies":[{"embeddable":true,"href":"https:\/\/blogs.univ-tlse2.fr\/espaces-audiovisuels\/wp-json\/wp\/v2\/comments?post=390"}],"version-history":[{"count":5,"href":"https:\/\/blogs.univ-tlse2.fr\/espaces-audiovisuels\/wp-json\/wp\/v2\/pages\/390\/revisions"}],"predecessor-version":[{"id":833,"href":"https:\/\/blogs.univ-tlse2.fr\/espaces-audiovisuels\/wp-json\/wp\/v2\/pages\/390\/revisions\/833"}],"wp:featuredmedia":[{"embeddable":true,"href":"https:\/\/blogs.univ-tlse2.fr\/espaces-audiovisuels\/wp-json\/wp\/v2\/media\/303"}],"wp:attachment":[{"href":"https:\/\/blogs.univ-tlse2.fr\/espaces-audiovisuels\/wp-json\/wp\/v2\/media?parent=390"}],"curies":[{"name":"wp","href":"https:\/\/api.w.org\/{rel}","templated":true}]}}