 {"id":654,"date":"2021-10-28T18:57:59","date_gmt":"2021-10-28T16:57:59","guid":{"rendered":"https:\/\/blogs.univ-tlse2.fr\/espaces-audiovisuels\/?page_id=654"},"modified":"2021-10-29T09:38:18","modified_gmt":"2021-10-29T07:38:18","slug":"catarina-bassotti","status":"publish","type":"page","link":"https:\/\/blogs.univ-tlse2.fr\/espaces-audiovisuels\/catarina-bassotti\/","title":{"rendered":"Catarina BASSOTTI"},"content":{"rendered":"\n<p class=\"has-text-align-center\"><span style=\"color:#3ace6b\" class=\"has-inline-color\"><em>Intervention lundi 15 nov. 2021 \u00e0 17h<\/em>00<br><\/span><strong><span style=\"color:#3ace6b\" class=\"has-inline-color\">\u00ab&nbsp;De la nature sauvage \u00e0 l&rsquo;espace surnaturel avec le cin\u00e9ma latino-am\u00e9ricain contemporain.&nbsp;\u00bb<\/span><\/strong><\/p>\n\n\n\n<p><span class=\"has-inline-color has-black-color\">.<\/span><\/p>\n\n\n\n<p class=\"has-white-color has-text-color\"><span style=\"color:#7891e2\" class=\"has-inline-color\"><strong>C<\/strong><\/span><strong><span style=\"color:#7891e2\" class=\"has-inline-color\">atarina BASSOTTI<\/span> <\/strong>est doctorante contractuelle et charg\u00e9e de cours \u00e0 l&rsquo;Universit\u00e9 Paris 1.<\/p>\n\n\n\n<p class=\"has-white-color has-text-color\">Panth\u00e9on-Sorbonne, attach\u00e9e \u00e0 l&rsquo;Institut ACTE. Elle d\u00e9veloppe une th\u00e8se autour du surnaturel dans le cin\u00e9ma latino-am\u00e9ricain contemporain (2000-2020) sous la direction de Jos\u00e9 Moure. Elle travaille aussi dans une communaut\u00e9 de chercheurs dans un Observatoire m\u00e9diatique nomm\u00e9 \u00ab\u00a0L&rsquo;Appel de la For\u00eat\u00a0\u00bb, et r\u00e9cemment publi\u00e9 un article autour de la repr\u00e9sentation de l&rsquo;Amazonie dans le cin\u00e9ma contemporain. Avant son doctorat, elle avait une pratique en tant que sc\u00e9nariste de cin\u00e9ma et t\u00e9l\u00e9vision au Br\u00e9sil.<\/p>\n\n\n\n<p><span class=\"has-inline-color has-black-color\">.<\/span><\/p>\n\n\n\n<p><span class=\"has-inline-color has-black-color\">.<\/span><\/p>\n","protected":false},"excerpt":{"rendered":"<p>Intervention lundi 15 nov. 2021 \u00e0 17h00\u00ab&nbsp;De la nature sauvage \u00e0 l&rsquo;espace surnaturel avec le cin\u00e9ma latino-am\u00e9ricain contemporain.&nbsp;\u00bb . Catarina BASSOTTI est doctorante contractuelle et charg\u00e9e de cours \u00e0 l&rsquo;Universit\u00e9 Paris 1. Panth\u00e9on-Sorbonne, attach\u00e9e \u00e0 l&rsquo;Institut ACTE. Elle d\u00e9veloppe une th\u00e8se autour du surnaturel dans le cin\u00e9ma latino-am\u00e9ricain contemporain (2000-2020) sous la direction de Jos\u00e9 Moure. Elle travaille aussi dans une communaut\u00e9 de chercheurs dans un Observatoire m\u00e9diatique nomm\u00e9 \u00ab\u00a0L&rsquo;Appel de la For\u00eat\u00a0\u00bb, et r\u00e9cemment publi\u00e9 un article autour de la repr\u00e9sentation de l&rsquo;Amazonie dans le cin\u00e9ma contemporain. Avant son doctorat, elle avait une pratique en tant que sc\u00e9nariste de cin\u00e9ma et t\u00e9l\u00e9vision au Br\u00e9sil. . .<\/p>\n","protected":false},"author":963,"featured_media":303,"parent":0,"menu_order":0,"comment_status":"closed","ping_status":"closed","template":"","meta":{"footnotes":""},"class_list":["post-654","page","type-page","status-publish","has-post-thumbnail"],"_links":{"self":[{"href":"https:\/\/blogs.univ-tlse2.fr\/espaces-audiovisuels\/wp-json\/wp\/v2\/pages\/654","targetHints":{"allow":["GET"]}}],"collection":[{"href":"https:\/\/blogs.univ-tlse2.fr\/espaces-audiovisuels\/wp-json\/wp\/v2\/pages"}],"about":[{"href":"https:\/\/blogs.univ-tlse2.fr\/espaces-audiovisuels\/wp-json\/wp\/v2\/types\/page"}],"author":[{"embeddable":true,"href":"https:\/\/blogs.univ-tlse2.fr\/espaces-audiovisuels\/wp-json\/wp\/v2\/users\/963"}],"replies":[{"embeddable":true,"href":"https:\/\/blogs.univ-tlse2.fr\/espaces-audiovisuels\/wp-json\/wp\/v2\/comments?post=654"}],"version-history":[{"count":8,"href":"https:\/\/blogs.univ-tlse2.fr\/espaces-audiovisuels\/wp-json\/wp\/v2\/pages\/654\/revisions"}],"predecessor-version":[{"id":727,"href":"https:\/\/blogs.univ-tlse2.fr\/espaces-audiovisuels\/wp-json\/wp\/v2\/pages\/654\/revisions\/727"}],"wp:featuredmedia":[{"embeddable":true,"href":"https:\/\/blogs.univ-tlse2.fr\/espaces-audiovisuels\/wp-json\/wp\/v2\/media\/303"}],"wp:attachment":[{"href":"https:\/\/blogs.univ-tlse2.fr\/espaces-audiovisuels\/wp-json\/wp\/v2\/media?parent=654"}],"curies":[{"name":"wp","href":"https:\/\/api.w.org\/{rel}","templated":true}]}}