 {"id":661,"date":"2021-10-28T19:02:10","date_gmt":"2021-10-28T17:02:10","guid":{"rendered":"https:\/\/blogs.univ-tlse2.fr\/espaces-audiovisuels\/?page_id=661"},"modified":"2021-10-29T09:39:50","modified_gmt":"2021-10-29T07:39:50","slug":"karolis-baublys","status":"publish","type":"page","link":"https:\/\/blogs.univ-tlse2.fr\/espaces-audiovisuels\/karolis-baublys\/","title":{"rendered":"Karolis BAUBLYS"},"content":{"rendered":"\n<p class=\"has-text-align-center has-text-color\" style=\"color:#0071a1\"><span style=\"color:#3ace6b\" class=\"has-inline-color\"><em>Intervention lundi 15 nov. 2021 \u00e0 1<\/em>0h45<br><\/span><strong><span style=\"color:#3ace6b\" class=\"has-inline-color\">\u00ab&nbsp;Le bord de mer comme espace synesth\u00e9sique : le cas de <em>D\u00e9sert rouge<\/em> de Michelangelo Antonioni.&nbsp;\u00bb<\/span><\/strong><\/p>\n\n\n\n<p><span class=\"has-inline-color has-black-color\">.<\/span><\/p>\n\n\n\n<p><span style=\"color:#7891e2\" class=\"has-inline-color\"><strong>Karolis BAUBLYS<\/strong><\/span> <span class=\"has-inline-color has-white-color\">est un doctorant en \u00e9tudes cin\u00e9matographiques et audiovisuelles \u00e0 Aix-Marseille universit\u00e9. Il pr\u00e9pare actuellement sa th\u00e8se de doctorat Polyphonies aquatiques du cin\u00e9ma. Le concept du film-sir\u00e8ne sous la direction de professeur Jean-Michel DURAFOUR (Ecole doctorale 354 Langage, lettres et arts; Laboratoire d\u2019Etudes en Sciences des Arts (LESA EA3274). Les champs de recherche : cin\u00e9ma et les autres expressions artistiques (peinture, litt\u00e9rature, musique), les adaptations cin\u00e9matographiques de la litt\u00e9rature, th\u00e9orie et esth\u00e9tique de l\u2019image, po\u00e9tique des quatre \u00e9l\u00e9ments, herm\u00e9neutique du cin\u00e9ma.<\/span><\/p>\n\n\n\n<p><span class=\"has-inline-color has-black-color\">.<\/span><\/p>\n\n\n\n<p><span class=\"has-inline-color has-black-color\">.<\/span><\/p>\n","protected":false},"excerpt":{"rendered":"<p>Intervention lundi 15 nov. 2021 \u00e0 10h45\u00ab&nbsp;Le bord de mer comme espace synesth\u00e9sique : le cas de D\u00e9sert rouge de Michelangelo Antonioni.&nbsp;\u00bb . Karolis BAUBLYS est un doctorant en \u00e9tudes cin\u00e9matographiques et audiovisuelles \u00e0 Aix-Marseille universit\u00e9. Il pr\u00e9pare actuellement sa th\u00e8se de doctorat Polyphonies aquatiques du cin\u00e9ma. Le concept du film-sir\u00e8ne sous la direction de professeur Jean-Michel DURAFOUR (Ecole doctorale 354 Langage, lettres et arts; Laboratoire d\u2019Etudes en Sciences des Arts (LESA EA3274). Les champs de recherche : cin\u00e9ma et les autres expressions artistiques (peinture, litt\u00e9rature, musique), les adaptations cin\u00e9matographiques de la litt\u00e9rature, th\u00e9orie et esth\u00e9tique de l\u2019image, po\u00e9tique des quatre \u00e9l\u00e9ments, herm\u00e9neutique du cin\u00e9ma. . .<\/p>\n","protected":false},"author":963,"featured_media":303,"parent":0,"menu_order":0,"comment_status":"closed","ping_status":"closed","template":"","meta":{"footnotes":""},"class_list":["post-661","page","type-page","status-publish","has-post-thumbnail"],"_links":{"self":[{"href":"https:\/\/blogs.univ-tlse2.fr\/espaces-audiovisuels\/wp-json\/wp\/v2\/pages\/661","targetHints":{"allow":["GET"]}}],"collection":[{"href":"https:\/\/blogs.univ-tlse2.fr\/espaces-audiovisuels\/wp-json\/wp\/v2\/pages"}],"about":[{"href":"https:\/\/blogs.univ-tlse2.fr\/espaces-audiovisuels\/wp-json\/wp\/v2\/types\/page"}],"author":[{"embeddable":true,"href":"https:\/\/blogs.univ-tlse2.fr\/espaces-audiovisuels\/wp-json\/wp\/v2\/users\/963"}],"replies":[{"embeddable":true,"href":"https:\/\/blogs.univ-tlse2.fr\/espaces-audiovisuels\/wp-json\/wp\/v2\/comments?post=661"}],"version-history":[{"count":4,"href":"https:\/\/blogs.univ-tlse2.fr\/espaces-audiovisuels\/wp-json\/wp\/v2\/pages\/661\/revisions"}],"predecessor-version":[{"id":728,"href":"https:\/\/blogs.univ-tlse2.fr\/espaces-audiovisuels\/wp-json\/wp\/v2\/pages\/661\/revisions\/728"}],"wp:featuredmedia":[{"embeddable":true,"href":"https:\/\/blogs.univ-tlse2.fr\/espaces-audiovisuels\/wp-json\/wp\/v2\/media\/303"}],"wp:attachment":[{"href":"https:\/\/blogs.univ-tlse2.fr\/espaces-audiovisuels\/wp-json\/wp\/v2\/media?parent=661"}],"curies":[{"name":"wp","href":"https:\/\/api.w.org\/{rel}","templated":true}]}}