 {"id":665,"date":"2021-10-28T19:05:32","date_gmt":"2021-10-28T17:05:32","guid":{"rendered":"https:\/\/blogs.univ-tlse2.fr\/espaces-audiovisuels\/?page_id=665"},"modified":"2021-10-29T09:40:47","modified_gmt":"2021-10-29T07:40:47","slug":"clement-beuchillot","status":"publish","type":"page","link":"https:\/\/blogs.univ-tlse2.fr\/espaces-audiovisuels\/clement-beuchillot\/","title":{"rendered":"Cl\u00e9ment BEUCHILLOT"},"content":{"rendered":"\n<p class=\"has-text-align-center\"><span style=\"color:#3ace6b\" class=\"has-inline-color\"><em>Intervention lundi 15 nov. 2021 \u00e0 10h15 <\/em><\/span><br><strong><span style=\"color:#3ace6b\" class=\"has-inline-color\">\u00ab\u00a0Po\u00ef\u00e9tique et censure : interf\u00e9rences entre \u00e9rotisme et espaces repr\u00e9sent\u00e9es chez Tatsumi Kumashiro.\u00a0\u00bb<\/span><\/strong><\/p>\n\n\n\n<p><span class=\"has-inline-color has-black-color\">.<\/span><\/p>\n\n\n\n<p><strong><span style=\"color:#7891e2\" class=\"has-inline-color\">Cl\u00e9ment Beuchillot<\/span><\/strong> <span class=\"has-inline-color has-white-color\">est doctorant en quatri\u00e8me ann\u00e9e de th\u00e8se, son sujet est \u00ab\u00a0Po\u00e9tique de la censure : souci esth\u00e9tique et \u00e9rotique du corps nu dans le cin\u00e9ma japonais de 1968 \u00e0 1976\u00a0\u00bb, sous la direction Jean-Michel Durafour.<br>Il a pu intervenir sur Tatsumi Kumashiro \u00e0 Nancy en 2018 pour un colloque \u00ab Corps et Pouvoir \u00bb, sur le jeu vid\u00e9o Hashino au sein de la journ\u00e9e d\u2019\u00e9tude Montaigne in Game par l\u2019universit\u00e9 Bordeaux Montaigne ou encore sur le cin\u00e9ma eschatologique d\u2019Alfonso Cuaron de nouveau \u00e0 l\u2019universit\u00e9 Bordeaux Montaigne.<\/span><\/p>\n\n\n\n<p><span class=\"has-inline-color has-black-color\">.<\/span><\/p>\n\n\n\n<p><span class=\"has-inline-color has-black-color\">.<\/span><\/p>\n","protected":false},"excerpt":{"rendered":"<p>Intervention lundi 15 nov. 2021 \u00e0 10h15 \u00ab\u00a0Po\u00ef\u00e9tique et censure : interf\u00e9rences entre \u00e9rotisme et espaces repr\u00e9sent\u00e9es chez Tatsumi Kumashiro.\u00a0\u00bb . Cl\u00e9ment Beuchillot est doctorant en quatri\u00e8me ann\u00e9e de th\u00e8se, son sujet est \u00ab\u00a0Po\u00e9tique de la censure : souci esth\u00e9tique et \u00e9rotique du corps nu dans le cin\u00e9ma japonais de 1968 \u00e0 1976\u00a0\u00bb, sous la direction Jean-Michel Durafour.Il a pu intervenir sur Tatsumi Kumashiro \u00e0 Nancy en 2018 pour un colloque \u00ab Corps et Pouvoir \u00bb, sur le jeu vid\u00e9o Hashino au sein de la journ\u00e9e d\u2019\u00e9tude Montaigne in Game par l\u2019universit\u00e9 Bordeaux Montaigne ou encore sur le cin\u00e9ma eschatologique d\u2019Alfonso Cuaron de nouveau \u00e0 l\u2019universit\u00e9 Bordeaux Montaigne. . .<\/p>\n","protected":false},"author":963,"featured_media":303,"parent":0,"menu_order":0,"comment_status":"closed","ping_status":"closed","template":"","meta":{"footnotes":""},"class_list":["post-665","page","type-page","status-publish","has-post-thumbnail"],"_links":{"self":[{"href":"https:\/\/blogs.univ-tlse2.fr\/espaces-audiovisuels\/wp-json\/wp\/v2\/pages\/665","targetHints":{"allow":["GET"]}}],"collection":[{"href":"https:\/\/blogs.univ-tlse2.fr\/espaces-audiovisuels\/wp-json\/wp\/v2\/pages"}],"about":[{"href":"https:\/\/blogs.univ-tlse2.fr\/espaces-audiovisuels\/wp-json\/wp\/v2\/types\/page"}],"author":[{"embeddable":true,"href":"https:\/\/blogs.univ-tlse2.fr\/espaces-audiovisuels\/wp-json\/wp\/v2\/users\/963"}],"replies":[{"embeddable":true,"href":"https:\/\/blogs.univ-tlse2.fr\/espaces-audiovisuels\/wp-json\/wp\/v2\/comments?post=665"}],"version-history":[{"count":2,"href":"https:\/\/blogs.univ-tlse2.fr\/espaces-audiovisuels\/wp-json\/wp\/v2\/pages\/665\/revisions"}],"predecessor-version":[{"id":729,"href":"https:\/\/blogs.univ-tlse2.fr\/espaces-audiovisuels\/wp-json\/wp\/v2\/pages\/665\/revisions\/729"}],"wp:featuredmedia":[{"embeddable":true,"href":"https:\/\/blogs.univ-tlse2.fr\/espaces-audiovisuels\/wp-json\/wp\/v2\/media\/303"}],"wp:attachment":[{"href":"https:\/\/blogs.univ-tlse2.fr\/espaces-audiovisuels\/wp-json\/wp\/v2\/media?parent=665"}],"curies":[{"name":"wp","href":"https:\/\/api.w.org\/{rel}","templated":true}]}}