 {"id":667,"date":"2021-10-28T19:08:33","date_gmt":"2021-10-28T17:08:33","guid":{"rendered":"https:\/\/blogs.univ-tlse2.fr\/espaces-audiovisuels\/?page_id=667"},"modified":"2021-10-29T09:43:06","modified_gmt":"2021-10-29T07:43:06","slug":"charlotte-brady-savignac","status":"publish","type":"page","link":"https:\/\/blogs.univ-tlse2.fr\/espaces-audiovisuels\/charlotte-brady-savignac\/","title":{"rendered":"Charlotte BRADY-SAVIGNAC"},"content":{"rendered":"\n<p class=\"has-text-align-center\"><span style=\"color:#3ace6b\" class=\"has-inline-color\"><em>Intervention lundi 15 nov. 2021 \u00e0 11h30 <\/em><\/span><br><strong><span style=\"color:#3ace6b\" class=\"has-inline-color\">\u00ab\u00a0Court-circuiter le panoramique : temps et espaces multipli\u00e9s dans <em>Fernsehturm<\/em> (2001) de Tacita Dean.\u00a0\u00bb<\/span><\/strong><\/p>\n\n\n\n<p><span class=\"has-inline-color has-black-color\">.<\/span><\/p>\n\n\n\n<p><strong><span style=\"color:#7891e2\" class=\"has-inline-color\">Charlotte Brady-Savignac<\/span><\/strong> <span class=\"has-inline-color has-white-color\">est candidate au doctorat en \u00e9tudes cin\u00e9matographiques (CRSH 2018-2022) \u00e0 l\u2019Universit\u00e9 de Montr\u00e9al, sous la direction du professeur titulaire Serge Cardinal. Sa th\u00e8se porte sur la r\u00e9p\u00e9tition et la musicalit\u00e9 du complexe audio-visuel dans les pratiques installatives contemporaines.<\/span><br><span class=\"has-inline-color has-white-color\">Ayant pr\u00e9alablement compl\u00e9t\u00e9 une ma\u00eetrise en cin\u00e9ma au sujet des interf\u00e9rences entre le cin\u00e9ma structurel et la musique r\u00e9p\u00e9titive sous la m\u00eame direction, elle s\u2019implique \u00e0 titre d\u2019auxiliaire de recherche au sein du groupe international et interdisciplinaire <em>Archiver le pr\u00e9sent ? Imaginaire de l\u2019exhaustivit\u00e9 dans les productions culturelles contemporaines<\/em>, projet sous la responsabilit\u00e9 des professeurs Bertrand Gervais (UQ\u00c0M), Joanne Lalonde (UQ\u00c0M) et Alexandra Saemmer (Paris 8).<\/span><br><span class=\"has-inline-color has-white-color\">Elle est par ailleurs membre du laboratoire de recherche-cr\u00e9ation La cr\u00e9ation sonore. Cin\u00e9ma, arts m\u00e9diatiques, arts du son, co-dirig\u00e9 par les professeurs Fr\u00e9d\u00e9ric Dallaire-Tremblay et Serge Cardinal, contribuant \u00e0 un ouvrage collectif sur le son au cin\u00e9ma (\u00e0 para\u00eetre, 2022). Elle est aussi membre de l\u2019Observatoire interdisciplinaire de cr\u00e9ation et de recherche en musique (OICRM) et du comit\u00e9 de r\u00e9daction de la revue Hors champ.<\/span><\/p>\n\n\n\n<p><span class=\"has-inline-color has-black-color\">.<\/span><\/p>\n\n\n\n<p><span class=\"has-inline-color has-black-color\">.<\/span><\/p>\n","protected":false},"excerpt":{"rendered":"<p>Intervention lundi 15 nov. 2021 \u00e0 11h30 \u00ab\u00a0Court-circuiter le panoramique : temps et espaces multipli\u00e9s dans Fernsehturm (2001) de Tacita Dean.\u00a0\u00bb . Charlotte Brady-Savignac est candidate au doctorat en \u00e9tudes cin\u00e9matographiques (CRSH 2018-2022) \u00e0 l\u2019Universit\u00e9 de Montr\u00e9al, sous la direction du professeur titulaire Serge Cardinal. Sa th\u00e8se porte sur la r\u00e9p\u00e9tition et la musicalit\u00e9 du complexe audio-visuel dans les pratiques installatives contemporaines.Ayant pr\u00e9alablement compl\u00e9t\u00e9 une ma\u00eetrise en cin\u00e9ma au sujet des interf\u00e9rences entre le cin\u00e9ma structurel et la musique r\u00e9p\u00e9titive sous la m\u00eame direction, elle s\u2019implique \u00e0 titre d\u2019auxiliaire de recherche au sein du groupe international et interdisciplinaire Archiver le pr\u00e9sent ? Imaginaire de l\u2019exhaustivit\u00e9 dans les productions culturelles contemporaines, projet sous la responsabilit\u00e9 des professeurs Bertrand Gervais (UQ\u00c0M), Joanne Lalonde (UQ\u00c0M) et Alexandra Saemmer (Paris 8).Elle est par ailleurs membre du laboratoire de recherche-cr\u00e9ation La cr\u00e9ation sonore. Cin\u00e9ma, arts m\u00e9diatiques, arts du son, co-dirig\u00e9 par les professeurs Fr\u00e9d\u00e9ric Dallaire-Tremblay&hellip;<\/p>\n<p> <a class=\"more-link\" href=\"https:\/\/blogs.univ-tlse2.fr\/espaces-audiovisuels\/charlotte-brady-savignac\/\">Lire la suite<\/a><\/p>\n","protected":false},"author":963,"featured_media":303,"parent":0,"menu_order":0,"comment_status":"closed","ping_status":"closed","template":"","meta":{"footnotes":""},"class_list":["post-667","page","type-page","status-publish","has-post-thumbnail"],"_links":{"self":[{"href":"https:\/\/blogs.univ-tlse2.fr\/espaces-audiovisuels\/wp-json\/wp\/v2\/pages\/667","targetHints":{"allow":["GET"]}}],"collection":[{"href":"https:\/\/blogs.univ-tlse2.fr\/espaces-audiovisuels\/wp-json\/wp\/v2\/pages"}],"about":[{"href":"https:\/\/blogs.univ-tlse2.fr\/espaces-audiovisuels\/wp-json\/wp\/v2\/types\/page"}],"author":[{"embeddable":true,"href":"https:\/\/blogs.univ-tlse2.fr\/espaces-audiovisuels\/wp-json\/wp\/v2\/users\/963"}],"replies":[{"embeddable":true,"href":"https:\/\/blogs.univ-tlse2.fr\/espaces-audiovisuels\/wp-json\/wp\/v2\/comments?post=667"}],"version-history":[{"count":5,"href":"https:\/\/blogs.univ-tlse2.fr\/espaces-audiovisuels\/wp-json\/wp\/v2\/pages\/667\/revisions"}],"predecessor-version":[{"id":732,"href":"https:\/\/blogs.univ-tlse2.fr\/espaces-audiovisuels\/wp-json\/wp\/v2\/pages\/667\/revisions\/732"}],"wp:featuredmedia":[{"embeddable":true,"href":"https:\/\/blogs.univ-tlse2.fr\/espaces-audiovisuels\/wp-json\/wp\/v2\/media\/303"}],"wp:attachment":[{"href":"https:\/\/blogs.univ-tlse2.fr\/espaces-audiovisuels\/wp-json\/wp\/v2\/media?parent=667"}],"curies":[{"name":"wp","href":"https:\/\/api.w.org\/{rel}","templated":true}]}}