 {"id":671,"date":"2021-10-28T19:11:24","date_gmt":"2021-10-28T17:11:24","guid":{"rendered":"https:\/\/blogs.univ-tlse2.fr\/espaces-audiovisuels\/?page_id=671"},"modified":"2021-10-28T20:24:53","modified_gmt":"2021-10-28T18:24:53","slug":"syrine-farhat","status":"publish","type":"page","link":"https:\/\/blogs.univ-tlse2.fr\/espaces-audiovisuels\/syrine-farhat\/","title":{"rendered":"Syrine FARHAT"},"content":{"rendered":"\n<p class=\"has-text-align-center\"><span style=\"color:#3ace6b\" class=\"has-inline-color\"><em>Intervention lundi 15 nov. 2021 \u00e0 9h45 <\/em><\/span><br><strong><span style=\"color:#3ace6b\" class=\"has-inline-color\">\u00ab\u00a0Le processus de r\u00e9ception \/ perception de l\u2019espace \u00e0 travers des adaptations cin\u00e9matographiques du mythe d\u2019Hercule.\u00a0\u00bb<\/span><\/strong><\/p>\n\n\n\n<p><span class=\"has-inline-color has-black-color\">.<\/span><\/p>\n\n\n\n<p><strong><span style=\"color:#7891e2\" class=\"has-inline-color\">Syrine Farhat<\/span><\/strong> <span class=\"has-inline-color has-white-color\">est enseignante en sciences du langage \u00e0 l\u2019Institut Sup\u00e9rieur des Etudes Appliqu\u00e9es en Humanit\u00e9s, Universit\u00e9 de GAFSA, Tunisie. Auteure d\u2019une th\u00e8se de doctorat en linguistique (soutenue en 2020) intitul\u00e9e : <em>Pour une grammaire du discours dans la Bande Dessin\u00e9e et dans le Septi\u00e8me Art \u00e0 travers l\u2019analyse de l\u2019image d\u2019un h\u00e9ros de la mythologie grecque : Hercule.<\/em><\/span><\/p>\n\n\n\n<p><span class=\"has-inline-color has-black-color\">.<\/span><\/p>\n\n\n\n<p><span class=\"has-inline-color has-black-color\">.<\/span><\/p>\n","protected":false},"excerpt":{"rendered":"<p>Intervention lundi 15 nov. 2021 \u00e0 9h45 \u00ab\u00a0Le processus de r\u00e9ception \/ perception de l\u2019espace \u00e0 travers des adaptations cin\u00e9matographiques du mythe d\u2019Hercule.\u00a0\u00bb . Syrine Farhat est enseignante en sciences du langage \u00e0 l\u2019Institut Sup\u00e9rieur des Etudes Appliqu\u00e9es en Humanit\u00e9s, Universit\u00e9 de GAFSA, Tunisie. Auteure d\u2019une th\u00e8se de doctorat en linguistique (soutenue en 2020) intitul\u00e9e : Pour une grammaire du discours dans la Bande Dessin\u00e9e et dans le Septi\u00e8me Art \u00e0 travers l\u2019analyse de l\u2019image d\u2019un h\u00e9ros de la mythologie grecque : Hercule. . .<\/p>\n","protected":false},"author":963,"featured_media":303,"parent":0,"menu_order":0,"comment_status":"closed","ping_status":"closed","template":"","meta":{"footnotes":""},"class_list":["post-671","page","type-page","status-publish","has-post-thumbnail"],"_links":{"self":[{"href":"https:\/\/blogs.univ-tlse2.fr\/espaces-audiovisuels\/wp-json\/wp\/v2\/pages\/671","targetHints":{"allow":["GET"]}}],"collection":[{"href":"https:\/\/blogs.univ-tlse2.fr\/espaces-audiovisuels\/wp-json\/wp\/v2\/pages"}],"about":[{"href":"https:\/\/blogs.univ-tlse2.fr\/espaces-audiovisuels\/wp-json\/wp\/v2\/types\/page"}],"author":[{"embeddable":true,"href":"https:\/\/blogs.univ-tlse2.fr\/espaces-audiovisuels\/wp-json\/wp\/v2\/users\/963"}],"replies":[{"embeddable":true,"href":"https:\/\/blogs.univ-tlse2.fr\/espaces-audiovisuels\/wp-json\/wp\/v2\/comments?post=671"}],"version-history":[{"count":2,"href":"https:\/\/blogs.univ-tlse2.fr\/espaces-audiovisuels\/wp-json\/wp\/v2\/pages\/671\/revisions"}],"predecessor-version":[{"id":673,"href":"https:\/\/blogs.univ-tlse2.fr\/espaces-audiovisuels\/wp-json\/wp\/v2\/pages\/671\/revisions\/673"}],"wp:featuredmedia":[{"embeddable":true,"href":"https:\/\/blogs.univ-tlse2.fr\/espaces-audiovisuels\/wp-json\/wp\/v2\/media\/303"}],"wp:attachment":[{"href":"https:\/\/blogs.univ-tlse2.fr\/espaces-audiovisuels\/wp-json\/wp\/v2\/media?parent=671"}],"curies":[{"name":"wp","href":"https:\/\/api.w.org\/{rel}","templated":true}]}}