 {"id":674,"date":"2021-10-28T19:16:09","date_gmt":"2021-10-28T17:16:09","guid":{"rendered":"https:\/\/blogs.univ-tlse2.fr\/espaces-audiovisuels\/?page_id=674"},"modified":"2021-10-28T20:25:25","modified_gmt":"2021-10-28T18:25:25","slug":"luc-gelinas","status":"publish","type":"page","link":"https:\/\/blogs.univ-tlse2.fr\/espaces-audiovisuels\/luc-gelinas\/","title":{"rendered":"Luc G\u00c9LINAS"},"content":{"rendered":"\n<p class=\"has-text-align-center\"><span style=\"color:#3ace6b\" class=\"has-inline-color\"><em>Intervention lundi 15 nov. 2021 \u00e0 16h15 <\/em><\/span><br><strong><span style=\"color:#3ace6b\" class=\"has-inline-color\">\u00ab\u00a0La maison de l\u2019enfance : l\u2019histoire comme m\u00e9moire, image dialectique entre \u00ab l\u2019autrefois et le maintenant \u00bb.\u00a0\u00bb<\/span><\/strong><\/p>\n\n\n\n<p><span class=\"has-inline-color has-black-color\">.<\/span><\/p>\n\n\n\n<p><strong><span style=\"color:#7891e2\" class=\"has-inline-color\">Luc G\u00e9linas<\/span><\/strong>, <span class=\"has-inline-color has-white-color\">Universit\u00e9 de Montr\u00e9al. Il \u00e9tudie <em>La narration po\u00e9tique de la maison au-del\u00e0 des fronti\u00e8res chez Angelopoulos, Kieslowski et Tarkovski<\/em>, titre de sa recherche au doctorat.<br>Inscrit au doctorat depuis 2018 \u00e0 temps partiel, il est en pr\u00e9paration de son examen synth\u00e8se \u00e0 l\u2019automne 2021. Il enseigne comme charg\u00e9 de cours \u00e0 l\u2019Universit\u00e9 de Montr\u00e9al depuis 20 ans (2001). Il est \u00e9galement professeur de cin\u00e9ma au C\u00e9gep de Sorel-Tracy depuis 15 ans (2006), et a enseign\u00e9 \u00e0 l\u2019Universit\u00e9 Laval (Qu\u00e9bec), au C\u00e9gep Garneau (Qu\u00e9bec) et C\u00e9gep Marie-Victorin (Montr\u00e9al).<br>Il a particip\u00e9 \u00e0 son premier colloque de la FSAC-AC\u00c9C (Association Canadienne des \u00c9tudes Cin\u00e9matographiques) en 2019 dans le cadre du Congr\u00e8s des sciences humaines qui s\u2019est tenu du 1er au 7 juin \u00e0 Vancouver sous le th\u00e8me \u00ab Cercles de conversation \u00bb. Sa communication portait sur <em>Fixer l&rsquo;espace-temps comme narration chez Tarkovski<\/em>.<\/span><\/p>\n\n\n\n<p><span class=\"has-inline-color has-black-color\">.<\/span><\/p>\n\n\n\n<p><span class=\"has-inline-color has-black-color\">.<\/span><\/p>\n","protected":false},"excerpt":{"rendered":"<p>Intervention lundi 15 nov. 2021 \u00e0 16h15 \u00ab\u00a0La maison de l\u2019enfance : l\u2019histoire comme m\u00e9moire, image dialectique entre \u00ab l\u2019autrefois et le maintenant \u00bb.\u00a0\u00bb . Luc G\u00e9linas, Universit\u00e9 de Montr\u00e9al. Il \u00e9tudie La narration po\u00e9tique de la maison au-del\u00e0 des fronti\u00e8res chez Angelopoulos, Kieslowski et Tarkovski, titre de sa recherche au doctorat.Inscrit au doctorat depuis 2018 \u00e0 temps partiel, il est en pr\u00e9paration de son examen synth\u00e8se \u00e0 l\u2019automne 2021. Il enseigne comme charg\u00e9 de cours \u00e0 l\u2019Universit\u00e9 de Montr\u00e9al depuis 20 ans (2001). Il est \u00e9galement professeur de cin\u00e9ma au C\u00e9gep de Sorel-Tracy depuis 15 ans (2006), et a enseign\u00e9 \u00e0 l\u2019Universit\u00e9 Laval (Qu\u00e9bec), au C\u00e9gep Garneau (Qu\u00e9bec) et C\u00e9gep Marie-Victorin (Montr\u00e9al).Il a particip\u00e9 \u00e0 son premier colloque de la FSAC-AC\u00c9C (Association Canadienne des \u00c9tudes Cin\u00e9matographiques) en 2019 dans le cadre du Congr\u00e8s des sciences humaines qui s\u2019est tenu du 1er au 7 juin \u00e0 Vancouver sous le th\u00e8me&hellip;<\/p>\n<p> <a class=\"more-link\" href=\"https:\/\/blogs.univ-tlse2.fr\/espaces-audiovisuels\/luc-gelinas\/\">Lire la suite<\/a><\/p>\n","protected":false},"author":963,"featured_media":303,"parent":0,"menu_order":0,"comment_status":"closed","ping_status":"closed","template":"","meta":{"footnotes":""},"class_list":["post-674","page","type-page","status-publish","has-post-thumbnail"],"_links":{"self":[{"href":"https:\/\/blogs.univ-tlse2.fr\/espaces-audiovisuels\/wp-json\/wp\/v2\/pages\/674","targetHints":{"allow":["GET"]}}],"collection":[{"href":"https:\/\/blogs.univ-tlse2.fr\/espaces-audiovisuels\/wp-json\/wp\/v2\/pages"}],"about":[{"href":"https:\/\/blogs.univ-tlse2.fr\/espaces-audiovisuels\/wp-json\/wp\/v2\/types\/page"}],"author":[{"embeddable":true,"href":"https:\/\/blogs.univ-tlse2.fr\/espaces-audiovisuels\/wp-json\/wp\/v2\/users\/963"}],"replies":[{"embeddable":true,"href":"https:\/\/blogs.univ-tlse2.fr\/espaces-audiovisuels\/wp-json\/wp\/v2\/comments?post=674"}],"version-history":[{"count":2,"href":"https:\/\/blogs.univ-tlse2.fr\/espaces-audiovisuels\/wp-json\/wp\/v2\/pages\/674\/revisions"}],"predecessor-version":[{"id":676,"href":"https:\/\/blogs.univ-tlse2.fr\/espaces-audiovisuels\/wp-json\/wp\/v2\/pages\/674\/revisions\/676"}],"wp:featuredmedia":[{"embeddable":true,"href":"https:\/\/blogs.univ-tlse2.fr\/espaces-audiovisuels\/wp-json\/wp\/v2\/media\/303"}],"wp:attachment":[{"href":"https:\/\/blogs.univ-tlse2.fr\/espaces-audiovisuels\/wp-json\/wp\/v2\/media?parent=674"}],"curies":[{"name":"wp","href":"https:\/\/api.w.org\/{rel}","templated":true}]}}