 {"id":681,"date":"2021-10-28T19:27:03","date_gmt":"2021-10-28T17:27:03","guid":{"rendered":"https:\/\/blogs.univ-tlse2.fr\/espaces-audiovisuels\/?page_id=681"},"modified":"2021-10-29T09:45:05","modified_gmt":"2021-10-29T07:45:05","slug":"marilena-karra","status":"publish","type":"page","link":"https:\/\/blogs.univ-tlse2.fr\/espaces-audiovisuels\/marilena-karra\/","title":{"rendered":"Marilena KARRA"},"content":{"rendered":"\n<p class=\"has-text-align-center\"><span style=\"color:#3ace6b\" class=\"has-inline-color\"><em>Intervention lundi 15 nov. 2021 \u00e0 15h15 <\/em><\/span><br><strong><span style=\"color:#3ace6b\" class=\"has-inline-color\">\u00ab\u00a0G\u00e9ohistoire(s) chez Jean-Luc Godard : faire le cin\u00e9ma une place sur la terre.\u00a0\u00bb<\/span><\/strong><\/p>\n\n\n\n<p><span class=\"has-inline-color has-black-color\">.<\/span><\/p>\n\n\n\n<p><strong><span style=\"color:#7891e2\" class=\"has-inline-color\">Marilena KARRA<\/span><\/strong> <span class=\"has-inline-color has-white-color\">est doctorante en philosophie \u00e0 l\u2019Universit\u00e9 Toulouse II Jean Jaur\u00e8s en cotutelle avec l\u2019Universit\u00e9 Panteion de Sciences Sociales et Politiques \u00e0 Ath\u00e8nes, et charg\u00e9e de cours \u00e0 l\u2019Universit\u00e9 Toulouse II (depuis 2020), et \u00e0 l\u2019Universit\u00e9 Panteion (depuis 2019). Son projet de th\u00e8se porte sur l\u2019\u0153uvre cin\u00e9matographique de Jean-Luc Godard, Histoire(s) du cin\u00e9ma (directrices de th\u00e8se : Chryssanthi AVLAMI, Aline WIAME). Ses publications couvrent un spectre de sujets. \u00c0 pr\u00e9sent elle consacre ses travaux de recherche \u00e0 la question de la figure, de la violence et de l\u2019histoire philosophique.<\/span><\/p>\n\n\n\n<p><span class=\"has-inline-color has-black-color\">.<\/span><\/p>\n\n\n\n<p><strong><span style=\"color:#7891e2\" class=\"has-inline-color\">Communications r\u00e9centes<\/span><\/strong><br><span style=\"color:#b8baba\" class=\"has-inline-color\">Communication au colloque <em>Autobiographie : la d\u00e9pense, l\u2019exc\u00e8s. XX\u00e8me rencontre de l\u2019Observatoire Scientifique de la m\u00e9moire \u00e9crite, orale et iconographique<\/em>, intitul\u00e9e \u00ab <em>Jean-Luc Godard : L\u2019autobiographie en tant que devenir-machine<\/em> \u00bb, organis\u00e9e par Mediapolis.Europa en collaboration avec la revue scientifique Mn\u00e9mosyne, Presses universitaires de Louvain et l\u2019Academia Belgica (Rome, 30 juin, 1 et 2 juillet 2021)<\/span><\/p>\n\n\n\n<p><span style=\"color:#b8baba\" class=\"has-inline-color\">Communication au webinaire <em>Mythes et discours, entre l\u2019 \u00ab in<\/em>ter \u00bb et le \u00ab trans \u00bb, intitul\u00e9e \u00ab Orph\u00e9e : le mythe comme lieu de rencontre du cin\u00e9ma et de l\u2019histoire \u00bb, organis\u00e9 par l\u2019Universit\u00e9 Mohamed Khider de Biskra \u2013 Alg\u00e9rie (26-27 mai 2021)<\/span><\/p>\n\n\n\n<p><span style=\"color:#b8baba\" class=\"has-inline-color\">Communication au s\u00e9minaire du LESPHI \u00ab <em>L\u2019\u00e9v\u00e9nement co<\/em>mme propagation violente des affects \u00bb, sous l\u2019\u00e9gide de D\u00e9partement de Philosophie, Universit\u00e9 Toulouse II Jean Jaur\u00e8s (9 mars 2020)<\/span><\/p>\n\n\n\n<p><span class=\"has-inline-color has-black-color\">.<\/span><\/p>\n\n\n\n<p><span class=\"has-inline-color has-black-color\">.<\/span><\/p>\n","protected":false},"excerpt":{"rendered":"<p>Intervention lundi 15 nov. 2021 \u00e0 15h15 \u00ab\u00a0G\u00e9ohistoire(s) chez Jean-Luc Godard : faire le cin\u00e9ma une place sur la terre.\u00a0\u00bb . Marilena KARRA est doctorante en philosophie \u00e0 l\u2019Universit\u00e9 Toulouse II Jean Jaur\u00e8s en cotutelle avec l\u2019Universit\u00e9 Panteion de Sciences Sociales et Politiques \u00e0 Ath\u00e8nes, et charg\u00e9e de cours \u00e0 l\u2019Universit\u00e9 Toulouse II (depuis 2020), et \u00e0 l\u2019Universit\u00e9 Panteion (depuis 2019). Son projet de th\u00e8se porte sur l\u2019\u0153uvre cin\u00e9matographique de Jean-Luc Godard, Histoire(s) du cin\u00e9ma (directrices de th\u00e8se : Chryssanthi AVLAMI, Aline WIAME). Ses publications couvrent un spectre de sujets. \u00c0 pr\u00e9sent elle consacre ses travaux de recherche \u00e0 la question de la figure, de la violence et de l\u2019histoire philosophique. . Communications r\u00e9centesCommunication au colloque Autobiographie : la d\u00e9pense, l\u2019exc\u00e8s. XX\u00e8me rencontre de l\u2019Observatoire Scientifique de la m\u00e9moire \u00e9crite, orale et iconographique, intitul\u00e9e \u00ab Jean-Luc Godard : L\u2019autobiographie en tant que devenir-machine \u00bb, organis\u00e9e par Mediapolis.Europa en collaboration avec&hellip;<\/p>\n<p> <a class=\"more-link\" href=\"https:\/\/blogs.univ-tlse2.fr\/espaces-audiovisuels\/marilena-karra\/\">Lire la suite<\/a><\/p>\n","protected":false},"author":963,"featured_media":303,"parent":0,"menu_order":0,"comment_status":"closed","ping_status":"closed","template":"","meta":{"footnotes":""},"class_list":["post-681","page","type-page","status-publish","has-post-thumbnail"],"_links":{"self":[{"href":"https:\/\/blogs.univ-tlse2.fr\/espaces-audiovisuels\/wp-json\/wp\/v2\/pages\/681","targetHints":{"allow":["GET"]}}],"collection":[{"href":"https:\/\/blogs.univ-tlse2.fr\/espaces-audiovisuels\/wp-json\/wp\/v2\/pages"}],"about":[{"href":"https:\/\/blogs.univ-tlse2.fr\/espaces-audiovisuels\/wp-json\/wp\/v2\/types\/page"}],"author":[{"embeddable":true,"href":"https:\/\/blogs.univ-tlse2.fr\/espaces-audiovisuels\/wp-json\/wp\/v2\/users\/963"}],"replies":[{"embeddable":true,"href":"https:\/\/blogs.univ-tlse2.fr\/espaces-audiovisuels\/wp-json\/wp\/v2\/comments?post=681"}],"version-history":[{"count":5,"href":"https:\/\/blogs.univ-tlse2.fr\/espaces-audiovisuels\/wp-json\/wp\/v2\/pages\/681\/revisions"}],"predecessor-version":[{"id":734,"href":"https:\/\/blogs.univ-tlse2.fr\/espaces-audiovisuels\/wp-json\/wp\/v2\/pages\/681\/revisions\/734"}],"wp:featuredmedia":[{"embeddable":true,"href":"https:\/\/blogs.univ-tlse2.fr\/espaces-audiovisuels\/wp-json\/wp\/v2\/media\/303"}],"wp:attachment":[{"href":"https:\/\/blogs.univ-tlse2.fr\/espaces-audiovisuels\/wp-json\/wp\/v2\/media?parent=681"}],"curies":[{"name":"wp","href":"https:\/\/api.w.org\/{rel}","templated":true}]}}