 {"id":686,"date":"2021-10-28T19:33:42","date_gmt":"2021-10-28T17:33:42","guid":{"rendered":"https:\/\/blogs.univ-tlse2.fr\/espaces-audiovisuels\/?page_id=686"},"modified":"2021-10-29T09:45:40","modified_gmt":"2021-10-29T07:45:40","slug":"guy-claude-marie","status":"publish","type":"page","link":"https:\/\/blogs.univ-tlse2.fr\/espaces-audiovisuels\/guy-claude-marie\/","title":{"rendered":"Guy-Claude MARIE"},"content":{"rendered":"\n<p class=\"has-text-align-center\"><span style=\"color:#3ace6b\" class=\"has-inline-color\"><em>Intervention lundi 15 nov. 2021 \u00e0 15h45 <\/em><\/span><br><strong><span style=\"color:#3ace6b\" class=\"has-inline-color\">\u00ab\u00a0De l\u2019espace dans la forme cin\u00e9matographique qu\u2019est l\u2019essai&nbsp;: le cin\u00e9ma de Guy Debord.\u00a0\u00bb<\/span><\/strong><\/p>\n\n\n\n<p><span class=\"has-inline-color has-black-color\">.<\/span><\/p>\n\n\n\n<p><strong><span style=\"color:#7891e2\" class=\"has-inline-color\">Guy-Claude Marie<\/span><\/strong> <span class=\"has-inline-color has-white-color\">est essayiste et docteur en cin\u00e9ma, sa carri\u00e8re professionnelle fut essentiellement consacr\u00e9e \u00e0 la programmation et \u00e0 l&rsquo;animation d&rsquo;une salle de cin\u00e9ma (\u00ab\u00a0Le Crat\u00e8re\u00a0\u00bb \u00e0 Toulouse). Il fut membre pendant une dizaine d\u2019ann\u00e9es du Conseil d\u2019Administration du Groupement National des cin\u00e9mas de Recherche.<\/span><\/p>\n\n\n\n<p><span class=\"has-inline-color has-white-color\">Il r\u00e9alise la premi\u00e8re th\u00e8se sur le cin\u00e9ma de Guy Debord et devient\u00a0docteur en \u00c9tudes cin\u00e9matographiques et audiovisuelles de l\u2019ENSAV de Toulouse en 2008.\u00a0Il a assur\u00e9 entre 2013 et 2018 quelques s\u00e9minaires sur le cin\u00e9ma de Guy Debord et de l\u2019essai en g\u00e9n\u00e9ral en Master Recherche et Exp\u00e9rimentation de l&rsquo;ENSAV.\u00a0Il est aussi initiateur du projet de recherche <em>\u00ab\u00a0imago<\/em>publica<em>\u00ab\u00a0<\/em> et de l\u2019association \u00e9ponyme dont le but est de promouvoir, d\u00e9velopper, accompagner ou initier toute action culturelle, d\u2019\u00e9ducation, de recherche et de cr\u00e9ation artistique dans le champ de l\u2019essai en cin\u00e9ma.<\/span><\/p>\n\n\n\n<p><span class=\"has-inline-color has-black-color\">.<\/span><span class=\"has-inline-color has-white-color\"><br>Il est en cours de cr\u00e9ation d\u2019un Carnet de Recherches sur la plate-forme <em>Hypoth\u00e8ses.org<\/em><\/span><\/p>\n\n\n\n<p><strong><span style=\"color:#7891e2\" class=\"has-inline-color\">Publications<\/span><\/strong><br><span style=\"color:#b8baba\" class=\"has-inline-color\"><em>Guy DEBORD : de son cin\u00e9ma en son art et en son temps<\/em>, Paris, 2009, Editions VRIN.<\/span><\/p>\n\n\n\n<p><span style=\"color:#b8baba\" class=\"has-inline-color\"><em>Dictionnaire Sade<\/em>, collectif sous la direction de Christian Lacombe, Paris 2021, Editions L\u2019Harmattan. (J\u2019y \u00e9cris deux notules-15 pages- sur les \u00e9vocations de Sade dans l\u2019\u0153uvre de Guy Debord).<\/span><\/p>\n\n\n\n<p><span class=\"has-inline-color has-black-color\">.<\/span><\/p>\n\n\n\n<p><span class=\"has-inline-color has-black-color\">.<\/span><\/p>\n","protected":false},"excerpt":{"rendered":"<p>Intervention lundi 15 nov. 2021 \u00e0 15h45 \u00ab\u00a0De l\u2019espace dans la forme cin\u00e9matographique qu\u2019est l\u2019essai&nbsp;: le cin\u00e9ma de Guy Debord.\u00a0\u00bb . Guy-Claude Marie est essayiste et docteur en cin\u00e9ma, sa carri\u00e8re professionnelle fut essentiellement consacr\u00e9e \u00e0 la programmation et \u00e0 l&rsquo;animation d&rsquo;une salle de cin\u00e9ma (\u00ab\u00a0Le Crat\u00e8re\u00a0\u00bb \u00e0 Toulouse). Il fut membre pendant une dizaine d\u2019ann\u00e9es du Conseil d\u2019Administration du Groupement National des cin\u00e9mas de Recherche. Il r\u00e9alise la premi\u00e8re th\u00e8se sur le cin\u00e9ma de Guy Debord et devient\u00a0docteur en \u00c9tudes cin\u00e9matographiques et audiovisuelles de l\u2019ENSAV de Toulouse en 2008.\u00a0Il a assur\u00e9 entre 2013 et 2018 quelques s\u00e9minaires sur le cin\u00e9ma de Guy Debord et de l\u2019essai en g\u00e9n\u00e9ral en Master Recherche et Exp\u00e9rimentation de l&rsquo;ENSAV.\u00a0Il est aussi initiateur du projet de recherche \u00ab\u00a0imagopublica\u00ab\u00a0 et de l\u2019association \u00e9ponyme dont le but est de promouvoir, d\u00e9velopper, accompagner ou initier toute action culturelle, d\u2019\u00e9ducation, de recherche et de cr\u00e9ation artistique dans le&hellip;<\/p>\n<p> <a class=\"more-link\" href=\"https:\/\/blogs.univ-tlse2.fr\/espaces-audiovisuels\/guy-claude-marie\/\">Lire la suite<\/a><\/p>\n","protected":false},"author":963,"featured_media":303,"parent":0,"menu_order":0,"comment_status":"closed","ping_status":"closed","template":"","meta":{"footnotes":""},"class_list":["post-686","page","type-page","status-publish","has-post-thumbnail"],"_links":{"self":[{"href":"https:\/\/blogs.univ-tlse2.fr\/espaces-audiovisuels\/wp-json\/wp\/v2\/pages\/686","targetHints":{"allow":["GET"]}}],"collection":[{"href":"https:\/\/blogs.univ-tlse2.fr\/espaces-audiovisuels\/wp-json\/wp\/v2\/pages"}],"about":[{"href":"https:\/\/blogs.univ-tlse2.fr\/espaces-audiovisuels\/wp-json\/wp\/v2\/types\/page"}],"author":[{"embeddable":true,"href":"https:\/\/blogs.univ-tlse2.fr\/espaces-audiovisuels\/wp-json\/wp\/v2\/users\/963"}],"replies":[{"embeddable":true,"href":"https:\/\/blogs.univ-tlse2.fr\/espaces-audiovisuels\/wp-json\/wp\/v2\/comments?post=686"}],"version-history":[{"count":4,"href":"https:\/\/blogs.univ-tlse2.fr\/espaces-audiovisuels\/wp-json\/wp\/v2\/pages\/686\/revisions"}],"predecessor-version":[{"id":735,"href":"https:\/\/blogs.univ-tlse2.fr\/espaces-audiovisuels\/wp-json\/wp\/v2\/pages\/686\/revisions\/735"}],"wp:featuredmedia":[{"embeddable":true,"href":"https:\/\/blogs.univ-tlse2.fr\/espaces-audiovisuels\/wp-json\/wp\/v2\/media\/303"}],"wp:attachment":[{"href":"https:\/\/blogs.univ-tlse2.fr\/espaces-audiovisuels\/wp-json\/wp\/v2\/media?parent=686"}],"curies":[{"name":"wp","href":"https:\/\/api.w.org\/{rel}","templated":true}]}}