 {"id":697,"date":"2021-10-28T19:53:32","date_gmt":"2021-10-28T17:53:32","guid":{"rendered":"https:\/\/blogs.univ-tlse2.fr\/espaces-audiovisuels\/?page_id=697"},"modified":"2021-10-28T20:26:45","modified_gmt":"2021-10-28T18:26:45","slug":"jean-chateauvert","status":"publish","type":"page","link":"https:\/\/blogs.univ-tlse2.fr\/espaces-audiovisuels\/jean-chateauvert\/","title":{"rendered":"Jean CH\u00c2TEAUVERT"},"content":{"rendered":"\n<p class=\"has-text-align-center\"><span style=\"color:#3ace6b\" class=\"has-inline-color\"><em>Intervention mardi 16 nov. 2021 \u00e0 16h00 <\/em><\/span><br><strong><span style=\"color:#3ace6b\" class=\"has-inline-color\">\u00ab\u00a0Quand les m\u00e9dias s\u2019invitent (un peu plus) dans le quotidien.\u00a0\u00bb<\/span><\/strong><\/p>\n\n\n\n<p><span class=\"has-inline-color has-black-color\">.<\/span><\/p>\n\n\n\n<p class=\"has-white-color has-text-color\"><strong><span style=\"color:#7891e2\" class=\"has-inline-color\">Jean Ch\u00e2teauvert<\/span><\/strong> est professeur et enseigne la cr\u00e9ation audiovisuelle \u00e0 l\u2019Universit\u00e9 du Qu\u00e9bec \u00e0 Chicoutimi.<\/p>\n\n\n\n<p><span class=\"has-inline-color has-white-color\">Il poursuit une recherche sur l\u2019audiovisuel sur le Web (\u00ab Le vlog pour espace de communication \u00bb, <em>Communiquer. Revue de communication sociale et publique<\/em>, 2021 ;\u00ab R\u00e9cit s\u00e9riel sur le web : le : le temps du \u00ab tu \u00bb \u00bb, <em>T\u00e9l\u00e9vision<\/em>, 2020 ; \u00ab Youtubeurs : l\u2019exp\u00e9rience de l\u2019interrnaute \u00bb, <em>\u00c9tudes Digitales<\/em> (2019) ; \u00ab Youtubeurs et webs\u00e9ries : un temps pour commenter \u00bb, <em>Communiquer. Revue de communication sociale et publique<\/em>, 2019 ; \u00ab Vis \u00e0 vis : quand Solange te parle \u00bb, <em>Les formes audiovisuelles connect\u00e9es. Pratiques de cr\u00e9ation et exp\u00e9riences spectatorielles <\/em>(2018) ; \u00ab Les<br>s\u00e9ries Web : Les fronti\u00e8res de la fiction \u00bb, <em>R\u00e9seaux<\/em> (2016); \u00ab Les nouvelles plateformes de diffusion. L\u2019exp\u00e9rience spectatorielle \u00bb, <em>D\u2019un \u00e9cran \u00e0 l\u2019autre : les mutations du spectateur <\/em>(2016); \u00ab Web Series Archives : The Case of The Guild \u00bb, <em>The Archives. Post-Cinema and Videogame Between Memory and the Image of the Present<\/em> (2014).<\/span><\/p>\n\n\n\n<p><span class=\"has-inline-color has-black-color\">.<\/span><\/p>\n\n\n\n<p><span class=\"has-inline-color has-black-color\">.<\/span><\/p>\n","protected":false},"excerpt":{"rendered":"<p>Intervention mardi 16 nov. 2021 \u00e0 16h00 \u00ab\u00a0Quand les m\u00e9dias s\u2019invitent (un peu plus) dans le quotidien.\u00a0\u00bb . Jean Ch\u00e2teauvert est professeur et enseigne la cr\u00e9ation audiovisuelle \u00e0 l\u2019Universit\u00e9 du Qu\u00e9bec \u00e0 Chicoutimi. Il poursuit une recherche sur l\u2019audiovisuel sur le Web (\u00ab Le vlog pour espace de communication \u00bb, Communiquer. Revue de communication sociale et publique, 2021 ;\u00ab R\u00e9cit s\u00e9riel sur le web : le : le temps du \u00ab tu \u00bb \u00bb, T\u00e9l\u00e9vision, 2020 ; \u00ab Youtubeurs : l\u2019exp\u00e9rience de l\u2019interrnaute \u00bb, \u00c9tudes Digitales (2019) ; \u00ab Youtubeurs et webs\u00e9ries : un temps pour commenter \u00bb, Communiquer. Revue de communication sociale et publique, 2019 ; \u00ab Vis \u00e0 vis : quand Solange te parle \u00bb, Les formes audiovisuelles connect\u00e9es. Pratiques de cr\u00e9ation et exp\u00e9riences spectatorielles (2018) ; \u00ab Less\u00e9ries Web : Les fronti\u00e8res de la fiction \u00bb, R\u00e9seaux (2016); \u00ab Les nouvelles plateformes de diffusion. L\u2019exp\u00e9rience spectatorielle \u00bb,&hellip;<\/p>\n<p> <a class=\"more-link\" href=\"https:\/\/blogs.univ-tlse2.fr\/espaces-audiovisuels\/jean-chateauvert\/\">Lire la suite<\/a><\/p>\n","protected":false},"author":963,"featured_media":303,"parent":0,"menu_order":0,"comment_status":"closed","ping_status":"closed","template":"","meta":{"footnotes":""},"class_list":["post-697","page","type-page","status-publish","has-post-thumbnail"],"_links":{"self":[{"href":"https:\/\/blogs.univ-tlse2.fr\/espaces-audiovisuels\/wp-json\/wp\/v2\/pages\/697","targetHints":{"allow":["GET"]}}],"collection":[{"href":"https:\/\/blogs.univ-tlse2.fr\/espaces-audiovisuels\/wp-json\/wp\/v2\/pages"}],"about":[{"href":"https:\/\/blogs.univ-tlse2.fr\/espaces-audiovisuels\/wp-json\/wp\/v2\/types\/page"}],"author":[{"embeddable":true,"href":"https:\/\/blogs.univ-tlse2.fr\/espaces-audiovisuels\/wp-json\/wp\/v2\/users\/963"}],"replies":[{"embeddable":true,"href":"https:\/\/blogs.univ-tlse2.fr\/espaces-audiovisuels\/wp-json\/wp\/v2\/comments?post=697"}],"version-history":[{"count":2,"href":"https:\/\/blogs.univ-tlse2.fr\/espaces-audiovisuels\/wp-json\/wp\/v2\/pages\/697\/revisions"}],"predecessor-version":[{"id":699,"href":"https:\/\/blogs.univ-tlse2.fr\/espaces-audiovisuels\/wp-json\/wp\/v2\/pages\/697\/revisions\/699"}],"wp:featuredmedia":[{"embeddable":true,"href":"https:\/\/blogs.univ-tlse2.fr\/espaces-audiovisuels\/wp-json\/wp\/v2\/media\/303"}],"wp:attachment":[{"href":"https:\/\/blogs.univ-tlse2.fr\/espaces-audiovisuels\/wp-json\/wp\/v2\/media?parent=697"}],"curies":[{"name":"wp","href":"https:\/\/api.w.org\/{rel}","templated":true}]}}