 {"id":700,"date":"2021-10-28T19:56:49","date_gmt":"2021-10-28T17:56:49","guid":{"rendered":"https:\/\/blogs.univ-tlse2.fr\/espaces-audiovisuels\/?page_id=700"},"modified":"2021-10-28T20:27:02","modified_gmt":"2021-10-28T18:27:02","slug":"lea-chevalier","status":"publish","type":"page","link":"https:\/\/blogs.univ-tlse2.fr\/espaces-audiovisuels\/lea-chevalier\/","title":{"rendered":"L\u00e9a CHEVALIER"},"content":{"rendered":"\n<p class=\"has-text-align-center\"><span style=\"color:#3ace6b\" class=\"has-inline-color\"><em>Intervention mardi 16 nov. 2021 \u00e0 10h15 <\/em><\/span><br><strong><span style=\"color:#3ace6b\" class=\"has-inline-color\">\u00ab\u00a0Les d\u00e9cors dits naturels de Bernard Evein<\/span><\/strong><br><strong><span style=\"color:#3ace6b\" class=\"has-inline-color\">\u00c9tude du processus technique et cr\u00e9atif d\u2019un d\u00e9corateur de cin\u00e9ma (1950-1960).\u00a0\u00bb<\/span><\/strong><\/p>\n\n\n\n<p><span class=\"has-inline-color has-black-color\">.<\/span><\/p>\n\n\n\n<p><strong><span style=\"color:#7891e2\" class=\"has-inline-color\">L\u00e9a Chevalier<\/span><\/strong> <span class=\"has-inline-color has-white-color\">est doctorante allocataire \u00e0 l\u2019universit\u00e9 Caen-Normandie, membre du laboratoire LASLAR \u2013 EA4256 (Lettres, Arts du Spectacle et Langues Romanes), et \u00e0 Lausanne UNIL.<br>Chercheuse invit\u00e9e puis associ\u00e9e \u00e0 la Cin\u00e9math\u00e8que fran\u00e7aise (Bourse Jean-Baptiste Siegel), sa th\u00e8se \u00ab Bernard Evein d\u00e9corateur-peintre : vers une Modernit\u00e9 esth\u00e9tique du d\u00e9cor de cin\u00e9ma en France (1950-1980) \u00bb sous la direction de Val\u00e9rie Vignaux et Benoit Turquety, porte sur la place de la technique du d\u00e9cor de cin\u00e9ma con\u00e7u et pens\u00e9 par Bernard Evein, dans l&rsquo;av\u00e8nement d&rsquo;un cin\u00e9ma moderne en France.<br>Elle est r\u00e9cemment intervenue lors de la journ\u00e9e d\u2019\u00e9tude \u00ab Critique des sources, la critique comme source \u00bb, dirig\u00e9e par Florine Lemarchand, Lo\u00efck Dutot, Abdallah Azzouz et Val\u00e9rie Vignaux. Sa pr\u00e9sentation portait sur le d\u00e9s\u0153uvrement des d\u00e9corateurs lors de la fin de l\u2019h\u00e9g\u00e9monie des studios en France. Elle codirige avec Pierre Causse et Val\u00e9rie Vignaux, le prochain num\u00e9ro Double Jeu, \u00ab Concevoir le d\u00e9cor de cin\u00e9ma et de th\u00e9\u00e2tre \u00bb dans lequel para\u00eetra en d\u00e9cembre 2021, son article \u00ab L\u2019enseignement du m\u00e9tier de d\u00e9corateur de cin\u00e9ma \u00e0 l\u2019IDHEC en France (1943-1966) \u00bb.<\/span><\/p>\n\n\n\n<p><span class=\"has-inline-color has-black-color\">.<\/span><\/p>\n\n\n\n<p><span class=\"has-inline-color has-black-color\">.<\/span><\/p>\n","protected":false},"excerpt":{"rendered":"<p>Intervention mardi 16 nov. 2021 \u00e0 10h15 \u00ab\u00a0Les d\u00e9cors dits naturels de Bernard Evein\u00c9tude du processus technique et cr\u00e9atif d\u2019un d\u00e9corateur de cin\u00e9ma (1950-1960).\u00a0\u00bb . L\u00e9a Chevalier est doctorante allocataire \u00e0 l\u2019universit\u00e9 Caen-Normandie, membre du laboratoire LASLAR \u2013 EA4256 (Lettres, Arts du Spectacle et Langues Romanes), et \u00e0 Lausanne UNIL.Chercheuse invit\u00e9e puis associ\u00e9e \u00e0 la Cin\u00e9math\u00e8que fran\u00e7aise (Bourse Jean-Baptiste Siegel), sa th\u00e8se \u00ab Bernard Evein d\u00e9corateur-peintre : vers une Modernit\u00e9 esth\u00e9tique du d\u00e9cor de cin\u00e9ma en France (1950-1980) \u00bb sous la direction de Val\u00e9rie Vignaux et Benoit Turquety, porte sur la place de la technique du d\u00e9cor de cin\u00e9ma con\u00e7u et pens\u00e9 par Bernard Evein, dans l&rsquo;av\u00e8nement d&rsquo;un cin\u00e9ma moderne en France.Elle est r\u00e9cemment intervenue lors de la journ\u00e9e d\u2019\u00e9tude \u00ab Critique des sources, la critique comme source \u00bb, dirig\u00e9e par Florine Lemarchand, Lo\u00efck Dutot, Abdallah Azzouz et Val\u00e9rie Vignaux. Sa pr\u00e9sentation portait sur le d\u00e9s\u0153uvrement des d\u00e9corateurs lors de&hellip;<\/p>\n<p> <a class=\"more-link\" href=\"https:\/\/blogs.univ-tlse2.fr\/espaces-audiovisuels\/lea-chevalier\/\">Lire la suite<\/a><\/p>\n","protected":false},"author":963,"featured_media":303,"parent":0,"menu_order":0,"comment_status":"closed","ping_status":"closed","template":"","meta":{"footnotes":""},"class_list":["post-700","page","type-page","status-publish","has-post-thumbnail"],"_links":{"self":[{"href":"https:\/\/blogs.univ-tlse2.fr\/espaces-audiovisuels\/wp-json\/wp\/v2\/pages\/700","targetHints":{"allow":["GET"]}}],"collection":[{"href":"https:\/\/blogs.univ-tlse2.fr\/espaces-audiovisuels\/wp-json\/wp\/v2\/pages"}],"about":[{"href":"https:\/\/blogs.univ-tlse2.fr\/espaces-audiovisuels\/wp-json\/wp\/v2\/types\/page"}],"author":[{"embeddable":true,"href":"https:\/\/blogs.univ-tlse2.fr\/espaces-audiovisuels\/wp-json\/wp\/v2\/users\/963"}],"replies":[{"embeddable":true,"href":"https:\/\/blogs.univ-tlse2.fr\/espaces-audiovisuels\/wp-json\/wp\/v2\/comments?post=700"}],"version-history":[{"count":2,"href":"https:\/\/blogs.univ-tlse2.fr\/espaces-audiovisuels\/wp-json\/wp\/v2\/pages\/700\/revisions"}],"predecessor-version":[{"id":702,"href":"https:\/\/blogs.univ-tlse2.fr\/espaces-audiovisuels\/wp-json\/wp\/v2\/pages\/700\/revisions\/702"}],"wp:featuredmedia":[{"embeddable":true,"href":"https:\/\/blogs.univ-tlse2.fr\/espaces-audiovisuels\/wp-json\/wp\/v2\/media\/303"}],"wp:attachment":[{"href":"https:\/\/blogs.univ-tlse2.fr\/espaces-audiovisuels\/wp-json\/wp\/v2\/media?parent=700"}],"curies":[{"name":"wp","href":"https:\/\/api.w.org\/{rel}","templated":true}]}}