 {"id":706,"date":"2021-10-28T20:05:19","date_gmt":"2021-10-28T18:05:19","guid":{"rendered":"https:\/\/blogs.univ-tlse2.fr\/espaces-audiovisuels\/?page_id=706"},"modified":"2021-10-29T09:48:45","modified_gmt":"2021-10-29T07:48:45","slug":"anastasia-rostan","status":"publish","type":"page","link":"https:\/\/blogs.univ-tlse2.fr\/espaces-audiovisuels\/anastasia-rostan\/","title":{"rendered":"Anastasia ROSTAN"},"content":{"rendered":"\n<p class=\"has-text-align-center\"><span style=\"color:#3ace6b\" class=\"has-inline-color\"><em>Intervention mardi 16 nov. 2021 \u00e0 12h00 <\/em><\/span><br><strong><span style=\"color:#3ace6b\" class=\"has-inline-color\">\u00ab\u00a0Google Earth, \u00ab from space to cyberspace \u00bb :<\/span><\/strong><br><strong><span style=\"color:#3ace6b\" class=\"has-inline-color\">de nouveaux imaginaires g\u00e9ographiques du cyberespace et de la m\u00e9moire chez Mar\u00eda Molina Peir\u00f3 et Jon Rafman.\u00a0\u00bb<\/span><\/strong><\/p>\n\n\n\n<p><span class=\"has-inline-color has-black-color\">.<\/span><\/p>\n\n\n\n<p><span class=\"has-inline-color has-white-color\">Agr\u00e9g\u00e9e de Lettres modernes,<\/span> <strong><span style=\"color:#7891e2\" class=\"has-inline-color\">Anastasia Rostan<\/span><\/strong> <span class=\"has-inline-color has-white-color\">est doctorante en Cin\u00e9ma, \u00c9tudes visuelles (laboratoire CERILAC) sous la direction d\u2019Emmanuelle Andr\u00e9, et charg\u00e9e de cours \u00e0 l&rsquo;Universit\u00e9 de Paris (UFR Lettres Arts cin\u00e9ma). Son sujet de th\u00e8se porte sur l&rsquo;exploration spatiale et les repr\u00e9sentations de l\u2019Espace dans le cin\u00e9ma et les productions audiovisuelles contemporaines, et en particulier les images et imaginaires du pass\u00e9 (archives, photographies, fant\u00f4mes, etc.), dans ce cin\u00e9ma que l&rsquo;on avait souvent associ\u00e9 plus volontiers \u00e0 un imaginaire futuriste.<\/span><\/p>\n\n\n\n<p><span class=\"has-inline-color has-black-color\">.<\/span><\/p>\n\n\n\n<p><strong><span style=\"color:#7891e2\" class=\"has-inline-color\">Communications &amp; publications<\/span><\/strong><br><span style=\"color:#b8baba\" class=\"has-inline-color\">Participation au panel de la table ronde \u00ab <em>Proxima. Truthfulness of scientific statements<br>made in fiction films<\/em> \u00bb, Broadway Cin\u00e9math\u00e8que, Yau Ma Tei (Hong-Kong), dans le cadre de Novembre num\u00e9rique,<br>organis\u00e9 par le consulat de France \u00e0 Hong-Kong et Macao, 14 novembre 2020.<\/span><\/p>\n\n\n\n<p><span style=\"color:#b8baba\" class=\"has-inline-color\">Communication vid\u00e9o \u00ab L&rsquo;apesanteur au cin\u00e9ma, avec ou sans gravit\u00e9 \u00bb, pour la journ\u00e9e d\u2019\u00e9tude \u00ab<\/span> <span style=\"color:#b8baba\" class=\"has-inline-color\">Arts et apesanteur. Autour de Kitsou Dubois \u00bb, Semaine des Arts &amp; M\u00e9dias de l\u2019Universit\u00e9 Paris 3 Sorbonne-<br>Nouvelle, 8 mars 2021<\/span>.<\/p>\n\n\n\n<p><span style=\"color:#b8baba\" class=\"has-inline-color\">\u00ab Une po\u00e9tique de l\u2019attention. Le cin\u00e9ma documentaire de Dominique Cabrera \u00bb, D\u00e9bordements, [En ligne], mis en ligne sur le site le 5 mai 2021, et inclus dans le n\u00b02, juin 2021, p. 66-73. URL : https:\/\/debordements.fr\/Une-<br>poetique-de-l-attention<\/span><\/p>\n\n\n\n<p><span class=\"has-inline-color has-black-color\">.<\/span><\/p>\n\n\n\n<p><span class=\"has-inline-color has-black-color\">.<\/span><\/p>\n","protected":false},"excerpt":{"rendered":"<p>Intervention mardi 16 nov. 2021 \u00e0 12h00 \u00ab\u00a0Google Earth, \u00ab from space to cyberspace \u00bb :de nouveaux imaginaires g\u00e9ographiques du cyberespace et de la m\u00e9moire chez Mar\u00eda Molina Peir\u00f3 et Jon Rafman.\u00a0\u00bb . Agr\u00e9g\u00e9e de Lettres modernes, Anastasia Rostan est doctorante en Cin\u00e9ma, \u00c9tudes visuelles (laboratoire CERILAC) sous la direction d\u2019Emmanuelle Andr\u00e9, et charg\u00e9e de cours \u00e0 l&rsquo;Universit\u00e9 de Paris (UFR Lettres Arts cin\u00e9ma). Son sujet de th\u00e8se porte sur l&rsquo;exploration spatiale et les repr\u00e9sentations de l\u2019Espace dans le cin\u00e9ma et les productions audiovisuelles contemporaines, et en particulier les images et imaginaires du pass\u00e9 (archives, photographies, fant\u00f4mes, etc.), dans ce cin\u00e9ma que l&rsquo;on avait souvent associ\u00e9 plus volontiers \u00e0 un imaginaire futuriste. . Communications &amp; publicationsParticipation au panel de la table ronde \u00ab Proxima. Truthfulness of scientific statementsmade in fiction films \u00bb, Broadway Cin\u00e9math\u00e8que, Yau Ma Tei (Hong-Kong), dans le cadre de Novembre num\u00e9rique,organis\u00e9 par le consulat de France \u00e0&hellip;<\/p>\n<p> <a class=\"more-link\" href=\"https:\/\/blogs.univ-tlse2.fr\/espaces-audiovisuels\/anastasia-rostan\/\">Lire la suite<\/a><\/p>\n","protected":false},"author":963,"featured_media":303,"parent":0,"menu_order":0,"comment_status":"closed","ping_status":"closed","template":"","meta":{"footnotes":""},"class_list":["post-706","page","type-page","status-publish","has-post-thumbnail"],"_links":{"self":[{"href":"https:\/\/blogs.univ-tlse2.fr\/espaces-audiovisuels\/wp-json\/wp\/v2\/pages\/706","targetHints":{"allow":["GET"]}}],"collection":[{"href":"https:\/\/blogs.univ-tlse2.fr\/espaces-audiovisuels\/wp-json\/wp\/v2\/pages"}],"about":[{"href":"https:\/\/blogs.univ-tlse2.fr\/espaces-audiovisuels\/wp-json\/wp\/v2\/types\/page"}],"author":[{"embeddable":true,"href":"https:\/\/blogs.univ-tlse2.fr\/espaces-audiovisuels\/wp-json\/wp\/v2\/users\/963"}],"replies":[{"embeddable":true,"href":"https:\/\/blogs.univ-tlse2.fr\/espaces-audiovisuels\/wp-json\/wp\/v2\/comments?post=706"}],"version-history":[{"count":4,"href":"https:\/\/blogs.univ-tlse2.fr\/espaces-audiovisuels\/wp-json\/wp\/v2\/pages\/706\/revisions"}],"predecessor-version":[{"id":739,"href":"https:\/\/blogs.univ-tlse2.fr\/espaces-audiovisuels\/wp-json\/wp\/v2\/pages\/706\/revisions\/739"}],"wp:featuredmedia":[{"embeddable":true,"href":"https:\/\/blogs.univ-tlse2.fr\/espaces-audiovisuels\/wp-json\/wp\/v2\/media\/303"}],"wp:attachment":[{"href":"https:\/\/blogs.univ-tlse2.fr\/espaces-audiovisuels\/wp-json\/wp\/v2\/media?parent=706"}],"curies":[{"name":"wp","href":"https:\/\/api.w.org\/{rel}","templated":true}]}}