 {"id":715,"date":"2021-10-28T20:16:53","date_gmt":"2021-10-28T18:16:53","guid":{"rendered":"https:\/\/blogs.univ-tlse2.fr\/espaces-audiovisuels\/?page_id=715"},"modified":"2021-10-29T09:50:06","modified_gmt":"2021-10-29T07:50:06","slug":"olga-tsvietkova","status":"publish","type":"page","link":"https:\/\/blogs.univ-tlse2.fr\/espaces-audiovisuels\/olga-tsvietkova\/","title":{"rendered":"Olga TSVIETKOVA"},"content":{"rendered":"\n<p class=\"has-text-align-center\"><span style=\"color:#3ace6b\" class=\"has-inline-color\"><em>Intervention mardi 16 nov. 2021 \u00e0 9h45 <\/em><\/span><br><strong><span style=\"color:#3ace6b\" class=\"has-inline-color\">\u00ab\u00a0La mise en espace par le cadrage comme transgression de l\u2019optique humaine.\u00a0\u00bb<\/span><\/strong><\/p>\n\n\n\n<p><span class=\"has-inline-color has-black-color\">.<\/span><\/p>\n\n\n\n<p><strong><span style=\"color:#7891e2\" class=\"has-inline-color\">Olga TSVIETKOVA<\/span><\/strong> <span class=\"has-inline-color has-white-color\">est chercheuse en photographie. Elle travaille actuellement au sein du Laboratoire AIAC (Arts des images et art contemporain) \u00e0 l\u2019Universit\u00e9 Paris 8 sur la th\u00e9orie de l\u2019appareil.<br>Son sujet de th\u00e8se, <em>\u00ab La pr\u00e9sence invisible de l\u2019appareil photographique \u00e0 travers l\u2019image \u00bb<\/em>, concilie th\u00e9orie et exp\u00e9rimentation plastique personnelle. En s\u2019appuyant sur la philosophie et l\u2019esth\u00e9tique de la photographie, elle d\u00e9veloppe, sur le plan artistique, l\u2019univers des traces et signatures visuelles de l\u2019appareil telles que les images rat\u00e9es, les formes diff\u00e9rentes de cadrage, le flou, les zones invisibles, la pixellisation, etc.<\/span><br><span class=\"has-inline-color has-white-color\">Elle a d\u00e9j\u00e0 particip\u00e9 \u00e0 des publications, des workshops et des colloques (workshop \u00ab C\u2019est quelque part par l\u00e0 \u00bb, Le Syndicat Potentiel, Strasbourg, 2016 ; publication \u00ab La suture visuelle chez K\u0153st \u00bb dans \u00ab Temps &amp; Photographie. \u00c0 partir de Bernard K\u0153st \u00bb, l\u2019Harmattan, 2019 ; participation au 25\u00e8me colloque RETiiNA franco-br\u00e9silien d\u2019Esth\u00e9tique \u00ab La pluralit\u00e9 des interpr\u00e9tations en art \u00bb, Paris, 2019).<br>Elle est \u00e9galement auteur du livre (\u00e0 para\u00eetre) \u00ab L\u2019\u0153il inhabit\u00e9 \u00bb, Paris, l\u2019Harmattan, 2021.<\/span><\/p>\n\n\n\n<p><span class=\"has-inline-color has-black-color\">.<\/span><\/p>\n\n\n\n<p><span class=\"has-inline-color has-black-color\">.<\/span><\/p>\n","protected":false},"excerpt":{"rendered":"<p>Intervention mardi 16 nov. 2021 \u00e0 9h45 \u00ab\u00a0La mise en espace par le cadrage comme transgression de l\u2019optique humaine.\u00a0\u00bb . Olga TSVIETKOVA est chercheuse en photographie. Elle travaille actuellement au sein du Laboratoire AIAC (Arts des images et art contemporain) \u00e0 l\u2019Universit\u00e9 Paris 8 sur la th\u00e9orie de l\u2019appareil.Son sujet de th\u00e8se, \u00ab La pr\u00e9sence invisible de l\u2019appareil photographique \u00e0 travers l\u2019image \u00bb, concilie th\u00e9orie et exp\u00e9rimentation plastique personnelle. En s\u2019appuyant sur la philosophie et l\u2019esth\u00e9tique de la photographie, elle d\u00e9veloppe, sur le plan artistique, l\u2019univers des traces et signatures visuelles de l\u2019appareil telles que les images rat\u00e9es, les formes diff\u00e9rentes de cadrage, le flou, les zones invisibles, la pixellisation, etc.Elle a d\u00e9j\u00e0 particip\u00e9 \u00e0 des publications, des workshops et des colloques (workshop \u00ab C\u2019est quelque part par l\u00e0 \u00bb, Le Syndicat Potentiel, Strasbourg, 2016 ; publication \u00ab La suture visuelle chez K\u0153st \u00bb dans \u00ab Temps &amp; Photographie. \u00c0&hellip;<\/p>\n<p> <a class=\"more-link\" href=\"https:\/\/blogs.univ-tlse2.fr\/espaces-audiovisuels\/olga-tsvietkova\/\">Lire la suite<\/a><\/p>\n","protected":false},"author":963,"featured_media":303,"parent":0,"menu_order":0,"comment_status":"closed","ping_status":"closed","template":"","meta":{"footnotes":""},"class_list":["post-715","page","type-page","status-publish","has-post-thumbnail"],"_links":{"self":[{"href":"https:\/\/blogs.univ-tlse2.fr\/espaces-audiovisuels\/wp-json\/wp\/v2\/pages\/715","targetHints":{"allow":["GET"]}}],"collection":[{"href":"https:\/\/blogs.univ-tlse2.fr\/espaces-audiovisuels\/wp-json\/wp\/v2\/pages"}],"about":[{"href":"https:\/\/blogs.univ-tlse2.fr\/espaces-audiovisuels\/wp-json\/wp\/v2\/types\/page"}],"author":[{"embeddable":true,"href":"https:\/\/blogs.univ-tlse2.fr\/espaces-audiovisuels\/wp-json\/wp\/v2\/users\/963"}],"replies":[{"embeddable":true,"href":"https:\/\/blogs.univ-tlse2.fr\/espaces-audiovisuels\/wp-json\/wp\/v2\/comments?post=715"}],"version-history":[{"count":3,"href":"https:\/\/blogs.univ-tlse2.fr\/espaces-audiovisuels\/wp-json\/wp\/v2\/pages\/715\/revisions"}],"predecessor-version":[{"id":740,"href":"https:\/\/blogs.univ-tlse2.fr\/espaces-audiovisuels\/wp-json\/wp\/v2\/pages\/715\/revisions\/740"}],"wp:featuredmedia":[{"embeddable":true,"href":"https:\/\/blogs.univ-tlse2.fr\/espaces-audiovisuels\/wp-json\/wp\/v2\/media\/303"}],"wp:attachment":[{"href":"https:\/\/blogs.univ-tlse2.fr\/espaces-audiovisuels\/wp-json\/wp\/v2\/media?parent=715"}],"curies":[{"name":"wp","href":"https:\/\/api.w.org\/{rel}","templated":true}]}}