 {"id":718,"date":"2021-10-28T20:22:31","date_gmt":"2021-10-28T18:22:31","guid":{"rendered":"https:\/\/blogs.univ-tlse2.fr\/espaces-audiovisuels\/?page_id=718"},"modified":"2021-10-29T09:51:29","modified_gmt":"2021-10-29T07:51:29","slug":"charlotte-van-der-elst","status":"publish","type":"page","link":"https:\/\/blogs.univ-tlse2.fr\/espaces-audiovisuels\/charlotte-van-der-elst\/","title":{"rendered":"Charlotte VAN DER ELST"},"content":{"rendered":"\n<p class=\"has-text-align-center\"><span style=\"color:#3ace6b\" class=\"has-inline-color\"><em>Intervention mardi 16 nov. 2021 \u00e0 14h45 <\/em><\/span><br><strong><span style=\"color:#3ace6b\" class=\"has-inline-color\">\u00ab\u00a0Perception de la sym\u00e9trie\/dissym\u00e9trie dans l\u2019espace : entre malaise et satisfaction.\u00a0\u00bb<\/span><\/strong><\/p>\n\n\n\n<p><span class=\"has-inline-color has-black-color\">.<\/span><\/p>\n\n\n\n<p><strong><span style=\"color:#7891e2\" class=\"has-inline-color\">Charlotte Van der Elst<\/span><\/strong>, <span class=\"has-inline-color has-white-color\">doctorante en cotutelle en \u00c9tudes cin\u00e9matographiques \u00e0 l\u2019Universit\u00e9 de Montr\u00e9al depuis 2020 sous la direction de Marion Froger et en Arts du spectacle \u2013 technique de diffusion et de communication \u00e0 l\u2019Universit\u00e9 libre de Bruxelles depuis 2019 sous la direction de Dominique Nasta.<br>Elle est membre du Centre de recherche en cin\u00e9ma et arts du spectacle de l\u2019ULB. Son m\u00e9moire de ma\u00eetrise r\u00e9alis\u00e9 en 2018 portait sur une analyse esth\u00e9tique des mondes possibles(espaces et personnages) cr\u00e9\u00e9s par la dimension sonore dans les films de Baz Luhrmann. L\u2019analyse portait \u00e0 d\u00e9cortiquer les m\u00e9canismes sonores permettant de cr\u00e9er des espaces mentaux, fictifs, mis en relation avec des espaces r\u00e9els dans la di\u00e9g\u00e8se. Sa th\u00e8se s\u2019intitule <em>La dissym\u00e9trie audiovisuelle. Pour une red\u00e9finition des param\u00e8tres narratifs, esth\u00e9tiques et affectifs dans le cin\u00e9ma du XXIe si\u00e8cle<\/em>. Celle-ci tente de conceptualiser ce qu\u2019est la dissym\u00e9trie au cin\u00e9ma en relation avec la sym\u00e9trie. D\u2019une part, quelles sont ses diff\u00e9rentes manifestations audiovisuelles et de l\u2019autre,ses effets sur le spectateur.<br>Son \u00e9tude s\u2019inscrit dans le domaine de l\u2019esth\u00e9tique filmique et les th\u00e9ories sur l\u2019affect. Les questionnements sur la corporalit\u00e9, la cognition incarn\u00e9e, les \u00e9motions, ainsi que l\u2019usage du son et des musiques pour cr\u00e9er des espaces mentaux nourrissent sa r\u00e9flexion scientifique.<\/span><\/p>\n\n\n\n<p><span class=\"has-inline-color has-white-color\">R\u00e9cemment, elle a soumis un article intitul\u00e9 \u00ab Pour une lecture incarn\u00e9e du geste pianistique dans <em>La Vie invisible d&rsquo;Eur\u00eddice Gusm\u00e3o<\/em> (K. A\u00efnouz, 2019) \u00bb \u00e0 la 15e Revue de <em>Savoirs en Prisme<\/em>. Elle a \u00e9galement particip\u00e9 \u00e0 l\u2019atelier de l\u2019APFUCC \u00ab chanson : approches litt\u00e9raires \u00bb au mois de juin 2021 (initialement inscrit dans le Congr\u00e8s des Sciences Humaines d\u2019Edmonton) avec une communication intitul\u00e9e \u00ab Des Passantes romantiques d\u2019Antoine Pol aux Passantes f\u00e9ministes de Charlotte Abramow : quelles strat\u00e9gies d\u2019incarnation ? \u00bb et devrait faire l\u2019objet<br>d\u2019une publication prochainement.<\/span><\/p>\n\n\n\n<p><span class=\"has-inline-color has-black-color\">.<\/span><\/p>\n\n\n\n<p><span class=\"has-inline-color has-black-color\">.<\/span><\/p>\n","protected":false},"excerpt":{"rendered":"<p>Intervention mardi 16 nov. 2021 \u00e0 14h45 \u00ab\u00a0Perception de la sym\u00e9trie\/dissym\u00e9trie dans l\u2019espace : entre malaise et satisfaction.\u00a0\u00bb . Charlotte Van der Elst, doctorante en cotutelle en \u00c9tudes cin\u00e9matographiques \u00e0 l\u2019Universit\u00e9 de Montr\u00e9al depuis 2020 sous la direction de Marion Froger et en Arts du spectacle \u2013 technique de diffusion et de communication \u00e0 l\u2019Universit\u00e9 libre de Bruxelles depuis 2019 sous la direction de Dominique Nasta.Elle est membre du Centre de recherche en cin\u00e9ma et arts du spectacle de l\u2019ULB. Son m\u00e9moire de ma\u00eetrise r\u00e9alis\u00e9 en 2018 portait sur une analyse esth\u00e9tique des mondes possibles(espaces et personnages) cr\u00e9\u00e9s par la dimension sonore dans les films de Baz Luhrmann. L\u2019analyse portait \u00e0 d\u00e9cortiquer les m\u00e9canismes sonores permettant de cr\u00e9er des espaces mentaux, fictifs, mis en relation avec des espaces r\u00e9els dans la di\u00e9g\u00e8se. Sa th\u00e8se s\u2019intitule La dissym\u00e9trie audiovisuelle. Pour une red\u00e9finition des param\u00e8tres narratifs, esth\u00e9tiques et affectifs dans le cin\u00e9ma&hellip;<\/p>\n<p> <a class=\"more-link\" href=\"https:\/\/blogs.univ-tlse2.fr\/espaces-audiovisuels\/charlotte-van-der-elst\/\">Lire la suite<\/a><\/p>\n","protected":false},"author":963,"featured_media":303,"parent":0,"menu_order":0,"comment_status":"closed","ping_status":"closed","template":"","meta":{"footnotes":""},"class_list":["post-718","page","type-page","status-publish","has-post-thumbnail"],"_links":{"self":[{"href":"https:\/\/blogs.univ-tlse2.fr\/espaces-audiovisuels\/wp-json\/wp\/v2\/pages\/718","targetHints":{"allow":["GET"]}}],"collection":[{"href":"https:\/\/blogs.univ-tlse2.fr\/espaces-audiovisuels\/wp-json\/wp\/v2\/pages"}],"about":[{"href":"https:\/\/blogs.univ-tlse2.fr\/espaces-audiovisuels\/wp-json\/wp\/v2\/types\/page"}],"author":[{"embeddable":true,"href":"https:\/\/blogs.univ-tlse2.fr\/espaces-audiovisuels\/wp-json\/wp\/v2\/users\/963"}],"replies":[{"embeddable":true,"href":"https:\/\/blogs.univ-tlse2.fr\/espaces-audiovisuels\/wp-json\/wp\/v2\/comments?post=718"}],"version-history":[{"count":3,"href":"https:\/\/blogs.univ-tlse2.fr\/espaces-audiovisuels\/wp-json\/wp\/v2\/pages\/718\/revisions"}],"predecessor-version":[{"id":742,"href":"https:\/\/blogs.univ-tlse2.fr\/espaces-audiovisuels\/wp-json\/wp\/v2\/pages\/718\/revisions\/742"}],"wp:featuredmedia":[{"embeddable":true,"href":"https:\/\/blogs.univ-tlse2.fr\/espaces-audiovisuels\/wp-json\/wp\/v2\/media\/303"}],"wp:attachment":[{"href":"https:\/\/blogs.univ-tlse2.fr\/espaces-audiovisuels\/wp-json\/wp\/v2\/media?parent=718"}],"curies":[{"name":"wp","href":"https:\/\/api.w.org\/{rel}","templated":true}]}}