 {"id":744,"date":"2021-10-29T09:58:36","date_gmt":"2021-10-29T07:58:36","guid":{"rendered":"https:\/\/blogs.univ-tlse2.fr\/espaces-audiovisuels\/?page_id=744"},"modified":"2021-10-29T09:58:37","modified_gmt":"2021-10-29T07:58:37","slug":"marion-roche","status":"publish","type":"page","link":"https:\/\/blogs.univ-tlse2.fr\/espaces-audiovisuels\/marion-roche\/","title":{"rendered":"Marion ROCHE"},"content":{"rendered":"\n<p class=\"has-text-align-center\"><span style=\"color:#3ace6b\" class=\"has-inline-color\"><em>Intervention mercredi 17 nov. 2021 \u00e0 10h45 <\/em><\/span><br><strong><span style=\"color:#3ace6b\" class=\"has-inline-color\">\u00ab\u00a0\u00c0 propos de Point de fuite ? <\/span><\/strong><br><strong><span style=\"color:#3ace6b\" class=\"has-inline-color\">Installation de r\u00e9alit\u00e9 virtuelle et exploration des r\u00e9flexions qu\u2019elle soul\u00e8ve pour une nouvelle ph\u00e9nom\u00e9nologie de la perception.\u00a0\u00bb<\/span><\/strong><\/p>\n\n\n\n<p><span class=\"has-inline-color has-black-color\">.<\/span><\/p>\n\n\n\n<p><strong><span style=\"color:#7891e2\" class=\"has-inline-color\">Marion Roche<\/span><\/strong> <span class=\"has-inline-color has-white-color\">est une artiste-chercheuse, elle vit et travaille \u00e0 Lyon.<br>Directrice artistique du studio LTBL \u00e0 Lyon, elle est \u00e9galement enseignante en esth\u00e9tique, histoire de l\u2019art et th\u00e9orie des m\u00e9dias et poursuit un doctorat en philosophie &#8211; esth\u00e9tique \u00e0 l\u2019Universit\u00e9 Jean Moulin Lyon 3 sous la direction de Mauro Carbone, membre du groupe de recherche \u00ab Vivre par(mi) les \u00e9crans \u00bb et en co-direction avec l\u2019\u00c9cole Nationale Sup\u00e9rieure des Beaux-Arts de Lyon et le laboratoire ACTH (Art Contemporain et Temps de l\u2019Histoire).<br>Ses recherches en philosophie et sa pratique plastique sont \u00e9troitement li\u00e9es, et se d\u00e9veloppent autour de la notion de processus. Entre esth\u00e9tique, philosophie de l\u2019esprit et de la technique, Marion Roche s\u2019int\u00e9resse aux nouvelles technologies, aux changements perceptifs et affectifs qu\u2019elles entrainent, red\u00e9finissant notre corps et mettant ainsi \u00e0 jour une nouvelle ontologie.<br>Laur\u00e9ate du prix Maif pour la sculpture 2021, elle a expos\u00e9, entre autres, dans le cadre de la biennale d\u2019art contemporain de Lyon, au mus\u00e9e arch\u00e9ologique de Castellina in Chianti, et a particip\u00e9 \u00e0 de nombreuses expositions dans diff\u00e9rents lieux culturels et galeries en Europe.<\/span><\/p>\n\n\n\n<p><span class=\"has-inline-color has-black-color\">.<\/span><\/p>\n\n\n\n<p><strong><span style=\"color:#7891e2\" class=\"has-inline-color\">Publications \/ traductions<\/span><\/strong><br><span style=\"color:#b8baba\" class=\"has-inline-color\">Publication et traduction de l\u2019ouvrage \u00ab<em> Il luogo del futuro. La camera mancante del nuovo tumulo di Montecalvario \/ The Place of Future. The Missing Chamber of the New Tumulus in Montecalvario <\/em>\u00bb, B. R\u00fcdiger (dir.), Siena, Betti Editore, 2019. (ISBN 978-88-7576-634-4)<\/span><\/p>\n\n\n\n<p><span style=\"color:#b8baba\" class=\"has-inline-color\">Publication en cours de la communication pour le colloque international \u00ab <em>Mondes spatialis\u00e9s<\/em> \u00bb composition et spatialisation sonore et musicale dans les environnements en R\u00e9alit\u00e9 Virtuelle, Augment\u00e9e et Mixte, organis\u00e9e par le laboratoire CIEREC, Saint-\u00c9tienne.<\/span><\/p>\n\n\n\n<p><span class=\"has-inline-color has-black-color\">.<\/span><\/p>\n\n\n\n<p><span class=\"has-inline-color has-black-color\">.<\/span><\/p>\n","protected":false},"excerpt":{"rendered":"<p>Intervention mercredi 17 nov. 2021 \u00e0 10h45 \u00ab\u00a0\u00c0 propos de Point de fuite ? Installation de r\u00e9alit\u00e9 virtuelle et exploration des r\u00e9flexions qu\u2019elle soul\u00e8ve pour une nouvelle ph\u00e9nom\u00e9nologie de la perception.\u00a0\u00bb . Marion Roche est une artiste-chercheuse, elle vit et travaille \u00e0 Lyon.Directrice artistique du studio LTBL \u00e0 Lyon, elle est \u00e9galement enseignante en esth\u00e9tique, histoire de l\u2019art et th\u00e9orie des m\u00e9dias et poursuit un doctorat en philosophie &#8211; esth\u00e9tique \u00e0 l\u2019Universit\u00e9 Jean Moulin Lyon 3 sous la direction de Mauro Carbone, membre du groupe de recherche \u00ab Vivre par(mi) les \u00e9crans \u00bb et en co-direction avec l\u2019\u00c9cole Nationale Sup\u00e9rieure des Beaux-Arts de Lyon et le laboratoire ACTH (Art Contemporain et Temps de l\u2019Histoire).Ses recherches en philosophie et sa pratique plastique sont \u00e9troitement li\u00e9es, et se d\u00e9veloppent autour de la notion de processus. Entre esth\u00e9tique, philosophie de l\u2019esprit et de la technique, Marion Roche s\u2019int\u00e9resse aux nouvelles technologies, aux changements&hellip;<\/p>\n<p> <a class=\"more-link\" href=\"https:\/\/blogs.univ-tlse2.fr\/espaces-audiovisuels\/marion-roche\/\">Lire la suite<\/a><\/p>\n","protected":false},"author":963,"featured_media":303,"parent":0,"menu_order":0,"comment_status":"closed","ping_status":"closed","template":"","meta":{"footnotes":""},"class_list":["post-744","page","type-page","status-publish","has-post-thumbnail"],"_links":{"self":[{"href":"https:\/\/blogs.univ-tlse2.fr\/espaces-audiovisuels\/wp-json\/wp\/v2\/pages\/744","targetHints":{"allow":["GET"]}}],"collection":[{"href":"https:\/\/blogs.univ-tlse2.fr\/espaces-audiovisuels\/wp-json\/wp\/v2\/pages"}],"about":[{"href":"https:\/\/blogs.univ-tlse2.fr\/espaces-audiovisuels\/wp-json\/wp\/v2\/types\/page"}],"author":[{"embeddable":true,"href":"https:\/\/blogs.univ-tlse2.fr\/espaces-audiovisuels\/wp-json\/wp\/v2\/users\/963"}],"replies":[{"embeddable":true,"href":"https:\/\/blogs.univ-tlse2.fr\/espaces-audiovisuels\/wp-json\/wp\/v2\/comments?post=744"}],"version-history":[{"count":2,"href":"https:\/\/blogs.univ-tlse2.fr\/espaces-audiovisuels\/wp-json\/wp\/v2\/pages\/744\/revisions"}],"predecessor-version":[{"id":746,"href":"https:\/\/blogs.univ-tlse2.fr\/espaces-audiovisuels\/wp-json\/wp\/v2\/pages\/744\/revisions\/746"}],"wp:featuredmedia":[{"embeddable":true,"href":"https:\/\/blogs.univ-tlse2.fr\/espaces-audiovisuels\/wp-json\/wp\/v2\/media\/303"}],"wp:attachment":[{"href":"https:\/\/blogs.univ-tlse2.fr\/espaces-audiovisuels\/wp-json\/wp\/v2\/media?parent=744"}],"curies":[{"name":"wp","href":"https:\/\/api.w.org\/{rel}","templated":true}]}}