 {"id":748,"date":"2021-10-29T10:05:34","date_gmt":"2021-10-29T08:05:34","guid":{"rendered":"https:\/\/blogs.univ-tlse2.fr\/espaces-audiovisuels\/?page_id=748"},"modified":"2021-10-29T10:05:35","modified_gmt":"2021-10-29T08:05:35","slug":"eve-tayac","status":"publish","type":"page","link":"https:\/\/blogs.univ-tlse2.fr\/espaces-audiovisuels\/eve-tayac\/","title":{"rendered":"Eve TAYAC"},"content":{"rendered":"\n<p class=\"has-text-align-center\"><span style=\"color:#3ace6b\" class=\"has-inline-color\"><em>Intervention mercredi 17 nov. 2021 \u00e0 9h45 <\/em><\/span><br><strong><span style=\"color:#3ace6b\" class=\"has-inline-color\">\u00ab\u00a0Le cirque suspendu, une machine \u00e0 inventer les espaces turbulents du film d\u2019animation.\u00a0\u00bb<\/span><\/strong><\/p>\n\n\n\n<p><span class=\"has-inline-color has-black-color\">.<\/span><\/p>\n\n\n\n<p><strong><span style=\"color:#7891e2\" class=\"has-inline-color\">\u00c8ve Tayac<\/span><\/strong> <span class=\"has-inline-color has-white-color\">est dipl\u00f4m\u00e9e de l&rsquo;EnsAD en 2017, son film de fin d&rsquo;\u00e9tudes Juste avant la fonte est pr\u00e9sent\u00e9 lors de festivals notamment au Festival international du film d\u2019animation d\u2019Annecy en 2018. Elle est r\u00e9alisatrice plasticienne et d\u00e9veloppe un travail de cr\u00e9ation-recherche dans sa th\u00e8se de doctorat au LARA-SEPPIA (Laboratoire de Recherche en Audiovisuel \u2013 Savoirs, Praxis et Po\u00ef\u00e9tique en Arts rattach\u00e9 \u00e0 l&rsquo;Universit\u00e9 Toulouse \u2013 Jean Jaur\u00e8s). Cette th\u00e8se, intitul\u00e9e Inventions m\u00e9t\u00e9orologiques du film d\u2019animation, une esth\u00e9tique du coloris, s&rsquo;inscrit dans le prolongement de la r\u00e9alisation de Juste avant la fonte et se nourrit de l&rsquo;\u00e9criture de son prochain court m\u00e9trage \u00c9toile-toi.<br>Elle enseigne \u00e0 l\u2019Institut sup\u00e9rieur Couleur Image Design \u00e0 Montauban et au d\u00e9partement Arts Plastiques de l\u2019Universit\u00e9 Toulouse \u2013 Jean Jaur\u00e8s.<\/span><\/p>\n\n\n\n<p><span class=\"has-inline-color has-black-color\">.<\/span><\/p>\n\n\n\n<p><strong><span style=\"color:#7891e2\" class=\"has-inline-color\">Communications et publication<\/span><\/strong><br><span style=\"color:#b8baba\" class=\"has-inline-color\">Communication lors du colloque international <em>La Fabrique de l&rsquo;animation : document(s) avec\/sur<\/em>, organis\u00e9 par l&rsquo;Universit\u00e9 Toulouse &#8211; Jean Jaur\u00e8s \/ LARA-SEPPIA, jeudi 4 avril 2019 \u00c8ve Tayac, Serge Verny, \u00ab Documents de fabrique, pi\u00e8ces de chantier : exp\u00e9rience mat\u00e9riologique et inventions m\u00e9t\u00e9orologiques du film d&rsquo;animation \u00bb<\/span><\/p>\n\n\n\n<p><span style=\"color:#b8baba\" class=\"has-inline-color\">Pr\u00e9sentation d\u2019un poster scienti<em>fique dans le cadre du s\u00e9minaire Recherche-Cr\u00e9ation, Cr\u00e9ation-Recherche : Cartographie des pratiques I<\/em>, organis\u00e9 par l&rsquo;\u00c9cole Doctorale ALLPH@, vendredi 11 d\u00e9cembre 2020 \u00c8ve Tayac, \u00ab Inventions m\u00e9t\u00e9orologiques du film d\u2019animation : po\u00ef\u00e9tiques de la suspension et de la chute \u00bb<\/span><\/p>\n\n\n\n<p><span style=\"color:#b8baba\" class=\"has-inline-color\">Co<em>mmunication dans le cadre du s\u00e9minaire Recherche-Cr\u00e9ation, Cr\u00e9ation-Recherche : Cartographie des pratiques II<\/em>, organis\u00e9 par l&rsquo;\u00c9cole Doctorale ALLPH@, vendredi 21 mai 2021 \u00c8ve Tayac, \u00ab Bo\u00eete cristal : une bo\u00eete \u00e0 inventer la couleur \u00bb<\/span><\/p>\n\n\n\n<p><span style=\"color:#b8baba\" class=\"has-inline-color\">Publication des actes du colloque <em>La fabrique de l&rsquo;animation : documents avec\/sur<\/em> (\u00e0 para\u00eetre aux \u00c9ditions L&rsquo;Harmattan, coll. \u00ab Cin\u00e9mas d\u2019animation \u00bb, automne 2021) \u00c8ve Tayac, \u00ab Documents de fabrique, pi\u00e8ces de chantier : exp\u00e9riences mat\u00e9riologiques et inventions m\u00e9t\u00e9orologiques.\u00a0\u00bb<\/span><\/p>\n\n\n\n<p><span class=\"has-inline-color has-black-color\">.<\/span><\/p>\n\n\n\n<p><span class=\"has-inline-color has-black-color\">.<\/span><\/p>\n","protected":false},"excerpt":{"rendered":"<p>Intervention mercredi 17 nov. 2021 \u00e0 9h45 \u00ab\u00a0Le cirque suspendu, une machine \u00e0 inventer les espaces turbulents du film d\u2019animation.\u00a0\u00bb . \u00c8ve Tayac est dipl\u00f4m\u00e9e de l&rsquo;EnsAD en 2017, son film de fin d&rsquo;\u00e9tudes Juste avant la fonte est pr\u00e9sent\u00e9 lors de festivals notamment au Festival international du film d\u2019animation d\u2019Annecy en 2018. Elle est r\u00e9alisatrice plasticienne et d\u00e9veloppe un travail de cr\u00e9ation-recherche dans sa th\u00e8se de doctorat au LARA-SEPPIA (Laboratoire de Recherche en Audiovisuel \u2013 Savoirs, Praxis et Po\u00ef\u00e9tique en Arts rattach\u00e9 \u00e0 l&rsquo;Universit\u00e9 Toulouse \u2013 Jean Jaur\u00e8s). Cette th\u00e8se, intitul\u00e9e Inventions m\u00e9t\u00e9orologiques du film d\u2019animation, une esth\u00e9tique du coloris, s&rsquo;inscrit dans le prolongement de la r\u00e9alisation de Juste avant la fonte et se nourrit de l&rsquo;\u00e9criture de son prochain court m\u00e9trage \u00c9toile-toi.Elle enseigne \u00e0 l\u2019Institut sup\u00e9rieur Couleur Image Design \u00e0 Montauban et au d\u00e9partement Arts Plastiques de l\u2019Universit\u00e9 Toulouse \u2013 Jean Jaur\u00e8s. . Communications et publicationCommunication lors du&hellip;<\/p>\n<p> <a class=\"more-link\" href=\"https:\/\/blogs.univ-tlse2.fr\/espaces-audiovisuels\/eve-tayac\/\">Lire la suite<\/a><\/p>\n","protected":false},"author":963,"featured_media":303,"parent":0,"menu_order":0,"comment_status":"closed","ping_status":"closed","template":"","meta":{"footnotes":""},"class_list":["post-748","page","type-page","status-publish","has-post-thumbnail"],"_links":{"self":[{"href":"https:\/\/blogs.univ-tlse2.fr\/espaces-audiovisuels\/wp-json\/wp\/v2\/pages\/748","targetHints":{"allow":["GET"]}}],"collection":[{"href":"https:\/\/blogs.univ-tlse2.fr\/espaces-audiovisuels\/wp-json\/wp\/v2\/pages"}],"about":[{"href":"https:\/\/blogs.univ-tlse2.fr\/espaces-audiovisuels\/wp-json\/wp\/v2\/types\/page"}],"author":[{"embeddable":true,"href":"https:\/\/blogs.univ-tlse2.fr\/espaces-audiovisuels\/wp-json\/wp\/v2\/users\/963"}],"replies":[{"embeddable":true,"href":"https:\/\/blogs.univ-tlse2.fr\/espaces-audiovisuels\/wp-json\/wp\/v2\/comments?post=748"}],"version-history":[{"count":2,"href":"https:\/\/blogs.univ-tlse2.fr\/espaces-audiovisuels\/wp-json\/wp\/v2\/pages\/748\/revisions"}],"predecessor-version":[{"id":750,"href":"https:\/\/blogs.univ-tlse2.fr\/espaces-audiovisuels\/wp-json\/wp\/v2\/pages\/748\/revisions\/750"}],"wp:featuredmedia":[{"embeddable":true,"href":"https:\/\/blogs.univ-tlse2.fr\/espaces-audiovisuels\/wp-json\/wp\/v2\/media\/303"}],"wp:attachment":[{"href":"https:\/\/blogs.univ-tlse2.fr\/espaces-audiovisuels\/wp-json\/wp\/v2\/media?parent=748"}],"curies":[{"name":"wp","href":"https:\/\/api.w.org\/{rel}","templated":true}]}}